



{"id":2478,"date":"2026-03-16T09:10:30","date_gmt":"2026-03-16T12:10:30","guid":{"rendered":"https:\/\/educ.rec.br\/educarecife\/?page_id=2478"},"modified":"2026-03-16T10:33:31","modified_gmt":"2026-03-16T13:33:31","slug":"noticias","status":"publish","type":"page","link":"http:\/\/educ.rec.br\/educarecife\/noticias\/","title":{"rendered":"Not\u00edcias"},"content":{"rendered":"\t\t<div data-elementor-type=\"wp-page\" data-elementor-id=\"2478\" class=\"elementor elementor-2478\">\n\t\t\t\t<div class=\"elementor-element elementor-element-b37cc99 e-con-full e-flex wpr-particle-no wpr-jarallax-no wpr-parallax-no wpr-sticky-section-no e-con e-child\" data-id=\"b37cc99\" data-element_type=\"container\" data-e-type=\"container\" data-settings=\"{&quot;background_background&quot;:&quot;gradient&quot;}\">\n\t\t\t\t<div class=\"elementor-element elementor-element-56a87eb elementor-widget elementor-widget-heading\" data-id=\"56a87eb\" data-element_type=\"widget\" data-e-type=\"widget\" data-widget_type=\"heading.default\">\n\t\t\t\t<div class=\"elementor-widget-container\">\n\t\t\t\t\t<h3 class=\"elementor-heading-title elementor-size-default\">Not\u00edcias EducaRecife<\/h3>\t\t\t\t<\/div>\n\t\t\t\t<\/div>\n\t\t\t\t<\/div>\n\t\t<div class=\"elementor-element elementor-element-e1d94be e-flex e-con-boxed wpr-particle-no wpr-jarallax-no wpr-parallax-no wpr-sticky-section-no e-con e-parent\" data-id=\"e1d94be\" data-element_type=\"container\" data-e-type=\"container\">\n\t\t\t\t\t<div class=\"e-con-inner\">\n\t\t\t\t<div class=\"elementor-element elementor-element-ed69735 wpr-grid-columns-3 wpr-grid-columns--tablet2 wpr-grid-columns--mobile1 wpr-grid-pagination-center wpr-item-styles-inner elementor-widget elementor-widget-wpr-grid\" data-id=\"ed69735\" data-element_type=\"widget\" data-e-type=\"widget\" data-widget_type=\"wpr-grid.default\">\n\t\t\t\t<div class=\"elementor-widget-container\">\n\t\t\t\t\t<ul class=\"wpr-grid-filters elementor-clearfix wpr-grid-filters-sep-right\"><li class=\" wpr-pointer-none wpr-pointer-line-fx wpr-pointer-fx-none\"><span   data-ajax-filter=[\"category\",\"noticias-educa\"]  data-filter=\".category-noticias-educa\">Not\u00edcias EducaRecife<\/span><em class=\"wpr-grid-filters-sep\"><\/em><\/li><\/ul><section class=\"wpr-grid elementor-clearfix\" data-settings=\"{&quot;layout&quot;:&quot;fitRows&quot;,&quot;stick_last_element_to_bottom&quot;:&quot;&quot;,&quot;columns_desktop&quot;:3,&quot;gutter_hr&quot;:15,&quot;gutter_hr_mobile&quot;:15,&quot;gutter_hr_mobile_extra&quot;:15,&quot;gutter_hr_tablet&quot;:15,&quot;gutter_hr_tablet_extra&quot;:15,&quot;gutter_hr_laptop&quot;:15,&quot;gutter_hr_widescreen&quot;:15,&quot;gutter_vr&quot;:15,&quot;gutter_vr_mobile&quot;:15,&quot;gutter_vr_mobile_extra&quot;:15,&quot;gutter_vr_tablet&quot;:15,&quot;gutter_vr_tablet_extra&quot;:15,&quot;gutter_vr_laptop&quot;:15,&quot;gutter_vr_widescreen&quot;:15,&quot;animation&quot;:&quot;default&quot;,&quot;animation_duration&quot;:0.3,&quot;animation_delay&quot;:0.1,&quot;deeplinking&quot;:&quot;&quot;,&quot;filters_linkable&quot;:&quot;no&quot;,&quot;filters_default_filter&quot;:&quot;&quot;,&quot;filters_count&quot;:&quot;&quot;,&quot;filters_hide_empty&quot;:&quot;no&quot;,&quot;filters_animation&quot;:&quot;default&quot;,&quot;filters_animation_duration&quot;:0.3,&quot;filters_animation_delay&quot;:0.1,&quot;pagination_type&quot;:&quot;load-more&quot;,&quot;pagination_max_pages&quot;:1,&quot;lightbox&quot;:{&quot;selector&quot;:&quot;.wpr-grid-image-wrap&quot;,&quot;iframeMaxWidth&quot;:&quot;60%&quot;,&quot;hash&quot;:false,&quot;autoplay&quot;:&quot;true&quot;,&quot;pause&quot;:5000,&quot;progressBar&quot;:&quot;true&quot;,&quot;counter&quot;:&quot;true&quot;,&quot;controls&quot;:&quot;true&quot;,&quot;getCaptionFromTitleOrAlt&quot;:&quot;true&quot;,&quot;thumbnail&quot;:&quot;&quot;,&quot;showThumbByDefault&quot;:&quot;&quot;,&quot;share&quot;:&quot;&quot;,&quot;zoom&quot;:&quot;true&quot;,&quot;fullScreen&quot;:&quot;true&quot;,&quot;download&quot;:&quot;true&quot;}}\" data-advanced-filters=\"no\"><article class=\"wpr-grid-item elementor-clearfix post-2555 post type-post status-publish format-standard has-post-thumbnail hentry category-noticias-educa\"><div class=\"wpr-grid-item-inner\"><div class=\"wpr-grid-media-wrap wpr-effect-size-medium \" data-overlay-link=\"yes\"><div class=\"wpr-grid-image-wrap\" data-src=\"http:\/\/educ.rec.br\/educarecife\/wp-content\/uploads\/2026\/03\/Seminario-de-Competencias-Digitais-2026-01.jpg\" data-img-on-hover=\"\"  data-src-secondary=\"\"><img decoding=\"async\" data-no-lazy=\"1\" src=\"http:\/\/educ.rec.br\/educarecife\/wp-content\/uploads\/2026\/03\/Seminario-de-Competencias-Digitais-2026-01.jpg\" alt=\"Com foco em inova\u00e7\u00e3o e aprendizagem, Recife realiza semin\u00e1rio para impulsionar compet\u00eancias digitais docentes\" class=\"wpr-anim-timing-ease-default\"><\/div><div class=\"wpr-grid-media-hover wpr-animation-wrap\"><div class=\"wpr-grid-media-hover-bg  wpr-overlay-fade-in wpr-anim-size-large wpr-anim-timing-ease-default wpr-anim-transparency\" data-url=\"http:\/\/educ.rec.br\/educarecife\/com-foco-em-inovacao-e-aprendizagem-recife-realiza-seminario-para-impulsionar-competencias-digitais-docentes\/\"><\/div><\/div><\/div><div class=\"wpr-grid-item-below-content elementor-clearfix\"><h2 class=\"wpr-grid-item-title elementor-repeater-item-9663edd wpr-grid-item-display-block wpr-grid-item-align-left wpr-pointer-none wpr-pointer-line-fx wpr-pointer-fx-fade\"><div class=\"inner-block\"><a target=\"_self\"  href=\"http:\/\/educ.rec.br\/educarecife\/com-foco-em-inovacao-e-aprendizagem-recife-realiza-seminario-para-impulsionar-competencias-digitais-docentes\/\">Com foco em inova\u00e7\u00e3o e aprendizagem, Recife realiza semin\u00e1rio para impulsionar compet\u00eancias digitais docentes<\/a><\/div><\/h2><div class=\"wpr-grid-item-date elementor-repeater-item-9d4fb26 wpr-grid-item-display-inline wpr-grid-item-align-left\"><div class=\"inner-block\"><span>31 de mar\u00e7o de 2026<span class=\"wpr-grid-extra-text-right\"><\/span><\/span><\/div><\/div><div class=\"wpr-grid-item-excerpt elementor-repeater-item-7731556 wpr-grid-item-display-block wpr-grid-item-align-left\"><div class=\"inner-block\"><p>Com foco em inova\u00e7\u00e3o e aprendizagem, Recife realiza semin\u00e1rio para impulsionar compet\u00eancias digitais docentes Evento re\u00fane cerca de 240 educadores...<\/p><\/div><\/div><div class=\"wpr-grid-item-read-more elementor-repeater-item-7060c9a wpr-grid-item-display-block wpr-grid-item-align-left\"><div class=\"inner-block\"><a target=\"_self\" href=\"http:\/\/educ.rec.br\/educarecife\/com-foco-em-inovacao-e-aprendizagem-recife-realiza-seminario-para-impulsionar-competencias-digitais-docentes\/\" class=\"wpr-button-effect wpr-button-none\"><span>Leia mais<\/span><\/a><\/div><\/div><\/div><\/div><\/article><article class=\"wpr-grid-item elementor-clearfix post-2541 post type-post status-publish format-standard has-post-thumbnail hentry category-noticias-educa\"><div class=\"wpr-grid-item-inner\"><div class=\"wpr-grid-media-wrap wpr-effect-size-medium \" data-overlay-link=\"yes\"><div class=\"wpr-grid-image-wrap\" data-src=\"http:\/\/educ.rec.br\/educarecife\/wp-content\/uploads\/2026\/03\/Conectando-os-Pontos-2026.1-04.jpg\" data-img-on-hover=\"\"  data-src-secondary=\"\"><img decoding=\"async\" data-no-lazy=\"1\" src=\"http:\/\/educ.rec.br\/educarecife\/wp-content\/uploads\/2026\/03\/Conectando-os-Pontos-2026.1-04.jpg\" alt=\"Secretaria de Educa\u00e7\u00e3o realiza \u201cConectando os Pontos 2026\u201d para fortalecer inova\u00e7\u00e3o e cultura digital na Rede Municipal\" class=\"wpr-anim-timing-ease-default\"><\/div><div class=\"wpr-grid-media-hover wpr-animation-wrap\"><div class=\"wpr-grid-media-hover-bg  wpr-overlay-fade-in wpr-anim-size-large wpr-anim-timing-ease-default wpr-anim-transparency\" data-url=\"http:\/\/educ.rec.br\/educarecife\/secretaria-de-educacao-realiza-conectando-os-pontos-2026-para-fortalecer-inovacao-e-cultura-digital-na-rede-municipal\/\"><\/div><\/div><\/div><div class=\"wpr-grid-item-below-content elementor-clearfix\"><h2 class=\"wpr-grid-item-title elementor-repeater-item-9663edd wpr-grid-item-display-block wpr-grid-item-align-left wpr-pointer-none wpr-pointer-line-fx wpr-pointer-fx-fade\"><div class=\"inner-block\"><a target=\"_self\"  href=\"http:\/\/educ.rec.br\/educarecife\/secretaria-de-educacao-realiza-conectando-os-pontos-2026-para-fortalecer-inovacao-e-cultura-digital-na-rede-municipal\/\">Secretaria de Educa\u00e7\u00e3o realiza \u201cConectando os Pontos 2026\u201d para fortalecer inova\u00e7\u00e3o e cultura digital na Rede Municipal<\/a><\/div><\/h2><div class=\"wpr-grid-item-date elementor-repeater-item-9d4fb26 wpr-grid-item-display-inline wpr-grid-item-align-left\"><div class=\"inner-block\"><span>21 de fevereiro de 2026<span class=\"wpr-grid-extra-text-right\"><\/span><\/span><\/div><\/div><div class=\"wpr-grid-item-excerpt elementor-repeater-item-7731556 wpr-grid-item-display-block wpr-grid-item-align-left\"><div class=\"inner-block\"><p>Secretaria de Educa\u00e7\u00e3o realiza \u201cConectando os Pontos 2026\u201d para fortalecer inova\u00e7\u00e3o e cultura digital na Rede Municipal O evento aconteceu...<\/p><\/div><\/div><div class=\"wpr-grid-item-read-more elementor-repeater-item-7060c9a wpr-grid-item-display-block wpr-grid-item-align-left\"><div class=\"inner-block\"><a target=\"_self\" href=\"http:\/\/educ.rec.br\/educarecife\/secretaria-de-educacao-realiza-conectando-os-pontos-2026-para-fortalecer-inovacao-e-cultura-digital-na-rede-municipal\/\" class=\"wpr-button-effect wpr-button-none\"><span>Leia mais<\/span><\/a><\/div><\/div><\/div><\/div><\/article><\/section>\t\t\t\t<\/div>\n\t\t\t\t<\/div>\n\t\t\t\t\t<\/div>\n\t\t\t\t<\/div>\n\t\t<div class=\"elementor-element elementor-element-82da5fe e-flex e-con-boxed wpr-particle-no wpr-jarallax-no wpr-parallax-no wpr-sticky-section-no e-con e-parent\" data-id=\"82da5fe\" data-element_type=\"container\" data-e-type=\"container\">\n\t\t\t\t\t<div class=\"e-con-inner\">\n\t\t\t\t<div class=\"elementor-element elementor-element-843b115 elementor-widget elementor-widget-html\" data-id=\"843b115\" data-element_type=\"widget\" data-e-type=\"widget\" data-widget_type=\"html.default\">\n\t\t\t\t<div class=\"elementor-widget-container\">\n\t\t\t\t\t<style>\n    .wpr-grid-filters{\ndisplay:none!important;\n}\n.wpr-grid-item{\n       box-shadow: 0 6px 12px 0 rgba(171, 190, 209, 0.3);\n   border-radius: 15px!important;\n}\n.wpr-grid-image-wrap{\n    border-top-left-radius: 15px!important;\n    border-top-right-radius: 15px!important;\n}\n\n.wpr-grid-image-wrap::before {\n  content: \"\";\n  position: absolute;\n  bottom: -20px; \/* sobe o logo entre as divs *\/\n  right: 20px;\n\n  width: 40px;\n  height: 40px;\n\n  background-image: url('https:\/\/educ.rec.br\/educarecife\/wp-content\/plugins\/educarecife-post-grid\/assets\/images\/card-icon.png');\n  background-size: contain;\n  background-repeat: no-repeat;\n  background-position: center;\n\n  background-color: #fff;\n  border-radius: 8px;\n  padding: 5px;\n\n  box-shadow: 0 4px 10px rgba(0,0,0,0.1);\n}\n<\/style>\t\t\t\t<\/div>\n\t\t\t\t<\/div>\n\t\t\t\t\t<\/div>\n\t\t\t\t<\/div>\n\t\t\t\t<\/div>\n\t\t","protected":false},"excerpt":{"rendered":"<p>Not\u00edcias EducaRecife Not\u00edcias EducaRecife Not\u00edcia teste &#8211; Copy &#8211; Copy &#8211; Copy 16 de mar\u00e7o de 2026 Not\u00edcia Exemplo Lorem ipsum dolor sit amet, consectetur adipiscing elit. Proin metus purus, posuere ac ipsum sed, aliquet molestie massa&#8230;. Leia mais Not\u00edcia teste &#8211; Copy &#8211; Copy 16 de mar\u00e7o de 2026 Not\u00edcia Exemplo Lorem ipsum dolor sit amet, consectetur adipiscing elit. Proin metus purus, posuere ac ipsum sed, aliquet molestie massa&#8230;. Leia mais Not\u00edcia teste &#8211; Copy 16 de mar\u00e7o de 2026 Not\u00edcia Exemplo Lorem ipsum dolor sit amet, consectetur adipiscing elit. Proin metus purus, posuere ac ipsum sed, aliquet molestie massa&#8230;. Leia mais Ver mais Fim<\/p>\n","protected":false},"author":1,"featured_media":0,"parent":0,"menu_order":0,"comment_status":"closed","ping_status":"closed","template":"","meta":{"site-sidebar-layout":"no-sidebar","site-content-layout":"","ast-site-content-layout":"full-width-container","site-content-style":"default","site-sidebar-style":"default","ast-global-header-display":"","ast-banner-title-visibility":"","ast-main-header-display":"","ast-hfb-above-header-display":"","ast-hfb-below-header-display":"","ast-hfb-mobile-header-display":"","site-post-title":"disabled","ast-breadcrumbs-content":"","ast-featured-img":"disabled","footer-sml-layout":"","ast-disable-related-posts":"","theme-transparent-header-meta":"","adv-header-id-meta":"","stick-header-meta":"","header-above-stick-meta":"","header-main-stick-meta":"","header-below-stick-meta":"","astra-migrate-meta-layouts":"default","ast-page-background-enabled":"default","ast-page-background-meta":{"desktop":{"background-color":"var(--ast-global-color-5)","background-image":"","background-repeat":"repeat","background-position":"center center","background-size":"auto","background-attachment":"scroll","background-type":"","background-media":"","overlay-type":"","overlay-color":"","overlay-opacity":"","overlay-gradient":""},"tablet":{"background-color":"","background-image":"","background-repeat":"repeat","background-position":"center center","background-size":"auto","background-attachment":"scroll","background-type":"","background-media":"","overlay-type":"","overlay-color":"","overlay-opacity":"","overlay-gradient":""},"mobile":{"background-color":"","background-image":"","background-repeat":"repeat","background-position":"center center","background-size":"auto","background-attachment":"scroll","background-type":"","background-media":"","overlay-type":"","overlay-color":"","overlay-opacity":"","overlay-gradient":""}},"ast-content-background-meta":{"desktop":{"background-color":"var(--ast-global-color-4)","background-image":"","background-repeat":"repeat","background-position":"center center","background-size":"auto","background-attachment":"scroll","background-type":"","background-media":"","overlay-type":"","overlay-color":"","overlay-opacity":"","overlay-gradient":""},"tablet":{"background-color":"var(--ast-global-color-4)","background-image":"","background-repeat":"repeat","background-position":"center center","background-size":"auto","background-attachment":"scroll","background-type":"","background-media":"","overlay-type":"","overlay-color":"","overlay-opacity":"","overlay-gradient":""},"mobile":{"background-color":"var(--ast-global-color-4)","background-image":"","background-repeat":"repeat","background-position":"center center","background-size":"auto","background-attachment":"scroll","background-type":"","background-media":"","overlay-type":"","overlay-color":"","overlay-opacity":"","overlay-gradient":""}},"footnotes":""},"class_list":["post-2478","page","type-page","status-publish","hentry"],"_links":{"self":[{"href":"http:\/\/educ.rec.br\/educarecife\/wp-json\/wp\/v2\/pages\/2478","targetHints":{"allow":["GET"]}}],"collection":[{"href":"http:\/\/educ.rec.br\/educarecife\/wp-json\/wp\/v2\/pages"}],"about":[{"href":"http:\/\/educ.rec.br\/educarecife\/wp-json\/wp\/v2\/types\/page"}],"author":[{"embeddable":true,"href":"http:\/\/educ.rec.br\/educarecife\/wp-json\/wp\/v2\/users\/1"}],"replies":[{"embeddable":true,"href":"http:\/\/educ.rec.br\/educarecife\/wp-json\/wp\/v2\/comments?post=2478"}],"version-history":[{"count":28,"href":"http:\/\/educ.rec.br\/educarecife\/wp-json\/wp\/v2\/pages\/2478\/revisions"}],"predecessor-version":[{"id":2525,"href":"http:\/\/educ.rec.br\/educarecife\/wp-json\/wp\/v2\/pages\/2478\/revisions\/2525"}],"wp:attachment":[{"href":"http:\/\/educ.rec.br\/educarecife\/wp-json\/wp\/v2\/media?parent=2478"}],"curies":[{"name":"wp","href":"https:\/\/api.w.org\/{rel}","templated":true}]}}