



{"id":68,"date":"2025-06-03T13:44:45","date_gmt":"2025-06-03T16:44:45","guid":{"rendered":"https:\/\/educ.rec.br\/educarecife\/?page_id=68"},"modified":"2025-07-23T16:10:31","modified_gmt":"2025-07-23T19:10:31","slug":"materiais-de-apoio","status":"publish","type":"page","link":"http:\/\/educ.rec.br\/educarecife\/materiais-de-apoio\/","title":{"rendered":"Materiais de Apoio"},"content":{"rendered":"\t\t<div data-elementor-type=\"wp-page\" data-elementor-id=\"68\" class=\"elementor elementor-68\">\n\t\t\t\t<div class=\"elementor-element elementor-element-6741773 e-flex e-con-boxed wpr-particle-no wpr-jarallax-no wpr-parallax-no wpr-sticky-section-no e-con e-parent\" data-id=\"6741773\" data-element_type=\"container\" data-e-type=\"container\">\n\t\t\t\t\t<div class=\"e-con-inner\">\n\t\t\t\t<div class=\"elementor-element elementor-element-bafa709 elementor-widget elementor-widget-heading\" data-id=\"bafa709\" data-element_type=\"widget\" data-e-type=\"widget\" data-widget_type=\"heading.default\">\n\t\t\t\t<div class=\"elementor-widget-container\">\n\t\t\t\t\t<h2 class=\"elementor-heading-title elementor-size-default\">Materiais de apoio<\/h2>\t\t\t\t<\/div>\n\t\t\t\t<\/div>\n\t\t\t\t<div class=\"elementor-element elementor-element-0c19ae6 elementor-widget elementor-widget-text-editor\" data-id=\"0c19ae6\" data-element_type=\"widget\" data-e-type=\"widget\" data-widget_type=\"text-editor.default\">\n\t\t\t\t<div class=\"elementor-widget-container\">\n\t\t\t\t\t\t\t\t\t<p>Aqui voc\u00ea encontrar\u00e1 cat\u00e1logos completos de conte\u00fados educacionais digitais, desenvolvidos para complementar a aprendizagem dos estudantes. Esses materiais incluem v\u00eddeos e recursos que possibilitam uma experi\u00eancia de ensino h\u00edbrido, oferecendo apoio tanto dentro quanto fora da sala de aula. Acess\u00edveis a professores, estudantes e fam\u00edlias, os materiais s\u00e3o ferramentas essenciais para enriquecer o aprendizado e garantir um ensino de qualidade em diversas situa\u00e7\u00f5es.<\/p>\t\t\t\t\t\t\t\t<\/div>\n\t\t\t\t<\/div>\n\t\t\t\t\t<\/div>\n\t\t\t\t<\/div>\n\t\t<div class=\"elementor-element elementor-element-5f65ebd e-flex e-con-boxed wpr-particle-no wpr-jarallax-no wpr-parallax-no wpr-sticky-section-no e-con e-parent\" data-id=\"5f65ebd\" data-element_type=\"container\" data-e-type=\"container\">\n\t\t\t\t\t<div class=\"e-con-inner\">\n\t\t<div class=\"elementor-element elementor-element-3462cf4 e-con-full e-flex wpr-particle-no wpr-jarallax-no wpr-parallax-no wpr-sticky-section-no e-con e-child\" data-id=\"3462cf4\" data-element_type=\"container\" data-e-type=\"container\">\n\t\t\t\t<div class=\"elementor-element elementor-element-cebd8c0 elementor-widget elementor-widget-image\" data-id=\"cebd8c0\" data-element_type=\"widget\" data-e-type=\"widget\" data-widget_type=\"image.default\">\n\t\t\t\t<div class=\"elementor-widget-container\">\n\t\t\t\t\t\t\t\t\t\t\t\t\t\t\t\t<a href=\"https:\/\/drive.google.com\/drive\/folders\/1iYPRvmU4xjcdA87diRn-xm_0lfyx9HX4\" target=\"_blank\">\n\t\t\t\t\t\t\t<img fetchpriority=\"high\" decoding=\"async\" width=\"358\" height=\"358\" src=\"https:\/\/educ.rec.br\/educarecife\/wp-content\/uploads\/2025\/06\/Thumbs-Series-de-Conteudo.png\" class=\"attachment-large size-large wp-image-843\" alt=\"\" srcset=\"https:\/\/educ.rec.br\/educarecife\/wp-content\/uploads\/2025\/06\/Thumbs-Series-de-Conteudo.png 358w, https:\/\/educ.rec.br\/educarecife\/wp-content\/uploads\/2025\/06\/Thumbs-Series-de-Conteudo-300x300.png 300w, https:\/\/educ.rec.br\/educarecife\/wp-content\/uploads\/2025\/06\/Thumbs-Series-de-Conteudo-150x150.png 150w\" sizes=\"(max-width: 358px) 100vw, 358px\" \/>\t\t\t\t\t\t\t\t<\/a>\n\t\t\t\t\t\t\t\t\t\t\t\t\t\t\t<\/div>\n\t\t\t\t<\/div>\n\t\t\t\t<\/div>\n\t\t<div class=\"elementor-element elementor-element-e86e1ec e-con-full e-flex wpr-particle-no wpr-jarallax-no wpr-parallax-no wpr-sticky-section-no e-con e-child\" data-id=\"e86e1ec\" data-element_type=\"container\" data-e-type=\"container\">\n\t\t\t\t<div class=\"elementor-element elementor-element-d283dd1 elementor-widget elementor-widget-image\" data-id=\"d283dd1\" data-element_type=\"widget\" data-e-type=\"widget\" data-widget_type=\"image.default\">\n\t\t\t\t<div class=\"elementor-widget-container\">\n\t\t\t\t\t\t\t\t\t\t\t\t\t\t\t\t<a href=\"https:\/\/drive.google.com\/drive\/folders\/1rNiK9pTjIW6qr_1WLwSjPx0jUQ4jnwcL\" target=\"_blank\">\n\t\t\t\t\t\t\t<img decoding=\"async\" width=\"358\" height=\"358\" src=\"https:\/\/educ.rec.br\/educarecife\/wp-content\/uploads\/2025\/06\/Thumbs-Series-de-Conteudo-novos-saberes.png\" class=\"attachment-large size-large wp-image-842\" alt=\"\" srcset=\"https:\/\/educ.rec.br\/educarecife\/wp-content\/uploads\/2025\/06\/Thumbs-Series-de-Conteudo-novos-saberes.png 358w, https:\/\/educ.rec.br\/educarecife\/wp-content\/uploads\/2025\/06\/Thumbs-Series-de-Conteudo-novos-saberes-300x300.png 300w, https:\/\/educ.rec.br\/educarecife\/wp-content\/uploads\/2025\/06\/Thumbs-Series-de-Conteudo-novos-saberes-150x150.png 150w\" sizes=\"(max-width: 358px) 100vw, 358px\" \/>\t\t\t\t\t\t\t\t<\/a>\n\t\t\t\t\t\t\t\t\t\t\t\t\t\t\t<\/div>\n\t\t\t\t<\/div>\n\t\t\t\t<\/div>\n\t\t<div class=\"elementor-element elementor-element-2b5fdc6 e-con-full e-flex wpr-particle-no wpr-jarallax-no wpr-parallax-no wpr-sticky-section-no e-con e-child\" data-id=\"2b5fdc6\" data-element_type=\"container\" data-e-type=\"container\">\n\t\t\t\t<div class=\"elementor-element elementor-element-c856539 elementor-widget elementor-widget-image\" data-id=\"c856539\" data-element_type=\"widget\" data-e-type=\"widget\" data-widget_type=\"image.default\">\n\t\t\t\t<div class=\"elementor-widget-container\">\n\t\t\t\t\t\t\t\t\t\t\t\t\t\t\t\t<a href=\"https:\/\/drive.google.com\/drive\/folders\/1i16RYUWWhMKoqLSuAaYZI1VJTuiBtlJe\" target=\"_blank\">\n\t\t\t\t\t\t\t<img decoding=\"async\" width=\"358\" height=\"358\" src=\"https:\/\/educ.rec.br\/educarecife\/wp-content\/uploads\/2025\/06\/Thumbs-Series-de-Conteudo-EJA.png\" class=\"attachment-large size-large wp-image-837\" alt=\"\" srcset=\"https:\/\/educ.rec.br\/educarecife\/wp-content\/uploads\/2025\/06\/Thumbs-Series-de-Conteudo-EJA.png 358w, https:\/\/educ.rec.br\/educarecife\/wp-content\/uploads\/2025\/06\/Thumbs-Series-de-Conteudo-EJA-300x300.png 300w, https:\/\/educ.rec.br\/educarecife\/wp-content\/uploads\/2025\/06\/Thumbs-Series-de-Conteudo-EJA-150x150.png 150w\" sizes=\"(max-width: 358px) 100vw, 358px\" \/>\t\t\t\t\t\t\t\t<\/a>\n\t\t\t\t\t\t\t\t\t\t\t\t\t\t\t<\/div>\n\t\t\t\t<\/div>\n\t\t\t\t<\/div>\n\t\t<div class=\"elementor-element elementor-element-b69779f e-con-full e-flex wpr-particle-no wpr-jarallax-no wpr-parallax-no wpr-sticky-section-no e-con e-child\" data-id=\"b69779f\" data-element_type=\"container\" data-e-type=\"container\">\n\t\t\t\t<div class=\"elementor-element elementor-element-1d6c91f elementor-widget elementor-widget-image\" data-id=\"1d6c91f\" data-element_type=\"widget\" data-e-type=\"widget\" data-widget_type=\"image.default\">\n\t\t\t\t<div class=\"elementor-widget-container\">\n\t\t\t\t\t\t\t\t\t\t\t\t\t\t\t\t<a href=\"https:\/\/drive.google.com\/drive\/folders\/1JaViJta3UB176MMd0v-fCPO4Y3tkBGsX\" target=\"_blank\">\n\t\t\t\t\t\t\t<img loading=\"lazy\" decoding=\"async\" width=\"358\" height=\"358\" src=\"https:\/\/educ.rec.br\/educarecife\/wp-content\/uploads\/2025\/06\/Thumbs-Series-de-Conteudo-Finais.png\" class=\"attachment-large size-large wp-image-838\" alt=\"\" srcset=\"https:\/\/educ.rec.br\/educarecife\/wp-content\/uploads\/2025\/06\/Thumbs-Series-de-Conteudo-Finais.png 358w, https:\/\/educ.rec.br\/educarecife\/wp-content\/uploads\/2025\/06\/Thumbs-Series-de-Conteudo-Finais-300x300.png 300w, https:\/\/educ.rec.br\/educarecife\/wp-content\/uploads\/2025\/06\/Thumbs-Series-de-Conteudo-Finais-150x150.png 150w\" sizes=\"(max-width: 358px) 100vw, 358px\" \/>\t\t\t\t\t\t\t\t<\/a>\n\t\t\t\t\t\t\t\t\t\t\t\t\t\t\t<\/div>\n\t\t\t\t<\/div>\n\t\t<div class=\"elementor-element elementor-element-cdf65ad e-con-full e-flex wpr-particle-no wpr-jarallax-no wpr-parallax-no wpr-sticky-section-no e-con e-child\" data-id=\"cdf65ad\" data-element_type=\"container\" data-e-type=\"container\">\n\t\t\t\t<div class=\"elementor-element elementor-element-b324da1 elementor-widget elementor-widget-image\" data-id=\"b324da1\" data-element_type=\"widget\" data-e-type=\"widget\" data-widget_type=\"image.default\">\n\t\t\t\t<div class=\"elementor-widget-container\">\n\t\t\t\t\t\t\t\t\t\t\t\t\t\t\t\t<a href=\"https:\/\/drive.google.com\/drive\/folders\/1TIV28JxvIZM2LLDRxd22zZ_bQaZMeP1b\" target=\"_blank\">\n\t\t\t\t\t\t\t<img loading=\"lazy\" decoding=\"async\" width=\"358\" height=\"358\" src=\"https:\/\/educ.rec.br\/educarecife\/wp-content\/uploads\/2025\/06\/Thumbs-Series-de-Conteudo-iniciais.png\" class=\"attachment-large size-large wp-image-841\" alt=\"\" srcset=\"https:\/\/educ.rec.br\/educarecife\/wp-content\/uploads\/2025\/06\/Thumbs-Series-de-Conteudo-iniciais.png 358w, https:\/\/educ.rec.br\/educarecife\/wp-content\/uploads\/2025\/06\/Thumbs-Series-de-Conteudo-iniciais-300x300.png 300w, https:\/\/educ.rec.br\/educarecife\/wp-content\/uploads\/2025\/06\/Thumbs-Series-de-Conteudo-iniciais-150x150.png 150w\" sizes=\"(max-width: 358px) 100vw, 358px\" \/>\t\t\t\t\t\t\t\t<\/a>\n\t\t\t\t\t\t\t\t\t\t\t\t\t\t\t<\/div>\n\t\t\t\t<\/div>\n\t\t\t\t<\/div>\n\t\t\t\t<\/div>\n\t\t<div class=\"elementor-element elementor-element-bf7c0dc e-con-full e-flex wpr-particle-no wpr-jarallax-no wpr-parallax-no wpr-sticky-section-no e-con e-child\" data-id=\"bf7c0dc\" data-element_type=\"container\" data-e-type=\"container\">\n\t\t\t\t<div class=\"elementor-element elementor-element-c3d32a6 elementor-widget elementor-widget-image\" data-id=\"c3d32a6\" data-element_type=\"widget\" data-e-type=\"widget\" data-widget_type=\"image.default\">\n\t\t\t\t<div class=\"elementor-widget-container\">\n\t\t\t\t\t\t\t\t\t\t\t\t\t\t\t\t<a href=\"https:\/\/drive.google.com\/drive\/folders\/1k2B5uHUpj4zUhsGswecSqk0W8Up7kOlG\" target=\"_blank\">\n\t\t\t\t\t\t\t<img loading=\"lazy\" decoding=\"async\" width=\"358\" height=\"358\" src=\"https:\/\/educ.rec.br\/educarecife\/wp-content\/uploads\/2025\/06\/Thumbs-Series-de-Conteudo-Inclusiva.png\" class=\"attachment-large size-large wp-image-839\" alt=\"\" srcset=\"https:\/\/educ.rec.br\/educarecife\/wp-content\/uploads\/2025\/06\/Thumbs-Series-de-Conteudo-Inclusiva.png 358w, https:\/\/educ.rec.br\/educarecife\/wp-content\/uploads\/2025\/06\/Thumbs-Series-de-Conteudo-Inclusiva-300x300.png 300w, https:\/\/educ.rec.br\/educarecife\/wp-content\/uploads\/2025\/06\/Thumbs-Series-de-Conteudo-Inclusiva-150x150.png 150w\" sizes=\"(max-width: 358px) 100vw, 358px\" \/>\t\t\t\t\t\t\t\t<\/a>\n\t\t\t\t\t\t\t\t\t\t\t\t\t\t\t<\/div>\n\t\t\t\t<\/div>\n\t\t<div class=\"elementor-element elementor-element-cdc97fe e-con-full e-flex wpr-particle-no wpr-jarallax-no wpr-parallax-no wpr-sticky-section-no e-con e-child\" data-id=\"cdc97fe\" data-element_type=\"container\" data-e-type=\"container\">\n\t\t\t\t<div class=\"elementor-element elementor-element-a6f18ee elementor-widget elementor-widget-image\" data-id=\"a6f18ee\" data-element_type=\"widget\" data-e-type=\"widget\" data-widget_type=\"image.default\">\n\t\t\t\t<div class=\"elementor-widget-container\">\n\t\t\t\t\t\t\t\t\t\t\t\t\t\t\t\t<a href=\"https:\/\/drive.google.com\/file\/d\/10_sRRRV80ONR8e6pA0BLEYLIZuWRAzrn\/view\" target=\"_blank\">\n\t\t\t\t\t\t\t<img loading=\"lazy\" decoding=\"async\" width=\"359\" height=\"358\" src=\"https:\/\/educ.rec.br\/educarecife\/wp-content\/uploads\/2025\/06\/Thumb-RevisaRecife-24-1.png\" class=\"attachment-large size-large wp-image-836\" alt=\"\" srcset=\"https:\/\/educ.rec.br\/educarecife\/wp-content\/uploads\/2025\/06\/Thumb-RevisaRecife-24-1.png 359w, https:\/\/educ.rec.br\/educarecife\/wp-content\/uploads\/2025\/06\/Thumb-RevisaRecife-24-1-300x300.png 300w, https:\/\/educ.rec.br\/educarecife\/wp-content\/uploads\/2025\/06\/Thumb-RevisaRecife-24-1-150x150.png 150w\" sizes=\"(max-width: 359px) 100vw, 359px\" \/>\t\t\t\t\t\t\t\t<\/a>\n\t\t\t\t\t\t\t\t\t\t\t\t\t\t\t<\/div>\n\t\t\t\t<\/div>\n\t\t\t\t<\/div>\n\t\t\t\t<\/div>\n\t\t<div class=\"elementor-element elementor-element-0353afc e-con-full e-flex wpr-particle-no wpr-jarallax-no wpr-parallax-no wpr-sticky-section-no e-con e-child\" data-id=\"0353afc\" data-element_type=\"container\" data-e-type=\"container\">\n\t\t\t\t<div class=\"elementor-element elementor-element-b38dc14 elementor-widget elementor-widget-image\" data-id=\"b38dc14\" data-element_type=\"widget\" data-e-type=\"widget\" data-widget_type=\"image.default\">\n\t\t\t\t<div class=\"elementor-widget-container\">\n\t\t\t\t\t\t\t\t\t\t\t\t\t\t\t\t<a href=\"https:\/\/drive.google.com\/drive\/folders\/1PkysxANdb-y-SXn__8qldeLraOS2sYjA\" target=\"_blank\">\n\t\t\t\t\t\t\t<img loading=\"lazy\" decoding=\"async\" width=\"358\" height=\"358\" src=\"https:\/\/educ.rec.br\/educarecife\/wp-content\/uploads\/2025\/06\/Thumbs-Series-de-Conteudo-Infantil.png\" class=\"attachment-large size-large wp-image-840\" alt=\"\" srcset=\"https:\/\/educ.rec.br\/educarecife\/wp-content\/uploads\/2025\/06\/Thumbs-Series-de-Conteudo-Infantil.png 358w, https:\/\/educ.rec.br\/educarecife\/wp-content\/uploads\/2025\/06\/Thumbs-Series-de-Conteudo-Infantil-300x300.png 300w, https:\/\/educ.rec.br\/educarecife\/wp-content\/uploads\/2025\/06\/Thumbs-Series-de-Conteudo-Infantil-150x150.png 150w\" sizes=\"(max-width: 358px) 100vw, 358px\" \/>\t\t\t\t\t\t\t\t<\/a>\n\t\t\t\t\t\t\t\t\t\t\t\t\t\t\t<\/div>\n\t\t\t\t<\/div>\n\t\t<div class=\"elementor-element elementor-element-d471fa4 e-con-full e-flex wpr-particle-no wpr-jarallax-no wpr-parallax-no wpr-sticky-section-no e-con e-child\" data-id=\"d471fa4\" data-element_type=\"container\" data-e-type=\"container\">\n\t\t\t\t<div class=\"elementor-element elementor-element-4537618 elementor-widget elementor-widget-image\" data-id=\"4537618\" data-element_type=\"widget\" data-e-type=\"widget\" data-widget_type=\"image.default\">\n\t\t\t\t<div class=\"elementor-widget-container\">\n\t\t\t\t\t\t\t\t\t\t\t\t\t\t\t\t<a href=\"https:\/\/drive.google.com\/file\/d\/1X8fPVK94Xamxa8rjUWud-PI7Oq0W7CbG\/view\" target=\"_blank\">\n\t\t\t\t\t\t\t<img loading=\"lazy\" decoding=\"async\" width=\"1024\" height=\"1024\" src=\"https:\/\/educ.rec.br\/educarecife\/wp-content\/uploads\/2025\/07\/39cb5f6325d1438b7a295ec4f547fb79f0aa4462-1024x1024.png\" class=\"attachment-large size-large wp-image-2095\" alt=\"\" srcset=\"https:\/\/educ.rec.br\/educarecife\/wp-content\/uploads\/2025\/07\/39cb5f6325d1438b7a295ec4f547fb79f0aa4462-1024x1024.png 1024w, https:\/\/educ.rec.br\/educarecife\/wp-content\/uploads\/2025\/07\/39cb5f6325d1438b7a295ec4f547fb79f0aa4462-300x300.png 300w, https:\/\/educ.rec.br\/educarecife\/wp-content\/uploads\/2025\/07\/39cb5f6325d1438b7a295ec4f547fb79f0aa4462-150x150.png 150w, https:\/\/educ.rec.br\/educarecife\/wp-content\/uploads\/2025\/07\/39cb5f6325d1438b7a295ec4f547fb79f0aa4462-768x768.png 768w, https:\/\/educ.rec.br\/educarecife\/wp-content\/uploads\/2025\/07\/39cb5f6325d1438b7a295ec4f547fb79f0aa4462.png 1080w\" sizes=\"(max-width: 1024px) 100vw, 1024px\" \/>\t\t\t\t\t\t\t\t<\/a>\n\t\t\t\t\t\t\t\t\t\t\t\t\t\t\t<\/div>\n\t\t\t\t<\/div>\n\t\t\t\t<\/div>\n\t\t\t\t<\/div>\n\t\t\t\t\t<\/div>\n\t\t\t\t<\/div>\n\t\t\t\t<\/div>\n\t\t","protected":false},"excerpt":{"rendered":"<p>Materiais de apoio Aqui voc\u00ea encontrar\u00e1 cat\u00e1logos completos de conte\u00fados educacionais digitais, desenvolvidos para complementar a aprendizagem dos estudantes. Esses materiais incluem v\u00eddeos e recursos que possibilitam uma experi\u00eancia de ensino h\u00edbrido, oferecendo apoio tanto dentro quanto fora da sala de aula. Acess\u00edveis a professores, estudantes e fam\u00edlias, os materiais s\u00e3o ferramentas essenciais para enriquecer o aprendizado e garantir um ensino de qualidade em diversas situa\u00e7\u00f5es.<\/p>\n","protected":false},"author":2,"featured_media":0,"parent":0,"menu_order":0,"comment_status":"closed","ping_status":"open","template":"","meta":{"site-sidebar-layout":"no-sidebar","site-content-layout":"","ast-site-content-layout":"full-width-container","site-content-style":"default","site-sidebar-style":"default","ast-global-header-display":"","ast-banner-title-visibility":"","ast-main-header-display":"","ast-hfb-above-header-display":"","ast-hfb-below-header-display":"","ast-hfb-mobile-header-display":"","site-post-title":"disabled","ast-breadcrumbs-content":"","ast-featured-img":"disabled","footer-sml-layout":"","ast-disable-related-posts":"","theme-transparent-header-meta":"","adv-header-id-meta":"","stick-header-meta":"","header-above-stick-meta":"","header-main-stick-meta":"","header-below-stick-meta":"","astra-migrate-meta-layouts":"default","ast-page-background-enabled":"default","ast-page-background-meta":{"desktop":{"background-color":"var(--ast-global-color-5)","background-image":"","background-repeat":"repeat","background-position":"center center","background-size":"auto","background-attachment":"scroll","background-type":"","background-media":"","overlay-type":"","overlay-color":"","overlay-opacity":"","overlay-gradient":""},"tablet":{"background-color":"","background-image":"","background-repeat":"repeat","background-position":"center center","background-size":"auto","background-attachment":"scroll","background-type":"","background-media":"","overlay-type":"","overlay-color":"","overlay-opacity":"","overlay-gradient":""},"mobile":{"background-color":"","background-image":"","background-repeat":"repeat","background-position":"center center","background-size":"auto","background-attachment":"scroll","background-type":"","background-media":"","overlay-type":"","overlay-color":"","overlay-opacity":"","overlay-gradient":""}},"ast-content-background-meta":{"desktop":{"background-color":"var(--ast-global-color-4)","background-image":"","background-repeat":"repeat","background-position":"center center","background-size":"auto","background-attachment":"scroll","background-type":"","background-media":"","overlay-type":"","overlay-color":"","overlay-opacity":"","overlay-gradient":""},"tablet":{"background-color":"var(--ast-global-color-4)","background-image":"","background-repeat":"repeat","background-position":"center center","background-size":"auto","background-attachment":"scroll","background-type":"","background-media":"","overlay-type":"","overlay-color":"","overlay-opacity":"","overlay-gradient":""},"mobile":{"background-color":"var(--ast-global-color-4)","background-image":"","background-repeat":"repeat","background-position":"center center","background-size":"auto","background-attachment":"scroll","background-type":"","background-media":"","overlay-type":"","overlay-color":"","overlay-opacity":"","overlay-gradient":""}},"footnotes":""},"class_list":["post-68","page","type-page","status-publish","hentry"],"_links":{"self":[{"href":"http:\/\/educ.rec.br\/educarecife\/wp-json\/wp\/v2\/pages\/68","targetHints":{"allow":["GET"]}}],"collection":[{"href":"http:\/\/educ.rec.br\/educarecife\/wp-json\/wp\/v2\/pages"}],"about":[{"href":"http:\/\/educ.rec.br\/educarecife\/wp-json\/wp\/v2\/types\/page"}],"author":[{"embeddable":true,"href":"http:\/\/educ.rec.br\/educarecife\/wp-json\/wp\/v2\/users\/2"}],"replies":[{"embeddable":true,"href":"http:\/\/educ.rec.br\/educarecife\/wp-json\/wp\/v2\/comments?post=68"}],"version-history":[{"count":37,"href":"http:\/\/educ.rec.br\/educarecife\/wp-json\/wp\/v2\/pages\/68\/revisions"}],"predecessor-version":[{"id":2098,"href":"http:\/\/educ.rec.br\/educarecife\/wp-json\/wp\/v2\/pages\/68\/revisions\/2098"}],"wp:attachment":[{"href":"http:\/\/educ.rec.br\/educarecife\/wp-json\/wp\/v2\/media?parent=68"}],"curies":[{"name":"wp","href":"https:\/\/api.w.org\/{rel}","templated":true}]}}