{"id":1661,"date":"2023-04-25T16:30:44","date_gmt":"2023-04-25T19:30:44","guid":{"rendered":"https:\/\/educ.rec.br\/ggsi\/?page_id=1661"},"modified":"2023-05-02T11:09:45","modified_gmt":"2023-05-02T14:09:45","slug":"tutoriais","status":"publish","type":"page","link":"https:\/\/educ.rec.br\/ggsi\/index.php\/home\/tutoriais\/","title":{"rendered":"Tutoriais"},"content":{"rendered":"\t\t<div data-elementor-type=\"wp-page\" data-elementor-id=\"1661\" class=\"elementor elementor-1661\">\n\t\t\t\t\t\t<section class=\"elementor-section elementor-top-section elementor-element elementor-element-ecba360 elementor-section-full_width elementor-section-height-default elementor-section-height-default wpr-particle-no wpr-jarallax-no wpr-parallax-no wpr-sticky-section-no\" data-id=\"ecba360\" data-element_type=\"section\">\n\t\t\t\t\t\t<div class=\"elementor-container elementor-column-gap-no\">\n\t\t\t\t\t<div class=\"elementor-column elementor-col-100 elementor-top-column elementor-element elementor-element-04ebaf5\" data-id=\"04ebaf5\" data-element_type=\"column\">\n\t\t\t<div class=\"elementor-widget-wrap elementor-element-populated\">\n\t\t\t\t\t\t<div class=\"elementor-element elementor-element-22ec70e elementor-widget elementor-widget-html\" data-id=\"22ec70e\" data-element_type=\"widget\" data-widget_type=\"html.default\">\n\t\t\t\t<div class=\"elementor-widget-container\">\n\t\t\t\t\t<style>\n    .parallax {\n     \n      background-image: url(\"https:\/\/educ.rec.br\/ggsi\/wp-content\/uploads\/2023\/04\/image-69-1.png\");\n      min-height: 350px;\n      background-color: #0E9453;\n      background-attachment: fixed;\n      background-position: center;\n      background-repeat: no-repeat;\n      background-size: cover;\n    }\n<\/style>\n\n<div class=\"parallax\">\n    <div style=\"height: 200px;\"><\/div>\n    <h2 style=\"color: white; text-align: center; z-index: 100;\">\n        Nossos Tutoriais\n    <\/h2>\n<\/div>\t\t\t\t<\/div>\n\t\t\t\t<\/div>\n\t\t\t\t\t<\/div>\n\t\t<\/div>\n\t\t\t\t\t<\/div>\n\t\t<\/section>\n\t\t\t\t<section class=\"elementor-section elementor-top-section elementor-element elementor-element-1584c805 elementor-section-boxed elementor-section-height-default elementor-section-height-default wpr-particle-no wpr-parallax-no wpr-sticky-section-no\" data-id=\"1584c805\" data-element_type=\"section\" data-settings=\"{&quot;background_background&quot;:&quot;classic&quot;}\">\n\t\t\t\t\t\t<div class=\"elementor-container elementor-column-gap-default\">\n\t\t\t\t\t<div class=\"elementor-column elementor-col-100 elementor-top-column elementor-element elementor-element-11c3c93c\" data-id=\"11c3c93c\" data-element_type=\"column\">\n\t\t\t<div class=\"elementor-widget-wrap elementor-element-populated\">\n\t\t\t\t\t\t<div class=\"elementor-element elementor-element-5cfb7e7 elementor-widget elementor-widget-spacer\" data-id=\"5cfb7e7\" data-element_type=\"widget\" data-widget_type=\"spacer.default\">\n\t\t\t\t<div class=\"elementor-widget-container\">\n\t\t\t\t\t\t\t<div class=\"elementor-spacer\">\n\t\t\t<div class=\"elementor-spacer-inner\"><\/div>\n\t\t<\/div>\n\t\t\t\t\t\t<\/div>\n\t\t\t\t<\/div>\n\t\t\t\t<div class=\"elementor-element elementor-element-8ac94e5 elementor-widget elementor-widget-text-editor\" data-id=\"8ac94e5\" data-element_type=\"widget\" data-widget_type=\"text-editor.default\">\n\t\t\t\t<div class=\"elementor-widget-container\">\n\t\t\t\t\t\t\t\t\t<p>Receba as \u00faltimas not\u00edcias, atualiza\u00e7\u00f5es, insights de especialistas e dicas \u00fateis dos nossos sistemas.<\/p>\t\t\t\t\t\t\t\t<\/div>\n\t\t\t\t<\/div>\n\t\t\t\t<div class=\"elementor-element elementor-element-09b278f elementor-widget elementor-widget-html\" data-id=\"09b278f\" data-element_type=\"widget\" data-widget_type=\"html.default\">\n\t\t\t\t<div class=\"elementor-widget-container\">\n\t\t\t\t\t<!-- HEADER TRANSPARENTE -->\n<style>\n    .ast-primary-header-bar{\n\t    background-color: #05009600!important;\n    }\n    #grid-solucoes-pag img{\n        background-color: white;\n        padding: 10px;\n    }\n    .sub-menu{\n\tposition: absolute!important;\n\ttop: 60%!important;\n\tborder-top: 5px solid #0A6639!important;\n}\n<\/style>\t\t\t\t<\/div>\n\t\t\t\t<\/div>\n\t\t\t\t<div class=\"elementor-element elementor-element-8254b43 wpr-grid-columns-3 wpr-grid-columns--tablet2 wpr-grid-columns--mobile1 wpr-grid-pagination-center wpr-item-styles-inner elementor-widget elementor-widget-wpr-grid\" data-id=\"8254b43\" data-element_type=\"widget\" id=\"grid-solucoes-pag\" data-widget_type=\"wpr-grid.default\">\n\t\t\t\t<div class=\"elementor-widget-container\">\n\t\t\t\t\t<ul class=\"wpr-grid-filters elementor-clearfix wpr-grid-filters-sep-right\"><li class=\" wpr-pointer-none wpr-pointer-line-fx wpr-pointer-fx-none\"><span  data-filter=\"*\" class=\"wpr-grid-filters-item wpr-active-filter \">All Post<\/span><em class=\"wpr-grid-filters-sep\"><\/em><\/li><li data-role=\"parent\" class=\" wpr-pointer-none wpr-pointer-line-fx wpr-pointer-fx-none\"><span   data-ajax-filter=[\"category\",\"cursos\"]  data-filter=\".category-cursos\">Tutoriais<\/span><em class=\"wpr-grid-filters-sep\"><\/em><\/li><\/ul><section class=\"wpr-grid elementor-clearfix\" data-settings=\"{&quot;layout&quot;:&quot;fitRows&quot;,&quot;stick_last_element_to_bottom&quot;:&quot;&quot;,&quot;columns_desktop&quot;:3,&quot;gutter_hr&quot;:15,&quot;gutter_hr_mobile&quot;:15,&quot;gutter_hr_mobile_extra&quot;:15,&quot;gutter_hr_tablet&quot;:15,&quot;gutter_hr_tablet_extra&quot;:15,&quot;gutter_hr_laptop&quot;:15,&quot;gutter_hr_widescreen&quot;:15,&quot;gutter_vr&quot;:15,&quot;gutter_vr_mobile&quot;:15,&quot;gutter_vr_mobile_extra&quot;:15,&quot;gutter_vr_tablet&quot;:15,&quot;gutter_vr_tablet_extra&quot;:15,&quot;gutter_vr_laptop&quot;:15,&quot;gutter_vr_widescreen&quot;:15,&quot;animation&quot;:&quot;zoom&quot;,&quot;animation_duration&quot;:0.5,&quot;animation_delay&quot;:0.3,&quot;deeplinking&quot;:&quot;&quot;,&quot;filters_linkable&quot;:&quot;no&quot;,&quot;filters_default_filter&quot;:&quot;&quot;,&quot;filters_count&quot;:&quot;&quot;,&quot;filters_hide_empty&quot;:&quot;no&quot;,&quot;filters_animation&quot;:&quot;default&quot;,&quot;filters_animation_duration&quot;:0.3,&quot;filters_animation_delay&quot;:0.1,&quot;pagination_type&quot;:&quot;default&quot;,&quot;pagination_max_pages&quot;:1,&quot;lightbox&quot;:{&quot;selector&quot;:&quot;.wpr-grid-image-wrap&quot;,&quot;iframeMaxWidth&quot;:&quot;60%&quot;,&quot;hash&quot;:false,&quot;autoplay&quot;:&quot;true&quot;,&quot;pause&quot;:5000,&quot;progressBar&quot;:&quot;true&quot;,&quot;counter&quot;:&quot;true&quot;,&quot;controls&quot;:&quot;true&quot;,&quot;getCaptionFromTitleOrAlt&quot;:&quot;true&quot;,&quot;thumbnail&quot;:&quot;&quot;,&quot;showThumbByDefault&quot;:&quot;&quot;,&quot;share&quot;:&quot;&quot;,&quot;zoom&quot;:&quot;true&quot;,&quot;fullScreen&quot;:&quot;true&quot;,&quot;download&quot;:&quot;true&quot;}}\" data-advanced-filters=\"no\"><article class=\"wpr-grid-item elementor-clearfix post-962 post type-post status-publish format-standard has-post-thumbnail hentry category-segm category-cursos\"><div class=\"wpr-grid-item-inner\"><div class=\"wpr-grid-media-wrap wpr-effect-size-medium \" data-overlay-link=\"yes\"><div class=\"wpr-grid-image-wrap\" data-src=\"https:\/\/educ.rec.br\/ggsi\/wp-content\/uploads\/elementor\/thumbs\/matricula_online-q5vfchi8485hehk2kjyvt2muane4ws1pqavvw3ctrg.png\" data-img-on-hover=\"\"  data-src-secondary=\"\"><img decoding=\"async\" data-no-lazy=\"1\" src=\"https:\/\/educ.rec.br\/ggsi\/wp-content\/uploads\/elementor\/thumbs\/matricula_online-q5vfchi8485hehk2kjyvt2muane4ws1pqavvw3ctrg.png\" alt=\"Matr\u00edcula\" class=\"wpr-anim-timing-ease-default\"><\/div><div class=\"wpr-grid-media-hover wpr-animation-wrap\"><div class=\"wpr-grid-media-hover-bg  wpr-overlay-fade-in wpr-anim-size-large wpr-anim-timing-ease-default wpr-anim-transparency\" data-url=\"https:\/\/educ.rec.br\/ggsi\/index.php\/2023\/04\/19\/tutorial-merenda\/\"><\/div><\/div><\/div><div class=\"wpr-grid-item-below-content elementor-clearfix\"><h2 class=\"wpr-grid-item-title elementor-repeater-item-afa2bd4 wpr-grid-item-display-custom wpr-grid-item-align-center wpr-pointer-none wpr-pointer-line-fx wpr-pointer-fx-fade\"><div class=\"inner-block\"><a target=\"_self\"  href=\"https:\/\/educ.rec.br\/ggsi\/index.php\/2023\/04\/19\/tutorial-merenda\/\">Matr\u00edcula<\/a><\/div><\/h2><div class=\"wpr-grid-item-excerpt elementor-repeater-item-f2cfcb2 wpr-grid-item-display-block wpr-grid-item-align-center\"><div class=\"inner-block\"><p>Cadastro para novatos visando um processo de aloca\u00e7\u00e3o de vagas mais justo, simples e transparente, com foco no atendimento das...<\/p><\/div><\/div><div class=\"wpr-grid-item-read-more elementor-repeater-item-2b03c7d wpr-grid-item-display-block wpr-grid-item-align-center\"><div class=\"inner-block\"><a target=\"_self\" href=\"https:\/\/educ.rec.br\/ggsi\/index.php\/2023\/04\/19\/tutorial-merenda\/\" class=\"wpr-button-effect wpr-button-none\"><span>Leia Mais<\/span><\/a><\/div><\/div><\/div><\/div><\/article><article class=\"wpr-grid-item elementor-clearfix post-959 post type-post status-publish format-standard has-post-thumbnail hentry category-sdcl category-cursos\"><div class=\"wpr-grid-item-inner\"><div class=\"wpr-grid-media-wrap wpr-effect-size-medium \" data-overlay-link=\"yes\"><div class=\"wpr-grid-image-wrap\" data-src=\"https:\/\/educ.rec.br\/ggsi\/wp-content\/uploads\/elementor\/thumbs\/segp-q5vfcn5998d7c5bvnmen817luymc6yo3r2ssrr4gq4.jpg\" data-img-on-hover=\"\"  data-src-secondary=\"\"><img decoding=\"async\" data-no-lazy=\"1\" src=\"https:\/\/educ.rec.br\/ggsi\/wp-content\/uploads\/elementor\/thumbs\/segp-q5vfcn5998d7c5bvnmen817luymc6yo3r2ssrr4gq4.jpg\" alt=\"Gest\u00e3o de Pessoas\" class=\"wpr-anim-timing-ease-default\"><\/div><div class=\"wpr-grid-media-hover wpr-animation-wrap\"><div class=\"wpr-grid-media-hover-bg  wpr-overlay-fade-in wpr-anim-size-large wpr-anim-timing-ease-default wpr-anim-transparency\" data-url=\"https:\/\/educ.rec.br\/ggsi\/index.php\/2023\/04\/19\/tutorial-diario-de-classe\/\"><\/div><\/div><\/div><div class=\"wpr-grid-item-below-content elementor-clearfix\"><h2 class=\"wpr-grid-item-title elementor-repeater-item-afa2bd4 wpr-grid-item-display-custom wpr-grid-item-align-center wpr-pointer-none wpr-pointer-line-fx wpr-pointer-fx-fade\"><div class=\"inner-block\"><a target=\"_self\"  href=\"https:\/\/educ.rec.br\/ggsi\/index.php\/2023\/04\/19\/tutorial-diario-de-classe\/\">Gest\u00e3o de Pessoas<\/a><\/div><\/h2><div class=\"wpr-grid-item-excerpt elementor-repeater-item-f2cfcb2 wpr-grid-item-display-block wpr-grid-item-align-center\"><div class=\"inner-block\"><p>O sistema de Gest\u00e3o de Pessoas simplifica o cadastro dos servidores da Educa\u00e7\u00e3o ao abranger seus v\u00e1rios aspectos funcionais em...<\/p><\/div><\/div><div class=\"wpr-grid-item-read-more elementor-repeater-item-2b03c7d wpr-grid-item-display-block wpr-grid-item-align-center\"><div class=\"inner-block\"><a target=\"_self\" href=\"https:\/\/educ.rec.br\/ggsi\/index.php\/2023\/04\/19\/tutorial-diario-de-classe\/\" class=\"wpr-button-effect wpr-button-none\"><span>Leia Mais<\/span><\/a><\/div><\/div><\/div><\/div><\/article><article class=\"wpr-grid-item elementor-clearfix post-956 post type-post status-publish format-standard has-post-thumbnail hentry category-segp category-cursos\"><div class=\"wpr-grid-item-inner\"><div class=\"wpr-grid-media-wrap wpr-effect-size-medium \" data-overlay-link=\"yes\"><div class=\"wpr-grid-image-wrap\" data-src=\"https:\/\/educ.rec.br\/ggsi\/wp-content\/uploads\/elementor\/thumbs\/merenda-q5vfcl9kvkamoxelylle31ooo6vlrkgn2thtt7792k.png\" data-img-on-hover=\"\"  data-src-secondary=\"\"><img decoding=\"async\" data-no-lazy=\"1\" src=\"https:\/\/educ.rec.br\/ggsi\/wp-content\/uploads\/elementor\/thumbs\/merenda-q5vfcl9kvkamoxelylle31ooo6vlrkgn2thtt7792k.png\" alt=\"Merenda\" class=\"wpr-anim-timing-ease-default\"><\/div><div class=\"wpr-grid-media-hover wpr-animation-wrap\"><div class=\"wpr-grid-media-hover-bg  wpr-overlay-fade-in wpr-anim-size-large wpr-anim-timing-ease-default wpr-anim-transparency\" data-url=\"https:\/\/educ.rec.br\/ggsi\/index.php\/2023\/04\/19\/tutorial-de-enturmacao\/\"><\/div><\/div><\/div><div class=\"wpr-grid-item-below-content elementor-clearfix\"><h2 class=\"wpr-grid-item-title elementor-repeater-item-afa2bd4 wpr-grid-item-display-custom wpr-grid-item-align-center wpr-pointer-none wpr-pointer-line-fx wpr-pointer-fx-fade\"><div class=\"inner-block\"><a target=\"_self\"  href=\"https:\/\/educ.rec.br\/ggsi\/index.php\/2023\/04\/19\/tutorial-de-enturmacao\/\">Merenda<\/a><\/div><\/h2><div class=\"wpr-grid-item-excerpt elementor-repeater-item-f2cfcb2 wpr-grid-item-display-block wpr-grid-item-align-center\"><div class=\"inner-block\"><p>As refei\u00e7\u00f5es dos estudantes do Recife sendo acompanhadas desde o card\u00e1pio at\u00e9 serem servidas no prato com transpar\u00eancia nos custos...<\/p><\/div><\/div><div class=\"wpr-grid-item-read-more elementor-repeater-item-2b03c7d wpr-grid-item-display-block wpr-grid-item-align-center\"><div class=\"inner-block\"><a target=\"_self\" href=\"https:\/\/educ.rec.br\/ggsi\/index.php\/2023\/04\/19\/tutorial-de-enturmacao\/\" class=\"wpr-button-effect wpr-button-none\"><span>Leia Mais<\/span><\/a><\/div><\/div><\/div><\/div><\/article><\/section>\t\t\t\t<\/div>\n\t\t\t\t<\/div>\n\t\t\t\t\t<\/div>\n\t\t<\/div>\n\t\t\t\t\t<\/div>\n\t\t<\/section>\n\t\t\t\t<section class=\"elementor-section elementor-top-section elementor-element elementor-element-a3260f1 elementor-section-boxed elementor-section-height-default elementor-section-height-default wpr-particle-no wpr-jarallax-no wpr-parallax-no wpr-sticky-section-no\" data-id=\"a3260f1\" data-element_type=\"section\" data-settings=\"{&quot;background_background&quot;:&quot;classic&quot;}\">\n\t\t\t\t\t\t<div class=\"elementor-container elementor-column-gap-custom\">\n\t\t\t\t\t<div class=\"elementor-column elementor-col-100 elementor-top-column elementor-element elementor-element-8d3c5dc\" data-id=\"8d3c5dc\" data-element_type=\"column\">\n\t\t\t<div class=\"elementor-widget-wrap elementor-element-populated\">\n\t\t\t\t\t\t<div class=\"elementor-element elementor-element-2e8c0d4 elementor-widget elementor-widget-spacer\" data-id=\"2e8c0d4\" data-element_type=\"widget\" data-widget_type=\"spacer.default\">\n\t\t\t\t<div class=\"elementor-widget-container\">\n\t\t\t\t\t\t\t<div class=\"elementor-spacer\">\n\t\t\t<div class=\"elementor-spacer-inner\"><\/div>\n\t\t<\/div>\n\t\t\t\t\t\t<\/div>\n\t\t\t\t<\/div>\n\t\t\t\t\t<\/div>\n\t\t<\/div>\n\t\t\t\t\t<\/div>\n\t\t<\/section>\n\t\t\t\t<\/div>\n\t\t","protected":false},"excerpt":{"rendered":"<p>Nossos Tutoriais Receba as \u00faltimas not\u00edcias, atualiza\u00e7\u00f5es, insights de especialistas e dicas \u00fateis dos nossos sistemas. All Post Cursos Matr\u00edcula Cadastro para novatos visando um processo de aloca\u00e7\u00e3o de vagas mais justo, simples e transparente, com foco no atendimento das&hellip; Leia Mais Gest\u00e3o de Pessoas O sistema de Gest\u00e3o de Pessoas simplifica o cadastro dos servidores da Educa\u00e7\u00e3o ao abranger seus v\u00e1rios aspectos funcionais em&hellip; Leia Mais Merenda As refei\u00e7\u00f5es dos estudantes do Recife sendo acompanhadas desde o card\u00e1pio at\u00e9 serem servidas no prato com transpar\u00eancia nos custos&hellip; Leia Mais<\/p>\n","protected":false},"author":2,"featured_media":0,"parent":602,"menu_order":0,"comment_status":"closed","ping_status":"closed","template":"","meta":{"_eb_attr":"","inline_featured_image":false,"site-sidebar-layout":"no-sidebar","site-content-layout":"page-builder","ast-site-content-layout":"default","site-content-style":"default","site-sidebar-style":"default","ast-global-header-display":"","ast-banner-title-visibility":"","ast-main-header-display":"","ast-hfb-above-header-display":"","ast-hfb-below-header-display":"","ast-hfb-mobile-header-display":"","site-post-title":"disabled","ast-breadcrumbs-content":"","ast-featured-img":"disabled","footer-sml-layout":"","ast-disable-related-posts":"","theme-transparent-header-meta":"","adv-header-id-meta":"","stick-header-meta":"","header-above-stick-meta":"","header-main-stick-meta":"","header-below-stick-meta":"","astra-migrate-meta-layouts":"default","ast-page-background-enabled":"default","ast-page-background-meta":{"desktop":{"background-color":"var(--ast-global-color-4)","background-image":"","background-repeat":"repeat","background-position":"center center","background-size":"auto","background-attachment":"scroll","background-type":"","background-media":"","overlay-type":"","overlay-color":"","overlay-opacity":"","overlay-gradient":""},"tablet":{"background-color":"","background-image":"","background-repeat":"repeat","background-position":"center center","background-size":"auto","background-attachment":"scroll","background-type":"","background-media":"","overlay-type":"","overlay-color":"","overlay-opacity":"","overlay-gradient":""},"mobile":{"background-color":"","background-image":"","background-repeat":"repeat","background-position":"center center","background-size":"auto","background-attachment":"scroll","background-type":"","background-media":"","overlay-type":"","overlay-color":"","overlay-opacity":"","overlay-gradient":""}},"ast-content-background-meta":{"desktop":{"background-color":"var(--ast-global-color-5)","background-image":"","background-repeat":"repeat","background-position":"center center","background-size":"auto","background-attachment":"scroll","background-type":"","background-media":"","overlay-type":"","overlay-color":"","overlay-opacity":"","overlay-gradient":""},"tablet":{"background-color":"var(--ast-global-color-5)","background-image":"","background-repeat":"repeat","background-position":"center center","background-size":"auto","background-attachment":"scroll","background-type":"","background-media":"","overlay-type":"","overlay-color":"","overlay-opacity":"","overlay-gradient":""},"mobile":{"background-color":"var(--ast-global-color-5)","background-image":"","background-repeat":"repeat","background-position":"center center","background-size":"auto","background-attachment":"scroll","background-type":"","background-media":"","overlay-type":"","overlay-color":"","overlay-opacity":"","overlay-gradient":""}},"footnotes":""},"class_list":["post-1661","page","type-page","status-publish","hentry"],"_links":{"self":[{"href":"https:\/\/educ.rec.br\/ggsi\/index.php\/wp-json\/wp\/v2\/pages\/1661","targetHints":{"allow":["GET"]}}],"collection":[{"href":"https:\/\/educ.rec.br\/ggsi\/index.php\/wp-json\/wp\/v2\/pages"}],"about":[{"href":"https:\/\/educ.rec.br\/ggsi\/index.php\/wp-json\/wp\/v2\/types\/page"}],"author":[{"embeddable":true,"href":"https:\/\/educ.rec.br\/ggsi\/index.php\/wp-json\/wp\/v2\/users\/2"}],"replies":[{"embeddable":true,"href":"https:\/\/educ.rec.br\/ggsi\/index.php\/wp-json\/wp\/v2\/comments?post=1661"}],"version-history":[{"count":44,"href":"https:\/\/educ.rec.br\/ggsi\/index.php\/wp-json\/wp\/v2\/pages\/1661\/revisions"}],"predecessor-version":[{"id":1897,"href":"https:\/\/educ.rec.br\/ggsi\/index.php\/wp-json\/wp\/v2\/pages\/1661\/revisions\/1897"}],"up":[{"embeddable":true,"href":"https:\/\/educ.rec.br\/ggsi\/index.php\/wp-json\/wp\/v2\/pages\/602"}],"wp:attachment":[{"href":"https:\/\/educ.rec.br\/ggsi\/index.php\/wp-json\/wp\/v2\/media?parent=1661"}],"curies":[{"name":"wp","href":"https:\/\/api.w.org\/{rel}","templated":true}]}}