



{"id":16,"date":"2023-07-31T10:29:08","date_gmt":"2023-07-31T13:29:08","guid":{"rendered":"https:\/\/educ.rec.br\/portaleducacao\/?page_id=16"},"modified":"2023-09-04T08:56:15","modified_gmt":"2023-09-04T11:56:15","slug":"fale-conosco","status":"publish","type":"page","link":"https:\/\/educ.rec.br\/portaleducacao\/index.php\/fale-conosco\/","title":{"rendered":"FALE CONOSCO"},"content":{"rendered":"\t\t<div data-elementor-type=\"wp-page\" data-elementor-id=\"16\" class=\"elementor elementor-16\">\n\t\t\t\t<div class=\"wpr-parallax-multi-layer\" scalar-speed=\"10\" direction=\"\" style=\"overflow: hidden;\"><div data-depth=\"0.1\" style-top=\"32%\" style-left=\"11%\" class=\"wpr-parallax-ml-children elementor-repeater-item-8f3fe3e\"><img decoding=\"async\" src=\"\"><\/div><\/div>\t\t<section class=\"wpr-jarallax elementor-section elementor-top-section elementor-element elementor-element-36e2d459 elementor-section-height-min-height wpr-jarallax-yes wpr-parallax-yes elementor-section-boxed elementor-section-height-default elementor-section-items-middle wpr-particle-no wpr-sticky-section-no\" speed-data=\"1.4\" bg-image=\"https:\/\/educ.rec.br\/portaleducacao\/wp-content\/uploads\/2023\/08\/educacao_fundo-scaled.jpg\" scroll-effect=\"scroll\" data-id=\"36e2d459\" data-element_type=\"section\" data-e-type=\"section\" data-settings=\"{&quot;background_background&quot;:&quot;classic&quot;}\">\n\t\t\t\t\t\t\t<div class=\"elementor-background-overlay\"><\/div>\n\t\t\t\t\t\t\t<div class=\"elementor-container elementor-column-gap-default\">\n\t\t\t\t\t<div class=\"elementor-column elementor-col-50 elementor-top-column elementor-element elementor-element-10668696\" data-id=\"10668696\" data-element_type=\"column\" data-e-type=\"column\" data-settings=\"{&quot;background_background&quot;:&quot;classic&quot;}\">\n\t\t\t<div class=\"elementor-widget-wrap elementor-element-populated\">\n\t\t\t\t\t\t<div class=\"elementor-element elementor-element-13a403d8 elementor-widget elementor-widget-heading\" data-id=\"13a403d8\" data-element_type=\"widget\" data-e-type=\"widget\" data-widget_type=\"heading.default\">\n\t\t\t\t<div class=\"elementor-widget-container\">\n\t\t\t\t\t<h2 class=\"elementor-heading-title elementor-size-default\">FALE CONOSCO<\/h2>\t\t\t\t<\/div>\n\t\t\t\t<\/div>\n\t\t\t\t\t<\/div>\n\t\t<\/div>\n\t\t\t\t<div class=\"elementor-column elementor-col-50 elementor-top-column elementor-element elementor-element-593f6c73 pesquisas-subpaginas\" data-id=\"593f6c73\" data-element_type=\"column\" data-e-type=\"column\">\n\t\t\t<div class=\"elementor-widget-wrap elementor-element-populated\">\n\t\t\t\t\t\t<div class=\"elementor-element elementor-element-54a594b9 elementor-widget elementor-widget-shortcode\" data-id=\"54a594b9\" data-element_type=\"widget\" data-e-type=\"widget\" id=\"search-input\" data-widget_type=\"shortcode.default\">\n\t\t\t\t<div class=\"elementor-widget-container\">\n\t\t\t\t\t\t\t<div class=\"elementor-shortcode\"><form data-min-no-for-search=1 data-result-box-max-height=400 data-form-id=265 class=\"is-search-form is-form-style is-form-style-3 is-form-id-265 is-ajax-search\" action=\"https:\/\/educ.rec.br\/portaleducacao\/\" method=\"get\" role=\"search\" ><label for=\"is-search-input-265\"><span class=\"is-screen-reader-text\">Search for:<\/span><input  type=\"search\" id=\"is-search-input-265\" name=\"s\" value=\"\" class=\"is-search-input\" placeholder=\"O que voc\u00ea procura ?\" autocomplete=off \/><span class=\"is-loader-image\" style=\"display: none;background-image:url(https:\/\/educ.rec.br\/portaleducacao\/wp-content\/plugins\/add-search-to-menu\/public\/images\/spinner.gif);\" ><\/span><\/label><button type=\"submit\" class=\"is-search-submit\"><span class=\"is-screen-reader-text\">Search Button<\/span><span class=\"is-search-icon\"><svg focusable=\"false\" aria-label=\"Search\" xmlns=\"http:\/\/www.w3.org\/2000\/svg\" viewBox=\"0 0 24 24\" width=\"24px\"><path d=\"M15.5 14h-.79l-.28-.27C15.41 12.59 16 11.11 16 9.5 16 5.91 13.09 3 9.5 3S3 5.91 3 9.5 5.91 16 9.5 16c1.61 0 3.09-.59 4.23-1.57l.27.28v.79l5 4.99L20.49 19l-4.99-5zm-6 0C7.01 14 5 11.99 5 9.5S7.01 5 9.5 5 14 7.01 14 9.5 11.99 14 9.5 14z\"><\/path><\/svg><\/span><\/button><input type=\"hidden\" name=\"id\" value=\"265\" \/><\/form><\/div>\n\t\t\t\t\t\t<\/div>\n\t\t\t\t<\/div>\n\t\t\t\t\t<\/div>\n\t\t<\/div>\n\t\t\t\t\t<\/div>\n\t\t<\/section>\n\t\t\t\t<section class=\"elementor-section elementor-top-section elementor-element elementor-element-d4b4733 elementor-section-boxed elementor-section-height-default elementor-section-height-default wpr-particle-no wpr-jarallax-no wpr-parallax-no wpr-sticky-section-no\" data-id=\"d4b4733\" data-element_type=\"section\" data-e-type=\"section\">\n\t\t\t\t\t\t<div class=\"elementor-container elementor-column-gap-default\">\n\t\t\t\t\t<div class=\"elementor-column elementor-col-100 elementor-top-column elementor-element elementor-element-d9a3d66\" data-id=\"d9a3d66\" data-element_type=\"column\" data-e-type=\"column\">\n\t\t\t<div class=\"elementor-widget-wrap elementor-element-populated\">\n\t\t\t\t\t\t<div class=\"elementor-element elementor-element-ff522bf elementor-widget elementor-widget-spacer\" data-id=\"ff522bf\" data-element_type=\"widget\" data-e-type=\"widget\" data-widget_type=\"spacer.default\">\n\t\t\t\t<div class=\"elementor-widget-container\">\n\t\t\t\t\t\t\t<div class=\"elementor-spacer\">\n\t\t\t<div class=\"elementor-spacer-inner\"><\/div>\n\t\t<\/div>\n\t\t\t\t\t\t<\/div>\n\t\t\t\t<\/div>\n\t\t\t\t<div class=\"elementor-element elementor-element-a90c89d elementor-widget elementor-widget-heading\" data-id=\"a90c89d\" data-element_type=\"widget\" data-e-type=\"widget\" data-widget_type=\"heading.default\">\n\t\t\t\t<div class=\"elementor-widget-container\">\n\t\t\t\t\t<h2 class=\"elementor-heading-title elementor-size-default\">Formul\u00e1rio de contato<\/h2>\t\t\t\t<\/div>\n\t\t\t\t<\/div>\n\t\t\t\t<div class=\"elementor-element elementor-element-cfc0c48 elementor-widget elementor-widget-wpforms\" data-id=\"cfc0c48\" data-element_type=\"widget\" data-e-type=\"widget\" data-widget_type=\"wpforms.default\">\n\t\t\t\t<div class=\"elementor-widget-container\">\n\t\t\t\t\t<div class=\"wpforms-container wpforms-container-full wpforms-render-modern\" id=\"wpforms-803\"><form id=\"wpforms-form-803\" class=\"wpforms-validate wpforms-form wpforms-ajax-form\" data-formid=\"803\" method=\"post\" enctype=\"multipart\/form-data\" action=\"\/portaleducacao\/index.php\/wp-json\/wp\/v2\/pages\/16\" data-token=\"09b357c04408693c35f475e63f019a5b\" data-token-time=\"1776765709\"><noscript class=\"wpforms-error-noscript\">Ative o JavaScript no seu navegador para preencher este formul\u00e1rio.<\/noscript><div id=\"wpforms-error-noscript\" style=\"display: none;\">Ative o JavaScript no seu navegador para preencher este formul\u00e1rio.<\/div><div class=\"wpforms-field-container\"><div id=\"wpforms-803-field_0-container\" class=\"wpforms-field wpforms-field-name wpforms-one-half wpforms-first\" data-field-id=\"0\"><label class=\"wpforms-field-label\" for=\"wpforms-803-field_0\">Nome Completo <span class=\"wpforms-required-label\" aria-hidden=\"true\">*<\/span><\/label><input type=\"text\" id=\"wpforms-803-field_0\" class=\"wpforms-field-large wpforms-field-required\" name=\"wpforms[fields][0]\" aria-errormessage=\"wpforms-803-field_0-error\" required><\/div><div id=\"wpforms-803-field_1-container\" class=\"wpforms-field wpforms-field-email wpforms-one-half\" data-field-id=\"1\"><label class=\"wpforms-field-label\" for=\"wpforms-803-field_1\">Email <span class=\"wpforms-required-label\" aria-hidden=\"true\">*<\/span><\/label><input type=\"email\" id=\"wpforms-803-field_1\" class=\"wpforms-field-large wpforms-field-required\" name=\"wpforms[fields][1]\" spellcheck=\"false\" aria-errormessage=\"wpforms-803-field_1-error\" required><\/div><div id=\"wpforms-803-field_3-container\" class=\"wpforms-field wpforms-field-text\" data-field-id=\"3\"><label class=\"wpforms-field-label\" for=\"wpforms-803-field_3\">Assunto:<\/label><input type=\"text\" id=\"wpforms-803-field_3\" class=\"wpforms-field-medium\" name=\"wpforms[fields][3]\" aria-errormessage=\"wpforms-803-field_3-error\" ><\/div><div id=\"wpforms-803-field_2-container\" class=\"wpforms-field wpforms-field-textarea\" data-field-id=\"2\"><label class=\"wpforms-field-label\" for=\"wpforms-803-field_2\">Mensagem<\/label><textarea id=\"wpforms-803-field_2\" class=\"wpforms-field-medium\" name=\"wpforms[fields][2]\" aria-errormessage=\"wpforms-803-field_2-error\" ><\/textarea><\/div><\/div><!-- .wpforms-field-container --><div class=\"wpforms-submit-container\" ><input type=\"hidden\" name=\"wpforms[id]\" value=\"803\"><input type=\"hidden\" name=\"page_title\" value=\"\"><input type=\"hidden\" name=\"page_url\" value=\"https:\/\/educ.rec.br\/portaleducacao\/index.php\/wp-json\/wp\/v2\/pages\/16\"><input type=\"hidden\" name=\"url_referer\" value=\"\"><button type=\"submit\" name=\"wpforms[submit]\" id=\"wpforms-submit-803\" class=\"wpforms-submit\" data-alt-text=\"Sending...\" data-submit-text=\"Enviar\" aria-live=\"assertive\" value=\"wpforms-submit\">Enviar<\/button><img decoding=\"async\" src=\"https:\/\/educ.rec.br\/portaleducacao\/wp-content\/plugins\/wpforms-lite\/assets\/images\/submit-spin.svg\" class=\"wpforms-submit-spinner\" style=\"display: none;\" width=\"26\" height=\"26\" alt=\"Carregando\"><\/div><\/form><\/div>  <!-- .wpforms-container -->\t\t\t\t<\/div>\n\t\t\t\t<\/div>\n\t\t\t\t<div class=\"elementor-element elementor-element-d4bbef3 elementor-widget elementor-widget-heading\" data-id=\"d4bbef3\" data-element_type=\"widget\" data-e-type=\"widget\" data-widget_type=\"heading.default\">\n\t\t\t\t<div class=\"elementor-widget-container\">\n\t\t\t\t\t<h2 class=\"elementor-heading-title elementor-size-default\">Endere\u00e7o e antendimento<\/h2>\t\t\t\t<\/div>\n\t\t\t\t<\/div>\n\t\t\t\t\t<\/div>\n\t\t<\/div>\n\t\t\t\t\t<\/div>\n\t\t<\/section>\n\t\t\t\t<section class=\"elementor-section elementor-top-section elementor-element elementor-element-cc79200 elementor-section-boxed elementor-section-height-default elementor-section-height-default wpr-particle-no wpr-jarallax-no wpr-parallax-no wpr-sticky-section-no\" data-id=\"cc79200\" data-element_type=\"section\" data-e-type=\"section\" id=\"div-endereco\">\n\t\t\t\t\t\t<div class=\"elementor-container elementor-column-gap-default\">\n\t\t\t\t\t<div class=\"elementor-column elementor-col-100 elementor-top-column elementor-element elementor-element-6425aab\" data-id=\"6425aab\" data-element_type=\"column\" data-e-type=\"column\">\n\t\t\t<div class=\"elementor-widget-wrap elementor-element-populated\">\n\t\t\t\t\t\t<div class=\"elementor-element elementor-element-20ac1d1 elementor-widget elementor-widget-text-editor\" data-id=\"20ac1d1\" data-element_type=\"widget\" data-e-type=\"widget\" data-widget_type=\"text-editor.default\">\n\t\t\t\t<div class=\"elementor-widget-container\">\n\t\t\t\t\t\t\t\t\tA fim de melhorar a qualidade dos servi\u00e7os prestados pela Secretaria de Educa\u00e7\u00e3o do Recife, passaremos a utilizar o fale conosco da Ouvidoria Geral do Munic\u00edpio (<a href=\"ouvidoria.recife.pe.gov.br\">ouvidoria.recife.pe.gov.br<\/a>), que tem como funcionalidade permitir aos que desejarem manifestar quaisquer tipos de sugest\u00f5es, den\u00fancias, solicita\u00e7\u00f5es, reclama\u00e7\u00f5es e elogios.\t\t\t\t\t\t\t\t<\/div>\n\t\t\t\t<\/div>\n\t\t\t\t<div class=\"elementor-element elementor-element-192adc9 elementor-widget elementor-widget-google_maps\" data-id=\"192adc9\" data-element_type=\"widget\" data-e-type=\"widget\" data-widget_type=\"google_maps.default\">\n\t\t\t\t<div class=\"elementor-widget-container\">\n\t\t\t\t\t\t\t<div class=\"elementor-custom-embed\">\n\t\t\t<iframe loading=\"lazy\"\n\t\t\t\t\tsrc=\"https:\/\/maps.google.com\/maps?q=Cais%20do%20Apolo%2C%20925%20-%20Recife%2C%20PE%2C%2050030-230&#038;t=m&#038;z=14&#038;output=embed&#038;iwloc=near\"\n\t\t\t\t\ttitle=\"Cais do Apolo, 925 - Recife, PE, 50030-230\"\n\t\t\t\t\taria-label=\"Cais do Apolo, 925 - Recife, PE, 50030-230\"\n\t\t\t><\/iframe>\n\t\t<\/div>\n\t\t\t\t\t\t<\/div>\n\t\t\t\t<\/div>\n\t\t\t\t<div class=\"elementor-element elementor-element-bbbed5d elementor-widget elementor-widget-spacer\" data-id=\"bbbed5d\" data-element_type=\"widget\" data-e-type=\"widget\" data-widget_type=\"spacer.default\">\n\t\t\t\t<div class=\"elementor-widget-container\">\n\t\t\t\t\t\t\t<div class=\"elementor-spacer\">\n\t\t\t<div class=\"elementor-spacer-inner\"><\/div>\n\t\t<\/div>\n\t\t\t\t\t\t<\/div>\n\t\t\t\t<\/div>\n\t\t\t\t<div class=\"elementor-element elementor-element-16d848d elementor-widget elementor-widget-heading\" data-id=\"16d848d\" data-element_type=\"widget\" data-e-type=\"widget\" data-widget_type=\"heading.default\">\n\t\t\t\t<div class=\"elementor-widget-container\">\n\t\t\t\t\t<h2 class=\"elementor-heading-title elementor-size-default\">Outros canais de acesso:<\/h2>\t\t\t\t<\/div>\n\t\t\t\t<\/div>\n\t\t\t\t<div class=\"elementor-element elementor-element-0f9cba3 elementor-widget elementor-widget-text-editor\" data-id=\"0f9cba3\" data-element_type=\"widget\" data-e-type=\"widget\" data-widget_type=\"text-editor.default\">\n\t\t\t\t<div class=\"elementor-widget-container\">\n\t\t\t\t\t\t\t\t\t<p><strong>Outros canais de acesso:<\/strong><br \/><strong>Teleatendimento:<\/strong> <a href=\"tel:0800 281 0040\">0800 281 0040<\/a> segunda a sexta das 07h \u00e0s 17h (Novo hor\u00e1rio de atendimento)<br \/><strong>E-mail:<\/strong> <a href=\"mailto:ouvidoria@recife.pe.gov.br\">ouvidoria@recife.pe.gov.br<\/a><br \/><strong>Atendimento Presencial:<\/strong> Sede da Prefeitura do Recife (segunda a sexta 08h \u00e0s 17h)<br \/><strong>Fa\u00e7a online sua manifesta\u00e7\u00e3o:<\/strong> <a href=\"http:\/\/ouvidoria.recife.pe.gov.br\/registre-sua-manifestacao\">http:\/\/ouvidoria.recife.pe.gov.br\/registre-sua-manifestacao<\/a><\/p>\t\t\t\t\t\t\t\t<\/div>\n\t\t\t\t<\/div>\n\t\t\t\t<div class=\"elementor-element elementor-element-f4242f9 elementor-widget elementor-widget-html\" data-id=\"f4242f9\" data-element_type=\"widget\" data-e-type=\"widget\" data-widget_type=\"html.default\">\n\t\t\t\t<div class=\"elementor-widget-container\">\n\t\t\t\t\t<style>\r\n    #search-input{\r\n        z-index: 1;\r\n    }\r\n    #div-endereco a{\r\n        text-decoration: none!important;\r\n        color: #0F57BF;\r\n        font-weight: 30px;\r\n    }\r\n<\/style>\t\t\t\t<\/div>\n\t\t\t\t<\/div>\n\t\t\t\t\t<\/div>\n\t\t<\/div>\n\t\t\t\t\t<\/div>\n\t\t<\/section>\n\t\t\t\t<\/div>\n\t\t","protected":false},"excerpt":{"rendered":"<p>FALE CONOSCO Formul\u00e1rio de contato Ative o JavaScript no seu navegador para preencher este formul\u00e1rio.Ative o JavaScript no seu navegador para preencher este formul\u00e1rio.Nome Completo *Email *Assunto:Mensagem Enviar Endere\u00e7o e antendimento A fim de melhorar a qualidade dos servi\u00e7os prestados pela Secretaria de Educa\u00e7\u00e3o do Recife, passaremos a utilizar o fale conosco da Ouvidoria Geral do Munic\u00edpio (ouvidoria.recife.pe.gov.br), que tem como funcionalidade permitir aos que desejarem manifestar quaisquer tipos de sugest\u00f5es, den\u00fancias, solicita\u00e7\u00f5es, reclama\u00e7\u00f5es e elogios. Outros canais de acesso: Outros canais de acesso:Teleatendimento: 0800 281 0040 segunda a sexta das 07h \u00e0s 17h (Novo hor\u00e1rio de atendimento)E-mail: ouvidoria@recife.pe.gov.brAtendimento Presencial: Sede da Prefeitura do Recife (segunda a sexta 08h \u00e0s 17h)Fa\u00e7a online sua manifesta\u00e7\u00e3o: http:\/\/ouvidoria.recife.pe.gov.br\/registre-sua-manifestacao<\/p>\n","protected":false},"author":1,"featured_media":0,"parent":0,"menu_order":0,"comment_status":"closed","ping_status":"open","template":"","meta":{"site-sidebar-layout":"no-sidebar","site-content-layout":"page-builder","ast-site-content-layout":"default","site-content-style":"default","site-sidebar-style":"default","ast-global-header-display":"","ast-banner-title-visibility":"","ast-main-header-display":"","ast-hfb-above-header-display":"","ast-hfb-below-header-display":"","ast-hfb-mobile-header-display":"","site-post-title":"disabled","ast-breadcrumbs-content":"","ast-featured-img":"disabled","footer-sml-layout":"","ast-disable-related-posts":"","theme-transparent-header-meta":"","adv-header-id-meta":"","stick-header-meta":"","header-above-stick-meta":"","header-main-stick-meta":"","header-below-stick-meta":"","astra-migrate-meta-layouts":"default","ast-page-background-enabled":"default","ast-page-background-meta":{"desktop":{"background-color":"var(--ast-global-color-4)","background-image":"","background-repeat":"repeat","background-position":"center center","background-size":"auto","background-attachment":"scroll","background-type":"","background-media":"","overlay-type":"","overlay-color":"","overlay-opacity":"","overlay-gradient":""},"tablet":{"background-color":"","background-image":"","background-repeat":"repeat","background-position":"center center","background-size":"auto","background-attachment":"scroll","background-type":"","background-media":"","overlay-type":"","overlay-color":"","overlay-opacity":"","overlay-gradient":""},"mobile":{"background-color":"","background-image":"","background-repeat":"repeat","background-position":"center center","background-size":"auto","background-attachment":"scroll","background-type":"","background-media":"","overlay-type":"","overlay-color":"","overlay-opacity":"","overlay-gradient":""}},"ast-content-background-meta":{"desktop":{"background-color":"var(--ast-global-color-5)","background-image":"","background-repeat":"repeat","background-position":"center center","background-size":"auto","background-attachment":"scroll","background-type":"","background-media":"","overlay-type":"","overlay-color":"","overlay-opacity":"","overlay-gradient":""},"tablet":{"background-color":"var(--ast-global-color-5)","background-image":"","background-repeat":"repeat","background-position":"center center","background-size":"auto","background-attachment":"scroll","background-type":"","background-media":"","overlay-type":"","overlay-color":"","overlay-opacity":"","overlay-gradient":""},"mobile":{"background-color":"var(--ast-global-color-5)","background-image":"","background-repeat":"repeat","background-position":"center center","background-size":"auto","background-attachment":"scroll","background-type":"","background-media":"","overlay-type":"","overlay-color":"","overlay-opacity":"","overlay-gradient":""}},"footnotes":""},"class_list":["post-16","page","type-page","status-publish","hentry"],"rttpg_featured_image_url":null,"rttpg_author":{"display_name":"david","author_link":"https:\/\/educ.rec.br\/portaleducacao\/index.php\/author\/david\/"},"rttpg_comment":0,"rttpg_category":null,"rttpg_excerpt":"FALE CONOSCO Formul\u00e1rio de contato Ative o JavaScript no seu navegador para preencher este formul\u00e1rio.Ative o JavaScript no seu navegador para preencher este formul\u00e1rio.Nome Completo *Email *Assunto:Mensagem Enviar Endere\u00e7o e antendimento A fim de melhorar a qualidade dos servi\u00e7os prestados pela Secretaria de Educa\u00e7\u00e3o do Recife, passaremos a utilizar o fale conosco da Ouvidoria Geral&hellip;","_links":{"self":[{"href":"https:\/\/educ.rec.br\/portaleducacao\/index.php\/wp-json\/wp\/v2\/pages\/16","targetHints":{"allow":["GET"]}}],"collection":[{"href":"https:\/\/educ.rec.br\/portaleducacao\/index.php\/wp-json\/wp\/v2\/pages"}],"about":[{"href":"https:\/\/educ.rec.br\/portaleducacao\/index.php\/wp-json\/wp\/v2\/types\/page"}],"author":[{"embeddable":true,"href":"https:\/\/educ.rec.br\/portaleducacao\/index.php\/wp-json\/wp\/v2\/users\/1"}],"replies":[{"embeddable":true,"href":"https:\/\/educ.rec.br\/portaleducacao\/index.php\/wp-json\/wp\/v2\/comments?post=16"}],"version-history":[{"count":22,"href":"https:\/\/educ.rec.br\/portaleducacao\/index.php\/wp-json\/wp\/v2\/pages\/16\/revisions"}],"predecessor-version":[{"id":1596,"href":"https:\/\/educ.rec.br\/portaleducacao\/index.php\/wp-json\/wp\/v2\/pages\/16\/revisions\/1596"}],"wp:attachment":[{"href":"https:\/\/educ.rec.br\/portaleducacao\/index.php\/wp-json\/wp\/v2\/media?parent=16"}],"curies":[{"name":"wp","href":"https:\/\/api.w.org\/{rel}","templated":true}]}}