



{"id":20,"date":"2023-07-31T10:30:38","date_gmt":"2023-07-31T13:30:38","guid":{"rendered":"https:\/\/educ.rec.br\/portaleducacao\/?page_id=20"},"modified":"2025-09-22T17:00:07","modified_gmt":"2025-09-22T20:00:07","slug":"educacao_inclusiva","status":"publish","type":"page","link":"https:\/\/educ.rec.br\/portaleducacao\/index.php\/institucional\/educacao_inclusiva\/","title":{"rendered":"Educa\u00e7\u00e3o Inclusiva"},"content":{"rendered":"\t\t<div data-elementor-type=\"wp-page\" data-elementor-id=\"20\" class=\"elementor elementor-20\">\n\t\t\t\t<div class=\"wpr-parallax-multi-layer\" scalar-speed=\"10\" direction=\"\" style=\"overflow: hidden;\"><div data-depth=\"0.1\" style-top=\"32%\" style-left=\"11%\" class=\"wpr-parallax-ml-children elementor-repeater-item-8f3fe3e\"><img decoding=\"async\" src=\"\"><\/div><\/div>\t\t<section class=\"wpr-jarallax elementor-section elementor-top-section elementor-element elementor-element-6dd817ad elementor-section-height-min-height wpr-jarallax-yes wpr-parallax-yes elementor-section-boxed elementor-section-height-default elementor-section-items-middle wpr-particle-no wpr-sticky-section-no\" speed-data=\"1.4\" bg-image=\"https:\/\/educ.rec.br\/portaleducacao\/wp-content\/uploads\/2023\/08\/educacao_fundo-scaled.jpg\" scroll-effect=\"scroll\" data-id=\"6dd817ad\" data-element_type=\"section\" data-e-type=\"section\" data-settings=\"{&quot;background_background&quot;:&quot;classic&quot;}\">\n\t\t\t\t\t\t\t<div class=\"elementor-background-overlay\"><\/div>\n\t\t\t\t\t\t\t<div class=\"elementor-container elementor-column-gap-default\">\n\t\t\t\t\t<div class=\"elementor-column elementor-col-50 elementor-top-column elementor-element elementor-element-6cb2b8c6\" data-id=\"6cb2b8c6\" data-element_type=\"column\" data-e-type=\"column\" data-settings=\"{&quot;background_background&quot;:&quot;classic&quot;}\">\n\t\t\t<div class=\"elementor-widget-wrap elementor-element-populated\">\n\t\t\t\t\t\t<div class=\"elementor-element elementor-element-1a642438 elementor-widget elementor-widget-heading\" data-id=\"1a642438\" data-element_type=\"widget\" data-e-type=\"widget\" data-widget_type=\"heading.default\">\n\t\t\t\t<div class=\"elementor-widget-container\">\n\t\t\t\t\t<h2 class=\"elementor-heading-title elementor-size-default\">Educa\u00e7\u00e3o Inclusiva<\/h2>\t\t\t\t<\/div>\n\t\t\t\t<\/div>\n\t\t\t\t\t<\/div>\n\t\t<\/div>\n\t\t\t\t<div class=\"elementor-column elementor-col-50 elementor-top-column elementor-element elementor-element-22ffaa45\" data-id=\"22ffaa45\" data-element_type=\"column\" data-e-type=\"column\">\n\t\t\t<div class=\"elementor-widget-wrap elementor-element-populated\">\n\t\t\t\t\t\t<div class=\"elementor-element elementor-element-2f7a6dd7 elementor-widget elementor-widget-shortcode\" data-id=\"2f7a6dd7\" data-element_type=\"widget\" data-e-type=\"widget\" id=\"search-input\" data-widget_type=\"shortcode.default\">\n\t\t\t\t<div class=\"elementor-widget-container\">\n\t\t\t\t\t\t\t<div class=\"elementor-shortcode\"><form data-min-no-for-search=1 data-result-box-max-height=400 data-form-id=265 class=\"is-search-form is-form-style is-form-style-3 is-form-id-265 is-ajax-search\" action=\"https:\/\/educ.rec.br\/portaleducacao\/\" method=\"get\" role=\"search\" ><label for=\"is-search-input-265\"><span class=\"is-screen-reader-text\">Search for:<\/span><input  type=\"search\" id=\"is-search-input-265\" name=\"s\" value=\"\" class=\"is-search-input\" placeholder=\"O que voc\u00ea procura ?\" autocomplete=off \/><span class=\"is-loader-image\" style=\"display: none;background-image:url(https:\/\/educ.rec.br\/portaleducacao\/wp-content\/plugins\/add-search-to-menu\/public\/images\/spinner.gif);\" ><\/span><\/label><button type=\"submit\" class=\"is-search-submit\"><span class=\"is-screen-reader-text\">Search Button<\/span><span class=\"is-search-icon\"><svg focusable=\"false\" aria-label=\"Search\" xmlns=\"http:\/\/www.w3.org\/2000\/svg\" viewBox=\"0 0 24 24\" width=\"24px\"><path d=\"M15.5 14h-.79l-.28-.27C15.41 12.59 16 11.11 16 9.5 16 5.91 13.09 3 9.5 3S3 5.91 3 9.5 5.91 16 9.5 16c1.61 0 3.09-.59 4.23-1.57l.27.28v.79l5 4.99L20.49 19l-4.99-5zm-6 0C7.01 14 5 11.99 5 9.5S7.01 5 9.5 5 14 7.01 14 9.5 11.99 14 9.5 14z\"><\/path><\/svg><\/span><\/button><input type=\"hidden\" name=\"id\" value=\"265\" \/><\/form><\/div>\n\t\t\t\t\t\t<\/div>\n\t\t\t\t<\/div>\n\t\t\t\t\t<\/div>\n\t\t<\/div>\n\t\t\t\t\t<\/div>\n\t\t<\/section>\n\t\t\t\t<section class=\"elementor-section elementor-top-section elementor-element elementor-element-1078ef4 elementor-section-boxed elementor-section-height-default elementor-section-height-default wpr-particle-no wpr-jarallax-no wpr-parallax-no wpr-sticky-section-no\" data-id=\"1078ef4\" data-element_type=\"section\" data-e-type=\"section\" data-settings=\"{&quot;background_background&quot;:&quot;classic&quot;}\">\n\t\t\t\t\t\t<div class=\"elementor-container elementor-column-gap-default\">\n\t\t\t\t\t<div class=\"elementor-column elementor-col-50 elementor-top-column elementor-element elementor-element-8f6124d\" data-id=\"8f6124d\" data-element_type=\"column\" data-e-type=\"column\">\n\t\t\t<div class=\"elementor-widget-wrap elementor-element-populated\">\n\t\t\t\t\t\t<div class=\"elementor-element elementor-element-5e4c00c elementor-widget elementor-widget-spacer\" data-id=\"5e4c00c\" data-element_type=\"widget\" data-e-type=\"widget\" data-widget_type=\"spacer.default\">\n\t\t\t\t<div class=\"elementor-widget-container\">\n\t\t\t\t\t\t\t<div class=\"elementor-spacer\">\n\t\t\t<div class=\"elementor-spacer-inner\"><\/div>\n\t\t<\/div>\n\t\t\t\t\t\t<\/div>\n\t\t\t\t<\/div>\n\t\t\t\t<div class=\"elementor-element elementor-element-41fc0ff elementor-widget elementor-widget-image\" data-id=\"41fc0ff\" data-element_type=\"widget\" data-e-type=\"widget\" data-widget_type=\"image.default\">\n\t\t\t\t<div class=\"elementor-widget-container\">\n\t\t\t\t\t\t\t\t\t\t\t\t\t\t\t<img fetchpriority=\"high\" decoding=\"async\" width=\"2560\" height=\"1707\" src=\"https:\/\/educ.rec.br\/portaleducacao\/wp-content\/uploads\/2025\/09\/PH-5-scaled.jpg\" class=\"attachment-full size-full wp-image-5872\" alt=\"\" srcset=\"https:\/\/educ.rec.br\/portaleducacao\/wp-content\/uploads\/2025\/09\/PH-5-scaled.jpg 2560w, https:\/\/educ.rec.br\/portaleducacao\/wp-content\/uploads\/2025\/09\/PH-5-300x200.jpg 300w, https:\/\/educ.rec.br\/portaleducacao\/wp-content\/uploads\/2025\/09\/PH-5-1024x683.jpg 1024w, https:\/\/educ.rec.br\/portaleducacao\/wp-content\/uploads\/2025\/09\/PH-5-768x512.jpg 768w, https:\/\/educ.rec.br\/portaleducacao\/wp-content\/uploads\/2025\/09\/PH-5-50x33.jpg 50w, https:\/\/educ.rec.br\/portaleducacao\/wp-content\/uploads\/2025\/09\/PH-5-1600x1067.jpg 1600w, https:\/\/educ.rec.br\/portaleducacao\/wp-content\/uploads\/2025\/09\/PH-5-1536x1024.jpg 1536w, https:\/\/educ.rec.br\/portaleducacao\/wp-content\/uploads\/2025\/09\/PH-5-2048x1365.jpg 2048w\" sizes=\"(max-width: 2560px) 100vw, 2560px\" \/>\t\t\t\t\t\t\t\t\t\t\t\t\t\t\t<\/div>\n\t\t\t\t<\/div>\n\t\t\t\t<div class=\"elementor-element elementor-element-83820d0 elementor-absolute elementor-widget elementor-widget-image\" data-id=\"83820d0\" data-element_type=\"widget\" data-e-type=\"widget\" data-settings=\"{&quot;_position&quot;:&quot;absolute&quot;}\" data-widget_type=\"image.default\">\n\t\t\t\t<div class=\"elementor-widget-container\">\n\t\t\t\t\t\t\t\t\t\t\t\t\t\t\t<img decoding=\"async\" width=\"2560\" height=\"1707\" src=\"https:\/\/educ.rec.br\/portaleducacao\/wp-content\/uploads\/2025\/09\/PH-26-scaled.jpg\" class=\"attachment-full size-full wp-image-5873\" alt=\"\" srcset=\"https:\/\/educ.rec.br\/portaleducacao\/wp-content\/uploads\/2025\/09\/PH-26-scaled.jpg 2560w, https:\/\/educ.rec.br\/portaleducacao\/wp-content\/uploads\/2025\/09\/PH-26-300x200.jpg 300w, https:\/\/educ.rec.br\/portaleducacao\/wp-content\/uploads\/2025\/09\/PH-26-1024x683.jpg 1024w, https:\/\/educ.rec.br\/portaleducacao\/wp-content\/uploads\/2025\/09\/PH-26-768x512.jpg 768w, https:\/\/educ.rec.br\/portaleducacao\/wp-content\/uploads\/2025\/09\/PH-26-50x33.jpg 50w, https:\/\/educ.rec.br\/portaleducacao\/wp-content\/uploads\/2025\/09\/PH-26-1600x1067.jpg 1600w, https:\/\/educ.rec.br\/portaleducacao\/wp-content\/uploads\/2025\/09\/PH-26-1536x1024.jpg 1536w, https:\/\/educ.rec.br\/portaleducacao\/wp-content\/uploads\/2025\/09\/PH-26-2048x1365.jpg 2048w\" sizes=\"(max-width: 2560px) 100vw, 2560px\" \/>\t\t\t\t\t\t\t\t\t\t\t\t\t\t\t<\/div>\n\t\t\t\t<\/div>\n\t\t\t\t<div class=\"elementor-element elementor-element-e28f8fc elementor-widget elementor-widget-spacer\" data-id=\"e28f8fc\" data-element_type=\"widget\" data-e-type=\"widget\" data-widget_type=\"spacer.default\">\n\t\t\t\t<div class=\"elementor-widget-container\">\n\t\t\t\t\t\t\t<div class=\"elementor-spacer\">\n\t\t\t<div class=\"elementor-spacer-inner\"><\/div>\n\t\t<\/div>\n\t\t\t\t\t\t<\/div>\n\t\t\t\t<\/div>\n\t\t\t\t\t<\/div>\n\t\t<\/div>\n\t\t\t\t<div class=\"elementor-column elementor-col-50 elementor-top-column elementor-element elementor-element-166a881\" data-id=\"166a881\" data-element_type=\"column\" data-e-type=\"column\">\n\t\t\t<div class=\"elementor-widget-wrap elementor-element-populated\">\n\t\t\t\t\t\t<div class=\"elementor-element elementor-element-7742e01 elementor-widget elementor-widget-spacer\" data-id=\"7742e01\" data-element_type=\"widget\" data-e-type=\"widget\" data-widget_type=\"spacer.default\">\n\t\t\t\t<div class=\"elementor-widget-container\">\n\t\t\t\t\t\t\t<div class=\"elementor-spacer\">\n\t\t\t<div class=\"elementor-spacer-inner\"><\/div>\n\t\t<\/div>\n\t\t\t\t\t\t<\/div>\n\t\t\t\t<\/div>\n\t\t\t\t<div class=\"elementor-element elementor-element-234dfb7 elementor-widget elementor-widget-html\" data-id=\"234dfb7\" data-element_type=\"widget\" data-e-type=\"widget\" data-widget_type=\"html.default\">\n\t\t\t\t<div class=\"elementor-widget-container\">\n\t\t\t\t\t<div class=\"side-bar\">\r\n    <a href=\"http:\/\/educ.rec.br\/escoladofuturoemcasa\/2021\/09\/01\/materiais-complementares-para-o-aee-legislacao-sobre-educacao-especial-e-inclusiva\/\">\r\n        <img decoding=\"async\" src=\"https:\/\/educ.rec.br\/portaleducacao\/wp-content\/uploads\/2023\/08\/Vector.png\">\r\n        <p>Legisla\u00e7\u00e3o sobre Educa\u00e7\u00e3o Especial e Inclusiva<\/p>\r\n        <svg xmlns=\"http:\/\/www.w3.org\/2000\/svg\" width=\"14\" height=\"15\" viewBox=\"0 0 14 15\" fill=\"none\">\r\n          <path d=\"M5.5 1.5H2.5C2.10218 1.5 1.72064 1.65804 1.43934 1.93934C1.15804 2.22064 1 2.60218 1 3V12C1 12.3978 1.15804 12.7794 1.43934 13.0607C1.72064 13.342 2.10218 13.5 2.5 13.5H11.5C11.8978 13.5 12.2794 13.342 12.5607 13.0607C12.842 12.7794 13 12.3978 13 12V9M7 7.5L13 1.5M13 1.5V5.25M13 1.5H9.25\" stroke=\"#1B2029\" stroke-width=\"1.5\" stroke-linecap=\"round\" stroke-linejoin=\"round\"\/>\r\n        <\/svg>\r\n    <\/a>\r\n        <a href=\"https:\/\/drive.google.com\/file\/d\/1WVBIim3bwiX_LOE6mcKeeBcwHeV1kt2S\/view\">\r\n        <img decoding=\"async\" src=\"https:\/\/educ.rec.br\/portaleducacao\/wp-content\/uploads\/2023\/08\/surdez.png\">\r\n        <p>Salas Bil\u00edngues<\/p>\r\n        <svg xmlns=\"http:\/\/www.w3.org\/2000\/svg\" width=\"14\" height=\"15\" viewBox=\"0 0 14 15\" fill=\"none\">\r\n          <path d=\"M5.5 1.5H2.5C2.10218 1.5 1.72064 1.65804 1.43934 1.93934C1.15804 2.22064 1 2.60218 1 3V12C1 12.3978 1.15804 12.7794 1.43934 13.0607C1.72064 13.342 2.10218 13.5 2.5 13.5H11.5C11.8978 13.5 12.2794 13.342 12.5607 13.0607C12.842 12.7794 13 12.3978 13 12V9M7 7.5L13 1.5M13 1.5V5.25M13 1.5H9.25\" stroke=\"#1B2029\" stroke-width=\"1.5\" stroke-linecap=\"round\" stroke-linejoin=\"round\"\/>\r\n        <\/svg>\r\n    <\/a>\r\n        <a href=\"http:\/\/educ.rec.br\/escoladofuturoemcasa\/2021\/08\/30\/materiais-complementares-para-o-aee-tecnologia-assistiva\/\">\r\n        <img decoding=\"async\" src=\"https:\/\/educ.rec.br\/portaleducacao\/wp-content\/uploads\/2023\/08\/Vector-1.png\">\r\n        <p>Tecnologia Assistiva<\/p>\r\n        <svg xmlns=\"http:\/\/www.w3.org\/2000\/svg\" width=\"14\" height=\"15\" viewBox=\"0 0 14 15\" fill=\"none\">\r\n          <path d=\"M5.5 1.5H2.5C2.10218 1.5 1.72064 1.65804 1.43934 1.93934C1.15804 2.22064 1 2.60218 1 3V12C1 12.3978 1.15804 12.7794 1.43934 13.0607C1.72064 13.342 2.10218 13.5 2.5 13.5H11.5C11.8978 13.5 12.2794 13.342 12.5607 13.0607C12.842 12.7794 13 12.3978 13 12V9M7 7.5L13 1.5M13 1.5V5.25M13 1.5H9.25\" stroke=\"#1B2029\" stroke-width=\"1.5\" stroke-linecap=\"round\" stroke-linejoin=\"round\"\/>\r\n        <\/svg>\r\n    <\/a>\r\n        <a href=\"https:\/\/educ.rec.br\/portaleducacao\/index.php\/institucional\/educacao_inclusiva\/educacao-inclusiva-altas-habilidades-e-superdotacao\/\">\r\n        <img decoding=\"async\" src=\"https:\/\/educ.rec.br\/portaleducacao\/wp-content\/uploads\/2023\/08\/icon.png\">\r\n        <p>Altas Habilidades \/ Superdota\u00e7\u00e3o<\/p>\r\n        <svg xmlns=\"http:\/\/www.w3.org\/2000\/svg\" width=\"14\" height=\"15\" viewBox=\"0 0 14 15\" fill=\"none\">\r\n          <path d=\"M5.5 1.5H2.5C2.10218 1.5 1.72064 1.65804 1.43934 1.93934C1.15804 2.22064 1 2.60218 1 3V12C1 12.3978 1.15804 12.7794 1.43934 13.0607C1.72064 13.342 2.10218 13.5 2.5 13.5H11.5C11.8978 13.5 12.2794 13.342 12.5607 13.0607C12.842 12.7794 13 12.3978 13 12V9M7 7.5L13 1.5M13 1.5V5.25M13 1.5H9.25\" stroke=\"#1B2029\" stroke-width=\"1.5\" stroke-linecap=\"round\" stroke-linejoin=\"round\"\/>\r\n        <\/svg>\r\n    <\/a>\r\n    <a href=\"https:\/\/educ.rec.br\/portaleducacao\/index.php\/institucional\/educacao-inclusiva-biblioteca-aee\/\">\r\n        <img decoding=\"async\" src=\"https:\/\/educ.rec.br\/portaleducacao\/wp-content\/uploads\/2023\/08\/ion_library-outline.png\">\r\n        <p>Biblioteca virtual do AEE<\/p>\r\n        <svg xmlns=\"http:\/\/www.w3.org\/2000\/svg\" width=\"14\" height=\"15\" viewBox=\"0 0 14 15\" fill=\"none\">\r\n          <path d=\"M5.5 1.5H2.5C2.10218 1.5 1.72064 1.65804 1.43934 1.93934C1.15804 2.22064 1 2.60218 1 3V12C1 12.3978 1.15804 12.7794 1.43934 13.0607C1.72064 13.342 2.10218 13.5 2.5 13.5H11.5C11.8978 13.5 12.2794 13.342 12.5607 13.0607C12.842 12.7794 13 12.3978 13 12V9M7 7.5L13 1.5M13 1.5V5.25M13 1.5H9.25\" stroke=\"#1B2029\" stroke-width=\"1.5\" stroke-linecap=\"round\" stroke-linejoin=\"round\"\/>\r\n        <\/svg>\r\n    <\/a>\r\n    <a href=\"https:\/\/drive.google.com\/file\/d\/1KN--RlOBEsosWnDF6lQjmHa6qKevYpSF\/view\">\r\n        <i class=\"bi bi-card-text fs-2 text-primary\"><\/i>\r\n        <p>Decreto<\/p>\r\n        <svg xmlns=\"http:\/\/www.w3.org\/2000\/svg\" width=\"14\" height=\"15\" viewBox=\"0 0 14 15\" fill=\"none\">\r\n          <path d=\"M5.5 1.5H2.5C2.10218 1.5 1.72064 1.65804 1.43934 1.93934C1.15804 2.22064 1 2.60218 1 3V12C1 12.3978 1.15804 12.7794 1.43934 13.0607C1.72064 13.342 2.10218 13.5 2.5 13.5H11.5C11.8978 13.5 12.2794 13.342 12.5607 13.0607C12.842 12.7794 13 12.3978 13 12V9M7 7.5L13 1.5M13 1.5V5.25M13 1.5H9.25\" stroke=\"#1B2029\" stroke-width=\"1.5\" stroke-linecap=\"round\" stroke-linejoin=\"round\"\/>\r\n        <\/svg>\r\n    <\/a>\r\n    <a href=\"https:\/\/educ.rec.br\/portaleducacao\/index.php\/institucional\/educacao_inclusiva\/educacao-inclusiva-dicas-e-orientacoes\/\">\r\n        <i class=\"bi bi-info-circle fs-2 text-primary\"><\/i>\r\n        <p>Dicas e Orienta\u00e7\u00f5es de inclus\u00e3o<\/p>\r\n        <svg xmlns=\"http:\/\/www.w3.org\/2000\/svg\" width=\"14\" height=\"15\" viewBox=\"0 0 14 15\" fill=\"none\">\r\n          <path d=\"M5.5 1.5H2.5C2.10218 1.5 1.72064 1.65804 1.43934 1.93934C1.15804 2.22064 1 2.60218 1 3V12C1 12.3978 1.15804 12.7794 1.43934 13.0607C1.72064 13.342 2.10218 13.5 2.5 13.5H11.5C11.8978 13.5 12.2794 13.342 12.5607 13.0607C12.842 12.7794 13 12.3978 13 12V9M7 7.5L13 1.5M13 1.5V5.25M13 1.5H9.25\" stroke=\"#1B2029\" stroke-width=\"1.5\" stroke-linecap=\"round\" stroke-linejoin=\"round\"\/>\r\n        <\/svg>\r\n    <\/a>\r\n    <a href=\"https:\/\/educ.rec.br\/portaleducacao\/index.php\/institucional\/educacao_inclusiva\/educacao-inclusiva-catalogos\/\">\r\n        <i class=\"bi bi-book fs-2 text-primary\"><\/i>\r\n        <p>Catalogos<\/p>\r\n        <svg xmlns=\"http:\/\/www.w3.org\/2000\/svg\" width=\"14\" height=\"15\" viewBox=\"0 0 14 15\" fill=\"none\">\r\n          <path d=\"M5.5 1.5H2.5C2.10218 1.5 1.72064 1.65804 1.43934 1.93934C1.15804 2.22064 1 2.60218 1 3V12C1 12.3978 1.15804 12.7794 1.43934 13.0607C1.72064 13.342 2.10218 13.5 2.5 13.5H11.5C11.8978 13.5 12.2794 13.342 12.5607 13.0607C12.842 12.7794 13 12.3978 13 12V9M7 7.5L13 1.5M13 1.5V5.25M13 1.5H9.25\" stroke=\"#1B2029\" stroke-width=\"1.5\" stroke-linecap=\"round\" stroke-linejoin=\"round\"\/>\r\n        <\/svg>\r\n    <\/a>\r\n<\/div>\r\n\t\t\t\t<\/div>\n\t\t\t\t<\/div>\n\t\t\t\t<div class=\"elementor-element elementor-element-ab22ba7 elementor-widget elementor-widget-spacer\" data-id=\"ab22ba7\" data-element_type=\"widget\" data-e-type=\"widget\" data-widget_type=\"spacer.default\">\n\t\t\t\t<div class=\"elementor-widget-container\">\n\t\t\t\t\t\t\t<div class=\"elementor-spacer\">\n\t\t\t<div class=\"elementor-spacer-inner\"><\/div>\n\t\t<\/div>\n\t\t\t\t\t\t<\/div>\n\t\t\t\t<\/div>\n\t\t\t\t<div class=\"elementor-element elementor-element-cff8bbb elementor-widget elementor-widget-image\" data-id=\"cff8bbb\" data-element_type=\"widget\" data-e-type=\"widget\" data-widget_type=\"image.default\">\n\t\t\t\t<div class=\"elementor-widget-container\">\n\t\t\t\t\t\t\t\t\t\t\t\t\t\t\t<img decoding=\"async\" width=\"1024\" height=\"683\" src=\"https:\/\/educ.rec.br\/portaleducacao\/wp-content\/uploads\/2025\/09\/PH-25-1024x683.jpg\" class=\"attachment-large size-large wp-image-5897\" alt=\"\" srcset=\"https:\/\/educ.rec.br\/portaleducacao\/wp-content\/uploads\/2025\/09\/PH-25-1024x683.jpg 1024w, https:\/\/educ.rec.br\/portaleducacao\/wp-content\/uploads\/2025\/09\/PH-25-300x200.jpg 300w, https:\/\/educ.rec.br\/portaleducacao\/wp-content\/uploads\/2025\/09\/PH-25-768x512.jpg 768w, https:\/\/educ.rec.br\/portaleducacao\/wp-content\/uploads\/2025\/09\/PH-25-50x33.jpg 50w, https:\/\/educ.rec.br\/portaleducacao\/wp-content\/uploads\/2025\/09\/PH-25-1600x1067.jpg 1600w, https:\/\/educ.rec.br\/portaleducacao\/wp-content\/uploads\/2025\/09\/PH-25-1536x1024.jpg 1536w, https:\/\/educ.rec.br\/portaleducacao\/wp-content\/uploads\/2025\/09\/PH-25-2048x1365.jpg 2048w\" sizes=\"(max-width: 1024px) 100vw, 1024px\" \/>\t\t\t\t\t\t\t\t\t\t\t\t\t\t\t<\/div>\n\t\t\t\t<\/div>\n\t\t\t\t\t<\/div>\n\t\t<\/div>\n\t\t\t\t\t<\/div>\n\t\t<\/section>\n\t\t\t\t<section class=\"elementor-section elementor-top-section elementor-element elementor-element-0c23f85 elementor-section-boxed elementor-section-height-default elementor-section-height-default wpr-particle-no wpr-jarallax-no wpr-parallax-no wpr-sticky-section-no\" data-id=\"0c23f85\" data-element_type=\"section\" data-e-type=\"section\">\n\t\t\t\t\t\t<div class=\"elementor-container elementor-column-gap-default\">\n\t\t\t\t\t<div class=\"elementor-column elementor-col-100 elementor-top-column elementor-element elementor-element-4ab523a\" data-id=\"4ab523a\" data-element_type=\"column\" data-e-type=\"column\">\n\t\t\t<div class=\"elementor-widget-wrap elementor-element-populated\">\n\t\t\t\t\t\t<div class=\"elementor-element elementor-element-f5492e3 elementor-widget elementor-widget-html\" data-id=\"f5492e3\" data-element_type=\"widget\" data-e-type=\"widget\" data-widget_type=\"html.default\">\n\t\t\t\t<div class=\"elementor-widget-container\">\n\t\t\t\t\t<style>\r\n    #search-input{\r\n        z-index: 1;\r\n    }\r\n    .side-bar{\r\n        display: flex;\r\n        flex-direction: column;\r\n        justify-content: center;\r\n        align-items: center;\r\n    }\r\n    .side-bar a{\r\n        display: flex;\r\n        justify-content:space-between;\r\n        align-items: center;\r\n        width: 90%;\r\n        height: 85px;\r\n        padding: 15px;\r\n        text-decoration: none!important;\r\n        text-align: start;\r\n        border-radius: 4px;\r\n        margin: 7px;\r\n        background-color: white;\r\n        color: #898B8F;\r\n        box-shadow: 0px 8px 16px 0px rgba(0, 0, 0, 0.08);\r\n    }\r\n    \r\n    .side-bar p{\r\n        margin-top: 5%;\r\n        color: #464E5C;\r\n    }\r\n<\/style>\r\n<link rel=\"stylesheet\" href=\"https:\/\/cdn.jsdelivr.net\/npm\/bootstrap@5.0.2\/dist\/css\/bootstrap.min.css\">\r\n\r\n<link rel=\"stylesheet\" href=\"https:\/\/cdn.jsdelivr.net\/npm\/bootstrap-icons@1.5.0\/font\/bootstrap-icons.css\">\r\n\r\n<script src=\"https:\/\/cdn.jsdelivr.net\/npm\/bootstrap@5.0.2\/dist\/js\/bootstrap.bundle.min.js\"><\/script>\r\n\r\n\r\n\t\t\t\t<\/div>\n\t\t\t\t<\/div>\n\t\t\t\t\t<\/div>\n\t\t<\/div>\n\t\t\t\t\t<\/div>\n\t\t<\/section>\n\t\t\t\t<\/div>\n\t\t","protected":false},"excerpt":{"rendered":"<p>Educa\u00e7\u00e3o Inclusiva Legisla\u00e7\u00e3o sobre Educa\u00e7\u00e3o Especial e Inclusiva Salas Bil\u00edngues Tecnologia Assistiva Altas Habilidades \/ Superdota\u00e7\u00e3o Biblioteca virtual do AEE Decreto Dicas e Orienta\u00e7\u00f5es de inclus\u00e3o Catalogos<\/p>\n","protected":false},"author":1,"featured_media":0,"parent":9,"menu_order":0,"comment_status":"closed","ping_status":"closed","template":"","meta":{"site-sidebar-layout":"no-sidebar","site-content-layout":"page-builder","ast-site-content-layout":"default","site-content-style":"default","site-sidebar-style":"default","ast-global-header-display":"","ast-banner-title-visibility":"","ast-main-header-display":"","ast-hfb-above-header-display":"","ast-hfb-below-header-display":"","ast-hfb-mobile-header-display":"","site-post-title":"disabled","ast-breadcrumbs-content":"","ast-featured-img":"disabled","footer-sml-layout":"","ast-disable-related-posts":"","theme-transparent-header-meta":"","adv-header-id-meta":"","stick-header-meta":"","header-above-stick-meta":"","header-main-stick-meta":"","header-below-stick-meta":"","astra-migrate-meta-layouts":"default","ast-page-background-enabled":"default","ast-page-background-meta":{"desktop":{"background-color":"var(--ast-global-color-4)","background-image":"","background-repeat":"repeat","background-position":"center center","background-size":"auto","background-attachment":"scroll","background-type":"","background-media":"","overlay-type":"","overlay-color":"","overlay-opacity":"","overlay-gradient":""},"tablet":{"background-color":"","background-image":"","background-repeat":"repeat","background-position":"center center","background-size":"auto","background-attachment":"scroll","background-type":"","background-media":"","overlay-type":"","overlay-color":"","overlay-opacity":"","overlay-gradient":""},"mobile":{"background-color":"","background-image":"","background-repeat":"repeat","background-position":"center center","background-size":"auto","background-attachment":"scroll","background-type":"","background-media":"","overlay-type":"","overlay-color":"","overlay-opacity":"","overlay-gradient":""}},"ast-content-background-meta":{"desktop":{"background-color":"var(--ast-global-color-5)","background-image":"","background-repeat":"repeat","background-position":"center center","background-size":"auto","background-attachment":"scroll","background-type":"","background-media":"","overlay-type":"","overlay-color":"","overlay-opacity":"","overlay-gradient":""},"tablet":{"background-color":"var(--ast-global-color-5)","background-image":"","background-repeat":"repeat","background-position":"center center","background-size":"auto","background-attachment":"scroll","background-type":"","background-media":"","overlay-type":"","overlay-color":"","overlay-opacity":"","overlay-gradient":""},"mobile":{"background-color":"var(--ast-global-color-5)","background-image":"","background-repeat":"repeat","background-position":"center center","background-size":"auto","background-attachment":"scroll","background-type":"","background-media":"","overlay-type":"","overlay-color":"","overlay-opacity":"","overlay-gradient":""}},"footnotes":""},"class_list":["post-20","page","type-page","status-publish","hentry"],"rttpg_featured_image_url":null,"rttpg_author":{"display_name":"david","author_link":"https:\/\/educ.rec.br\/portaleducacao\/index.php\/author\/david\/"},"rttpg_comment":0,"rttpg_category":null,"rttpg_excerpt":"Educa\u00e7\u00e3o Inclusiva Legisla\u00e7\u00e3o sobre Educa\u00e7\u00e3o Especial e Inclusiva Salas Bil\u00edngues Tecnologia Assistiva Altas Habilidades \/ Superdota\u00e7\u00e3o Biblioteca virtual do AEE Decreto Dicas e Orienta\u00e7\u00f5es de inclus\u00e3o Catalogos","_links":{"self":[{"href":"https:\/\/educ.rec.br\/portaleducacao\/index.php\/wp-json\/wp\/v2\/pages\/20","targetHints":{"allow":["GET"]}}],"collection":[{"href":"https:\/\/educ.rec.br\/portaleducacao\/index.php\/wp-json\/wp\/v2\/pages"}],"about":[{"href":"https:\/\/educ.rec.br\/portaleducacao\/index.php\/wp-json\/wp\/v2\/types\/page"}],"author":[{"embeddable":true,"href":"https:\/\/educ.rec.br\/portaleducacao\/index.php\/wp-json\/wp\/v2\/users\/1"}],"replies":[{"embeddable":true,"href":"https:\/\/educ.rec.br\/portaleducacao\/index.php\/wp-json\/wp\/v2\/comments?post=20"}],"version-history":[{"count":83,"href":"https:\/\/educ.rec.br\/portaleducacao\/index.php\/wp-json\/wp\/v2\/pages\/20\/revisions"}],"predecessor-version":[{"id":5903,"href":"https:\/\/educ.rec.br\/portaleducacao\/index.php\/wp-json\/wp\/v2\/pages\/20\/revisions\/5903"}],"up":[{"embeddable":true,"href":"https:\/\/educ.rec.br\/portaleducacao\/index.php\/wp-json\/wp\/v2\/pages\/9"}],"wp:attachment":[{"href":"https:\/\/educ.rec.br\/portaleducacao\/index.php\/wp-json\/wp\/v2\/media?parent=20"}],"curies":[{"name":"wp","href":"https:\/\/api.w.org\/{rel}","templated":true}]}}