



{"id":2268,"date":"2023-11-21T14:09:44","date_gmt":"2023-11-21T17:09:44","guid":{"rendered":"https:\/\/educ.rec.br\/portaleducacao\/?page_id=2268"},"modified":"2025-06-13T16:34:13","modified_gmt":"2025-06-13T19:34:13","slug":"educacao-conectada-orientacoes-gerais-e-duvidas-frequentes","status":"publish","type":"page","link":"https:\/\/educ.rec.br\/portaleducacao\/index.php\/educacao-conectada-orientacoes-gerais-e-duvidas-frequentes\/","title":{"rendered":"EDUCA\u00c7\u00c3O CONECTADA &#8211; Orienta\u00e7\u00f5es gerais e d\u00favidas frequentes"},"content":{"rendered":"\t\t<div data-elementor-type=\"wp-page\" data-elementor-id=\"2268\" class=\"elementor elementor-2268\">\n\t\t\t\t<div class=\"elementor-element elementor-element-8628096 e-flex e-con-boxed wpr-particle-no wpr-jarallax-no wpr-parallax-no wpr-sticky-section-no e-con e-parent\" data-id=\"8628096\" data-element_type=\"container\" data-e-type=\"container\" data-settings=\"{&quot;background_background&quot;:&quot;classic&quot;}\">\n\t\t\t\t\t<div class=\"e-con-inner\">\n\t\t<div class=\"elementor-element elementor-element-7b623dc4 e-con-full e-flex wpr-particle-no wpr-jarallax-no wpr-parallax-no wpr-sticky-section-no e-con e-child\" data-id=\"7b623dc4\" data-element_type=\"container\" data-e-type=\"container\" data-settings=\"{&quot;background_background&quot;:&quot;classic&quot;}\">\n\t\t\t\t<div class=\"elementor-element elementor-element-850617f elementor-widget__width-inherit wpr-search-form-style-outer wpr-search-form-position-right elementor-widget elementor-widget-wpr-search\" data-id=\"850617f\" data-element_type=\"widget\" data-e-type=\"widget\" data-widget_type=\"wpr-search.default\">\n\t\t\t\t<div class=\"elementor-widget-container\">\n\t\t\t\t\t\n\t\t<form role=\"search\" method=\"get\" class=\"wpr-search-form\" action=\"https:\/\/educ.rec.br\/portaleducacao\">\n\n\t\t\t<div class=\"wpr-search-form-input-wrap elementor-clearfix\">\n\t\t\t\t<input class=\"wpr-search-form-input\" placeholder=\"O que voc\u00ea procura?\" aria-label=\"O que voc\u00ea procura?\" type=\"search\" name=\"s\" title=\"Search\" value=\"\" wpr-query-type=\"all\" wpr-taxonomy-type=\"\" number-of-results=\"2\" ajax-search=\"\" meta-query=\"\" show-description=\"yes\" number-of-words=\"30\" show-ajax-thumbnails=\"\" show-view-result-btn=\"\" show-product-price=\"no\" view-result-text=\"View Results\" no-results=\"No Results Found\" exclude-without-thumb=\"\" link-target=\"_self\" password-protected=\"no\" attachments=\"no\">\n\t\t\t\t\t\t\t<\/div>\n\n\t\t\t\n\t\t<button class=\"wpr-search-form-submit\" aria-label=\"O que voc\u00ea procura?\" type=\"submit\">\n\t\t\t\t\t\t\t<i class=\"fas fa-search\"><\/i>\n\t\t\t\t\t<\/button>\n\n\t\t\t\t<\/form>\n\t\t<div class=\"wpr-data-fetch\">\n\t\t\t<span class=\"wpr-close-search\"><\/span>\n\t\t\t<ul><\/ul>\n\t\t\t\t\t<\/div>\n\t\t\n\t\t\t\t\t\t<\/div>\n\t\t\t\t<\/div>\n\t\t\t\t<\/div>\n\t\t\t\t\t<\/div>\n\t\t\t\t<\/div>\n\t\t\t\t<section class=\"elementor-section elementor-top-section elementor-element elementor-element-a9bb90a elementor-section-boxed elementor-section-height-default elementor-section-height-default wpr-particle-no wpr-jarallax-no wpr-parallax-no wpr-sticky-section-no\" data-id=\"a9bb90a\" data-element_type=\"section\" data-e-type=\"section\">\n\t\t\t\t\t\t<div class=\"elementor-container elementor-column-gap-default\">\n\t\t\t\t\t<div class=\"elementor-column elementor-col-100 elementor-top-column elementor-element elementor-element-d5a7500\" data-id=\"d5a7500\" data-element_type=\"column\" data-e-type=\"column\">\n\t\t\t<div class=\"elementor-widget-wrap elementor-element-populated\">\n\t\t\t\t\t\t<div class=\"elementor-element elementor-element-563ce95 elementor-widget elementor-widget-heading\" data-id=\"563ce95\" data-element_type=\"widget\" data-e-type=\"widget\" data-widget_type=\"heading.default\">\n\t\t\t\t<div class=\"elementor-widget-container\">\n\t\t\t\t\t<h2 class=\"elementor-heading-title elementor-size-default\">EDUCA\u00c7\u00c3O CONECTADA - Orienta\u00e7\u00f5es gerais e d\u00favidas frequentes <\/h2>\t\t\t\t<\/div>\n\t\t\t\t<\/div>\n\t\t\t\t\t<\/div>\n\t\t<\/div>\n\t\t\t\t\t<\/div>\n\t\t<\/section>\n\t\t\t\t<section class=\"elementor-section elementor-top-section elementor-element elementor-element-9f1b7eb elementor-section-boxed elementor-section-height-default elementor-section-height-default wpr-particle-no wpr-jarallax-no wpr-parallax-no wpr-sticky-section-no\" data-id=\"9f1b7eb\" data-element_type=\"section\" data-e-type=\"section\">\n\t\t\t\t\t\t<div class=\"elementor-container elementor-column-gap-default\">\n\t\t\t\t\t<div class=\"elementor-column elementor-col-100 elementor-top-column elementor-element elementor-element-c0ec114\" data-id=\"c0ec114\" data-element_type=\"column\" data-e-type=\"column\">\n\t\t\t<div class=\"elementor-widget-wrap elementor-element-populated\">\n\t\t\t\t\t\t<div class=\"elementor-element elementor-element-b69c694 elementor-widget elementor-widget-spacer\" data-id=\"b69c694\" data-element_type=\"widget\" data-e-type=\"widget\" data-widget_type=\"spacer.default\">\n\t\t\t\t<div class=\"elementor-widget-container\">\n\t\t\t\t\t\t\t<div class=\"elementor-spacer\">\n\t\t\t<div class=\"elementor-spacer-inner\"><\/div>\n\t\t<\/div>\n\t\t\t\t\t\t<\/div>\n\t\t\t\t<\/div>\n\t\t\t\t\t<\/div>\n\t\t<\/div>\n\t\t\t\t\t<\/div>\n\t\t<\/section>\n\t\t\t\t<section class=\"elementor-section elementor-top-section elementor-element elementor-element-dfdcbd2 elementor-section-boxed elementor-section-height-default elementor-section-height-default wpr-particle-no wpr-jarallax-no wpr-parallax-no wpr-sticky-section-no\" data-id=\"dfdcbd2\" data-element_type=\"section\" data-e-type=\"section\">\n\t\t\t\t\t\t<div class=\"elementor-container elementor-column-gap-default\">\n\t\t\t\t\t<div class=\"elementor-column elementor-col-100 elementor-top-column elementor-element elementor-element-3547021\" data-id=\"3547021\" data-element_type=\"column\" data-e-type=\"column\">\n\t\t\t<div class=\"elementor-widget-wrap elementor-element-populated\">\n\t\t\t\t\t\t<div class=\"elementor-element elementor-element-2523ebd elementor-widget elementor-widget-text-editor\" data-id=\"2523ebd\" data-element_type=\"widget\" data-e-type=\"widget\" data-widget_type=\"text-editor.default\">\n\t\t\t\t<div class=\"elementor-widget-container\">\n\t\t\t\t\t\t\t\t\t<h5><strong>Ol\u00e1 Gestor(a)!<\/strong><\/h5><p>A Pol\u00edtica de Inova\u00e7\u00e3o Educa\u00e7\u00e3o Conectada &#8211; PIEC \u00e9 elemento central da Estrat\u00e9gia Nacional de Escolas Conectadas do governo federal que tem o objetivo de apoiar a universaliza\u00e7\u00e3o do acesso \u00e0 internet de alta velocidade e fomentar o uso pedag\u00f3gico de tecnologias digitais na Educa\u00e7\u00e3o B\u00e1sica. Neste exerc\u00edcio o PDDE Interativo trouxe, al\u00e9m do Plano de Aplica\u00e7\u00e3o Financeira &#8211; PAF, j\u00e1 dispon\u00edvel desde os anos anteriores, \u00e9 preciso preencher tamb\u00e9m o monitoramento\/diagn\u00f3stico. Esta etapa foi inserida em 2022 e \u00e9 obrigat\u00f3ria para conseguir receber o recurso. O objetivo dela \u00e9 apoiar voc\u00ea, gestor(a), a realizar um diagn\u00f3stico da escola e definir as prioridades em rela\u00e7\u00e3o \u00e0 conectividade considerando as quatro dimens\u00f5es: vis\u00e3o, forma\u00e7\u00e3o, recursos educacionais digitais e infraestrutura.<\/p><p>A etapa de ades\u00e3o e planejamento do uso do recurso j\u00e1 est\u00e1 aberta para as escolas contempladas. Fique atento(a) \u00e0s informa\u00e7\u00f5es que ser\u00e3o divulgadas pela Secretaria Municipal de Educa\u00e7\u00e3o de Recife!<\/p><p>Lembre-se que a instala\u00e7\u00e3o do Medidor Educa\u00e7\u00e3o Conectada \u00e9 uma ferramenta fundamental que acompanha a qualidade da internet que chega nas escolas. A instala\u00e7\u00e3o do software no computador \u00e9 uma exig\u00eancia das escolas participantes da PIEC 2025.<\/p><p>Abaixo, encontre as respostas para suas d\u00favidas a respeito do PDDE &#8211; Educa\u00e7\u00e3o Conectada.<\/p>\t\t\t\t\t\t\t\t<\/div>\n\t\t\t\t<\/div>\n\t\t\t\t\t<\/div>\n\t\t<\/div>\n\t\t\t\t\t<\/div>\n\t\t<\/section>\n\t\t\t\t<section class=\"elementor-section elementor-top-section elementor-element elementor-element-d2a2456 elementor-section-boxed elementor-section-height-default elementor-section-height-default wpr-particle-no wpr-jarallax-no wpr-parallax-no wpr-sticky-section-no\" data-id=\"d2a2456\" data-element_type=\"section\" data-e-type=\"section\">\n\t\t\t\t\t\t<div class=\"elementor-container elementor-column-gap-default\">\n\t\t\t\t\t<div class=\"elementor-column elementor-col-100 elementor-top-column elementor-element elementor-element-c069a1a\" data-id=\"c069a1a\" data-element_type=\"column\" data-e-type=\"column\">\n\t\t\t<div class=\"elementor-widget-wrap elementor-element-populated\">\n\t\t\t\t\t\t<div class=\"elementor-element elementor-element-e75d92f elementor-widget elementor-widget-image\" data-id=\"e75d92f\" data-element_type=\"widget\" data-e-type=\"widget\" data-widget_type=\"image.default\">\n\t\t\t\t<div class=\"elementor-widget-container\">\n\t\t\t\t\t\t\t\t\t\t\t\t\t\t\t\t<a href=\"https:\/\/drive.google.com\/file\/d\/1xodG9SC9jFn2SHxlr6I55ITKjANrZ-w0\/view\">\n\t\t\t\t\t\t\t<img decoding=\"async\" src=\"https:\/\/educ.rec.br\/portaleducacao\/wp-content\/uploads\/2023\/11\/0014923_Botoes-portal-PIEC-02.png\" title=\"\" alt=\"\" loading=\"lazy\" \/>\t\t\t\t\t\t\t\t<\/a>\n\t\t\t\t\t\t\t\t\t\t\t\t\t\t\t<\/div>\n\t\t\t\t<\/div>\n\t\t\t\t\t<\/div>\n\t\t<\/div>\n\t\t\t\t\t<\/div>\n\t\t<\/section>\n\t\t\t\t<section class=\"elementor-section elementor-top-section elementor-element elementor-element-a6e48e3 elementor-section-boxed elementor-section-height-default elementor-section-height-default wpr-particle-no wpr-jarallax-no wpr-parallax-no wpr-sticky-section-no\" data-id=\"a6e48e3\" data-element_type=\"section\" data-e-type=\"section\">\n\t\t\t\t\t\t<div class=\"elementor-container elementor-column-gap-default\">\n\t\t\t\t\t<div class=\"elementor-column elementor-col-100 elementor-top-column elementor-element elementor-element-6150aca\" data-id=\"6150aca\" data-element_type=\"column\" data-e-type=\"column\">\n\t\t\t<div class=\"elementor-widget-wrap\">\n\t\t\t\t\t\t\t<\/div>\n\t\t<\/div>\n\t\t\t\t\t<\/div>\n\t\t<\/section>\n\t\t\t\t<section class=\"elementor-section elementor-top-section elementor-element elementor-element-33ad937 elementor-section-boxed elementor-section-height-default elementor-section-height-default wpr-particle-no wpr-jarallax-no wpr-parallax-no wpr-sticky-section-no\" data-id=\"33ad937\" data-element_type=\"section\" data-e-type=\"section\">\n\t\t\t\t\t\t<div class=\"elementor-container elementor-column-gap-default\">\n\t\t\t\t\t<div class=\"elementor-column elementor-col-100 elementor-top-column elementor-element elementor-element-c005159\" data-id=\"c005159\" data-element_type=\"column\" data-e-type=\"column\">\n\t\t\t<div class=\"elementor-widget-wrap elementor-element-populated\">\n\t\t\t\t\t\t<div class=\"elementor-element elementor-element-076cb9c elementor-widget elementor-widget-premium-addon-image-button\" data-id=\"076cb9c\" data-element_type=\"widget\" data-e-type=\"widget\" data-widget_type=\"premium-addon-image-button.default\">\n\t\t\t\t<div class=\"elementor-widget-container\">\n\t\t\t\t\t\r\n\t\t<a class=\"premium-image-button-none premium-image-button premium-btn-block premium-image-button-none\" href=\"https:\/\/drive.google.com\/file\/d\/1xodG9SC9jFn2SHxlr6I55ITKjANrZ-w0\/view\" target=\"_blank\">\r\n\t\t\t<div class=\"premium-image-button-text-icon-wrapper\">\r\n\r\n\t\t\t\t\r\n\t\t\t\t\r\n\t\t\t<\/div>\r\n\r\n\t\t\t\r\n\t\t\t\r\n\t\t\t\r\n\t\t<\/a>\r\n\r\n\t\t\t\t\t\t<\/div>\n\t\t\t\t<\/div>\n\t\t\t\t<div class=\"elementor-element elementor-element-1a24c7f elementor-widget elementor-widget-premium-addon-image-button\" data-id=\"1a24c7f\" data-element_type=\"widget\" data-e-type=\"widget\" data-widget_type=\"premium-addon-image-button.default\">\n\t\t\t\t<div class=\"elementor-widget-container\">\n\t\t\t\t\t\r\n\t\t<a class=\"premium-image-button-none premium-image-button premium-btn-block premium-image-button-none\" href=\"https:\/\/educ.rec.br\/portaleducacao\/index.php\/piec-materias-de-apoio-2\/\" target=\"_blank\">\r\n\t\t\t<div class=\"premium-image-button-text-icon-wrapper\">\r\n\r\n\t\t\t\t\r\n\t\t\t\t\r\n\t\t\t<\/div>\r\n\r\n\t\t\t\r\n\t\t\t\r\n\t\t\t\r\n\t\t<\/a>\r\n\r\n\t\t\t\t\t\t<\/div>\n\t\t\t\t<\/div>\n\t\t\t\t<div class=\"elementor-element elementor-element-75dfeaf elementor-widget elementor-widget-premium-addon-image-button\" data-id=\"75dfeaf\" data-element_type=\"widget\" data-e-type=\"widget\" data-widget_type=\"premium-addon-image-button.default\">\n\t\t\t\t<div class=\"elementor-widget-container\">\n\t\t\t\t\t\r\n\t\t<a class=\"premium-image-button-none premium-image-button premium-btn-block premium-image-button-none\">\r\n\t\t\t<div class=\"premium-image-button-text-icon-wrapper\">\r\n\r\n\t\t\t\t\r\n\t\t\t\t\r\n\t\t\t<\/div>\r\n\r\n\t\t\t\r\n\t\t\t\r\n\t\t\t\r\n\t\t<\/a>\r\n\r\n\t\t\t\t\t\t<\/div>\n\t\t\t\t<\/div>\n\t\t\t\t\t<\/div>\n\t\t<\/div>\n\t\t\t\t\t<\/div>\n\t\t<\/section>\n\t\t\t\t<\/div>\n\t\t","protected":false},"excerpt":{"rendered":"<p>More than 2 results are available in the PRO version (This notice is only visible to admin users) EDUCA\u00c7\u00c3O CONECTADA &#8211; Orienta\u00e7\u00f5es gerais e d\u00favidas frequentes Ol\u00e1 Gestor(a)! A Pol\u00edtica de Inova\u00e7\u00e3o Educa\u00e7\u00e3o Conectada &#8211; PIEC \u00e9 elemento central da Estrat\u00e9gia Nacional de Escolas Conectadas do governo federal que tem o objetivo de apoiar a universaliza\u00e7\u00e3o do acesso \u00e0 internet de alta velocidade e fomentar o uso pedag\u00f3gico de tecnologias digitais na Educa\u00e7\u00e3o B\u00e1sica. Neste exerc\u00edcio o PDDE Interativo trouxe, al\u00e9m do Plano de Aplica\u00e7\u00e3o Financeira &#8211; PAF, j\u00e1 dispon\u00edvel desde os anos anteriores, \u00e9 preciso preencher tamb\u00e9m o monitoramento\/diagn\u00f3stico. Esta etapa foi inserida em 2022 e \u00e9 obrigat\u00f3ria para conseguir receber o recurso. O objetivo dela \u00e9 apoiar voc\u00ea, gestor(a), a realizar um diagn\u00f3stico da escola e definir as prioridades em rela\u00e7\u00e3o \u00e0 conectividade considerando as quatro dimens\u00f5es: vis\u00e3o, forma\u00e7\u00e3o, recursos educacionais digitais e infraestrutura. A etapa de ades\u00e3o e planejamento do uso do recurso j\u00e1 est\u00e1 aberta para as escolas contempladas. Fique atento(a) \u00e0s informa\u00e7\u00f5es que ser\u00e3o divulgadas pela Secretaria Municipal de Educa\u00e7\u00e3o de Recife! Lembre-se que a instala\u00e7\u00e3o do Medidor Educa\u00e7\u00e3o Conectada \u00e9 uma ferramenta fundamental que acompanha a qualidade da internet que chega nas escolas. A instala\u00e7\u00e3o do software no computador \u00e9 uma exig\u00eancia das escolas participantes da PIEC 2025. Abaixo, encontre as respostas para suas d\u00favidas a respeito do PDDE &#8211; Educa\u00e7\u00e3o Conectada.<\/p>\n","protected":false},"author":1,"featured_media":0,"parent":0,"menu_order":0,"comment_status":"closed","ping_status":"closed","template":"","meta":{"site-sidebar-layout":"no-sidebar","site-content-layout":"page-builder","ast-site-content-layout":"default","site-content-style":"default","site-sidebar-style":"default","ast-global-header-display":"","ast-banner-title-visibility":"","ast-main-header-display":"","ast-hfb-above-header-display":"","ast-hfb-below-header-display":"","ast-hfb-mobile-header-display":"","site-post-title":"disabled","ast-breadcrumbs-content":"","ast-featured-img":"disabled","footer-sml-layout":"","ast-disable-related-posts":"","theme-transparent-header-meta":"","adv-header-id-meta":"","stick-header-meta":"","header-above-stick-meta":"","header-main-stick-meta":"","header-below-stick-meta":"","astra-migrate-meta-layouts":"default","ast-page-background-enabled":"default","ast-page-background-meta":{"desktop":{"background-color":"var(--ast-global-color-4)","background-image":"","background-repeat":"repeat","background-position":"center center","background-size":"auto","background-attachment":"scroll","background-type":"","background-media":"","overlay-type":"","overlay-color":"","overlay-opacity":"","overlay-gradient":""},"tablet":{"background-color":"","background-image":"","background-repeat":"repeat","background-position":"center center","background-size":"auto","background-attachment":"scroll","background-type":"","background-media":"","overlay-type":"","overlay-color":"","overlay-opacity":"","overlay-gradient":""},"mobile":{"background-color":"","background-image":"","background-repeat":"repeat","background-position":"center center","background-size":"auto","background-attachment":"scroll","background-type":"","background-media":"","overlay-type":"","overlay-color":"","overlay-opacity":"","overlay-gradient":""}},"ast-content-background-meta":{"desktop":{"background-color":"var(--ast-global-color-5)","background-image":"","background-repeat":"repeat","background-position":"center center","background-size":"auto","background-attachment":"scroll","background-type":"","background-media":"","overlay-type":"","overlay-color":"","overlay-opacity":"","overlay-gradient":""},"tablet":{"background-color":"var(--ast-global-color-5)","background-image":"","background-repeat":"repeat","background-position":"center center","background-size":"auto","background-attachment":"scroll","background-type":"","background-media":"","overlay-type":"","overlay-color":"","overlay-opacity":"","overlay-gradient":""},"mobile":{"background-color":"var(--ast-global-color-5)","background-image":"","background-repeat":"repeat","background-position":"center center","background-size":"auto","background-attachment":"scroll","background-type":"","background-media":"","overlay-type":"","overlay-color":"","overlay-opacity":"","overlay-gradient":""}},"footnotes":""},"class_list":["post-2268","page","type-page","status-publish","hentry"],"rttpg_featured_image_url":null,"rttpg_author":{"display_name":"david","author_link":"https:\/\/educ.rec.br\/portaleducacao\/index.php\/author\/david\/"},"rttpg_comment":0,"rttpg_category":null,"rttpg_excerpt":"More than 2 results are available in the PRO version (This notice is only visible to admin users) EDUCA\u00c7\u00c3O CONECTADA &#8211; Orienta\u00e7\u00f5es gerais e d\u00favidas frequentes Ol\u00e1 Gestor(a)! A Pol\u00edtica de Inova\u00e7\u00e3o Educa\u00e7\u00e3o Conectada &#8211; PIEC \u00e9 elemento central da Estrat\u00e9gia Nacional de Escolas Conectadas do governo federal que tem o objetivo de apoiar a&hellip;","_links":{"self":[{"href":"https:\/\/educ.rec.br\/portaleducacao\/index.php\/wp-json\/wp\/v2\/pages\/2268","targetHints":{"allow":["GET"]}}],"collection":[{"href":"https:\/\/educ.rec.br\/portaleducacao\/index.php\/wp-json\/wp\/v2\/pages"}],"about":[{"href":"https:\/\/educ.rec.br\/portaleducacao\/index.php\/wp-json\/wp\/v2\/types\/page"}],"author":[{"embeddable":true,"href":"https:\/\/educ.rec.br\/portaleducacao\/index.php\/wp-json\/wp\/v2\/users\/1"}],"replies":[{"embeddable":true,"href":"https:\/\/educ.rec.br\/portaleducacao\/index.php\/wp-json\/wp\/v2\/comments?post=2268"}],"version-history":[{"count":49,"href":"https:\/\/educ.rec.br\/portaleducacao\/index.php\/wp-json\/wp\/v2\/pages\/2268\/revisions"}],"predecessor-version":[{"id":5144,"href":"https:\/\/educ.rec.br\/portaleducacao\/index.php\/wp-json\/wp\/v2\/pages\/2268\/revisions\/5144"}],"wp:attachment":[{"href":"https:\/\/educ.rec.br\/portaleducacao\/index.php\/wp-json\/wp\/v2\/media?parent=2268"}],"curies":[{"name":"wp","href":"https:\/\/api.w.org\/{rel}","templated":true}]}}