



{"id":5283,"date":"2025-08-04T14:05:58","date_gmt":"2025-08-04T17:05:58","guid":{"rendered":"https:\/\/educ.rec.br\/portaleducacao\/?page_id=5283"},"modified":"2025-08-04T14:11:44","modified_gmt":"2025-08-04T17:11:44","slug":"bolsa-atleta-documento-requerido","status":"publish","type":"page","link":"https:\/\/educ.rec.br\/portaleducacao\/index.php\/inicio\/servicos\/bolsa-atleta-documento-requerido\/","title":{"rendered":"Bolsa Atleta &#8211; Documento Requerido"},"content":{"rendered":"\t\t<div data-elementor-type=\"wp-page\" data-elementor-id=\"5283\" class=\"elementor elementor-5283\">\n\t\t\t\t<div class=\"wpr-parallax-multi-layer\" scalar-speed=\"10\" direction=\"\" style=\"overflow: hidden;\"><div data-depth=\"0.1\" style-top=\"32%\" style-left=\"11%\" class=\"wpr-parallax-ml-children elementor-repeater-item-8f3fe3e\"><img decoding=\"async\" src=\"\"><\/div><\/div>\t\t<section class=\"wpr-jarallax elementor-section elementor-top-section elementor-element elementor-element-26978dfa elementor-section-height-min-height wpr-jarallax-yes wpr-parallax-yes elementor-section-boxed elementor-section-height-default elementor-section-items-middle wpr-particle-no wpr-sticky-section-no\" speed-data=\"1.4\" bg-image=\"https:\/\/educ.rec.br\/portaleducacao\/wp-content\/uploads\/2023\/08\/educacao_fundo-scaled.jpg\" scroll-effect=\"scroll\" data-id=\"26978dfa\" data-element_type=\"section\" data-e-type=\"section\" data-settings=\"{&quot;background_background&quot;:&quot;classic&quot;}\">\n\t\t\t\t\t\t\t<div class=\"elementor-background-overlay\"><\/div>\n\t\t\t\t\t\t\t<div class=\"elementor-container elementor-column-gap-default\">\n\t\t\t\t\t<div class=\"elementor-column elementor-col-50 elementor-top-column elementor-element elementor-element-7869598\" data-id=\"7869598\" data-element_type=\"column\" data-e-type=\"column\" data-settings=\"{&quot;background_background&quot;:&quot;classic&quot;}\">\n\t\t\t<div class=\"elementor-widget-wrap elementor-element-populated\">\n\t\t\t\t\t\t<div class=\"elementor-element elementor-element-1cac58f2 elementor-widget elementor-widget-heading\" data-id=\"1cac58f2\" data-element_type=\"widget\" data-e-type=\"widget\" data-widget_type=\"heading.default\">\n\t\t\t\t<div class=\"elementor-widget-container\">\n\t\t\t\t\t<h2 class=\"elementor-heading-title elementor-size-default\">Bolsa Atleta<br>Documentos Requeridos<\/h2>\t\t\t\t<\/div>\n\t\t\t\t<\/div>\n\t\t\t\t\t<\/div>\n\t\t<\/div>\n\t\t\t\t<div class=\"elementor-column elementor-col-50 elementor-top-column elementor-element elementor-element-1a84e1ae\" data-id=\"1a84e1ae\" data-element_type=\"column\" data-e-type=\"column\">\n\t\t\t<div class=\"elementor-widget-wrap elementor-element-populated\">\n\t\t\t\t\t\t<div class=\"elementor-element elementor-element-27eb794f elementor-widget elementor-widget-shortcode\" data-id=\"27eb794f\" data-element_type=\"widget\" data-e-type=\"widget\" id=\"search-input\" data-widget_type=\"shortcode.default\">\n\t\t\t\t<div class=\"elementor-widget-container\">\n\t\t\t\t\t\t\t<div class=\"elementor-shortcode\"><form data-min-no-for-search=1 data-result-box-max-height=400 data-form-id=265 class=\"is-search-form is-form-style is-form-style-3 is-form-id-265 is-ajax-search\" action=\"https:\/\/educ.rec.br\/portaleducacao\/\" method=\"get\" role=\"search\" ><label for=\"is-search-input-265\"><span class=\"is-screen-reader-text\">Search for:<\/span><input  type=\"search\" id=\"is-search-input-265\" name=\"s\" value=\"\" class=\"is-search-input\" placeholder=\"O que voc\u00ea procura ?\" autocomplete=off \/><span class=\"is-loader-image\" style=\"display: none;background-image:url(https:\/\/educ.rec.br\/portaleducacao\/wp-content\/plugins\/add-search-to-menu\/public\/images\/spinner.gif);\" ><\/span><\/label><button type=\"submit\" class=\"is-search-submit\"><span class=\"is-screen-reader-text\">Search Button<\/span><span class=\"is-search-icon\"><svg focusable=\"false\" aria-label=\"Search\" xmlns=\"http:\/\/www.w3.org\/2000\/svg\" viewBox=\"0 0 24 24\" width=\"24px\"><path d=\"M15.5 14h-.79l-.28-.27C15.41 12.59 16 11.11 16 9.5 16 5.91 13.09 3 9.5 3S3 5.91 3 9.5 5.91 16 9.5 16c1.61 0 3.09-.59 4.23-1.57l.27.28v.79l5 4.99L20.49 19l-4.99-5zm-6 0C7.01 14 5 11.99 5 9.5S7.01 5 9.5 5 14 7.01 14 9.5 11.99 14 9.5 14z\"><\/path><\/svg><\/span><\/button><input type=\"hidden\" name=\"id\" value=\"265\" \/><\/form><\/div>\n\t\t\t\t\t\t<\/div>\n\t\t\t\t<\/div>\n\t\t\t\t\t<\/div>\n\t\t<\/div>\n\t\t\t\t\t<\/div>\n\t\t<\/section>\n\t\t<div class=\"elementor-element elementor-element-79c34ae e-con-full e-flex wpr-particle-no wpr-jarallax-no wpr-parallax-no wpr-sticky-section-no e-con e-parent\" data-id=\"79c34ae\" data-element_type=\"container\" data-e-type=\"container\">\n\t\t\t\t<div class=\"elementor-element elementor-element-a146d14 elementor-widget elementor-widget-spacer\" data-id=\"a146d14\" data-element_type=\"widget\" data-e-type=\"widget\" data-widget_type=\"spacer.default\">\n\t\t\t\t<div class=\"elementor-widget-container\">\n\t\t\t\t\t\t\t<div class=\"elementor-spacer\">\n\t\t\t<div class=\"elementor-spacer-inner\"><\/div>\n\t\t<\/div>\n\t\t\t\t\t\t<\/div>\n\t\t\t\t<\/div>\n\t\t\t\t<div class=\"elementor-element elementor-element-167bb19 elementor-widget elementor-widget-text-editor\" data-id=\"167bb19\" data-element_type=\"widget\" data-e-type=\"widget\" data-widget_type=\"text-editor.default\">\n\t\t\t\t<div class=\"elementor-widget-container\">\n\t\t\t\t\t\t\t\t\t<ol><li>Ficha de Inscri\u00e7\u00e3o (Anexo II);\u00a0<a href=\"https:\/\/drive.google.com\/file\/d\/1yD20_UllchxpAp6KyrYGuUTgT7v1MP-N\/view?usp=sharing\" target=\"_blank\" rel=\"noopener\">visualizar documento<\/a><\/li><li>C\u00f3pia do Comprovante de Resid\u00eancia no munic\u00edpio do Recife em nome do requerente ou do seu representante legal para os atletas\/paratletas menores de 18 anos.<\/li><li>C\u00f3pia de documento de identidade (RG)<\/li><li>C\u00f3pia do documento de Cadastro de Pessoa F\u00edsica do Minist\u00e9rio da Fazenda (CPF)<\/li><li>Declara\u00e7\u00e3o da institui\u00e7\u00e3o de ensino da Rede Municipal de Ensino P\u00fablico do Recife, atestando que j\u00e1 representou a referida institui\u00e7\u00e3o no ano do pleito \u00e0 bolsa e que est\u00e1 regularmente matriculado, em se tratando de Bolsa Atleta Estudantil Municipal e Estudantil Estadual (Anexo III);\u00a0<a href=\"https:\/\/drive.google.com\/file\/d\/1sZ_KVw-cnAkfVb2QBvtSgHRges9Ii5d7\/view?usp=sharing\" target=\"_blank\" rel=\"noopener\">visualizar documento<\/a><\/li><li>Declara\u00e7\u00e3o da institui\u00e7\u00e3o de ensino, atestando que est\u00e1 regularmente matriculado, em se tratando de Bolsa Atleta Recife (Anexo III);\u00a0<a href=\"https:\/\/drive.google.com\/file\/d\/1sZ_KVw-cnAkfVb2QBvtSgHRges9Ii5d7\/view?usp=sharing\" target=\"_blank\" rel=\"noopener\">visualizar documento<\/a><\/li><li>Declara\u00e7\u00e3o da entidade de pr\u00e1tica desportiva atestando que o atleta est\u00e1 vinculado a ela, que se encontra em plena atividade esportiva e que vem participando regularmente de competi\u00e7\u00f5es esportivas de \u00e2mbito estadual, nacional ou internacional em se tratando de Atleta Recife (Anexo IV);\u00a0<a href=\"https:\/\/drive.google.com\/file\/d\/1ADm1ulyknbHuLKnEoO6tdiCN2mfUEAV6\/view?usp=sharing\" target=\"_blank\" rel=\"noopener\">visualizar documento<\/a><\/li><li>Boletim oficial e declara\u00e7\u00e3o fornecida por entidade estadual ou nacional de administra\u00e7\u00e3o do desporto, atestando o resultado final na competi\u00e7\u00e3o, com as informa\u00e7\u00f5es necess\u00e1rias que possam enquadrar o requerente no requisito da categoria para o Bolsa Atleta Recife;<\/li><li>Declara\u00e7\u00e3o do atleta ou seu respons\u00e1vel legal, de que n\u00e3o recebe benef\u00edcio, a t\u00edtulo de bolsa financeira, sal\u00e1rio ou patroc\u00ednio (Anexo VI);\u00a0<a href=\"https:\/\/drive.google.com\/file\/d\/1lKzEhcdKhfJmRr6UgBlpmml9OaF7kFSB\/view?usp=sharing\" target=\"_blank\" rel=\"noopener\">visualizar documento<\/a><\/li><li>Planejamento esportivo anual, contendo plano de treinamento, objetivos, metas e calend\u00e1rio das participa\u00e7\u00f5es previstas para o ano de recebimento do benef\u00edcio (Anexo VII);\u00a0<a href=\"https:\/\/drive.google.com\/file\/d\/1HtKdXzVxrmvHnPNvkqUztvrjU1Wm4cAl\/view?usp=sharing\" target=\"_blank\" rel=\"noopener\">visualizar documento<\/a><\/li><li>C\u00f3pia do comprovante de conta corrente banc\u00e1ria em nome do atleta\/paratleta requerente;<\/li><li>Declara\u00e7\u00e3o do treinador do atleta e paratleta de assiduidade nos treinamentos (Anexo VIII);\u00a0<a href=\"https:\/\/drive.google.com\/file\/d\/1PzRry19qM_4r8cS9AxU2_tNdtXLiPJCa\/view?usp=sharing\" target=\"_blank\" rel=\"noopener\">visualizar documento<\/a><\/li><\/ol>\t\t\t\t\t\t\t\t<\/div>\n\t\t\t\t<\/div>\n\t\t\t\t<div class=\"elementor-element elementor-element-b6c1c8a elementor-widget elementor-widget-spacer\" data-id=\"b6c1c8a\" data-element_type=\"widget\" data-e-type=\"widget\" data-widget_type=\"spacer.default\">\n\t\t\t\t<div class=\"elementor-widget-container\">\n\t\t\t\t\t\t\t<div class=\"elementor-spacer\">\n\t\t\t<div class=\"elementor-spacer-inner\"><\/div>\n\t\t<\/div>\n\t\t\t\t\t\t<\/div>\n\t\t\t\t<\/div>\n\t\t\t\t<\/div>\n\t\t\t\t<\/div>\n\t\t","protected":false},"excerpt":{"rendered":"<p>Bolsa AtletaDocumentos Requeridos Ficha de Inscri\u00e7\u00e3o (Anexo II);\u00a0visualizar documento C\u00f3pia do Comprovante de Resid\u00eancia no munic\u00edpio do Recife em nome do requerente ou do seu representante legal para os atletas\/paratletas menores de 18 anos. C\u00f3pia de documento de identidade (RG) C\u00f3pia do documento de Cadastro de Pessoa F\u00edsica do Minist\u00e9rio da Fazenda (CPF) Declara\u00e7\u00e3o da institui\u00e7\u00e3o de ensino da Rede Municipal de Ensino P\u00fablico do Recife, atestando que j\u00e1 representou a referida institui\u00e7\u00e3o no ano do pleito \u00e0 bolsa e que est\u00e1 regularmente matriculado, em se tratando de Bolsa Atleta Estudantil Municipal e Estudantil Estadual (Anexo III);\u00a0visualizar documento Declara\u00e7\u00e3o da institui\u00e7\u00e3o de ensino, atestando que est\u00e1 regularmente matriculado, em se tratando de Bolsa Atleta Recife (Anexo III);\u00a0visualizar documento Declara\u00e7\u00e3o da entidade de pr\u00e1tica desportiva atestando que o atleta est\u00e1 vinculado a ela, que se encontra em plena atividade esportiva e que vem participando regularmente de competi\u00e7\u00f5es esportivas de \u00e2mbito estadual, nacional ou internacional em se tratando de Atleta Recife (Anexo IV);\u00a0visualizar documento Boletim oficial e declara\u00e7\u00e3o fornecida por entidade estadual ou nacional de administra\u00e7\u00e3o do desporto, atestando o resultado final na competi\u00e7\u00e3o, com as informa\u00e7\u00f5es necess\u00e1rias que possam enquadrar o requerente no requisito da categoria para o Bolsa Atleta Recife; Declara\u00e7\u00e3o do atleta ou seu respons\u00e1vel legal, de que n\u00e3o recebe benef\u00edcio, a t\u00edtulo de bolsa financeira, sal\u00e1rio ou patroc\u00ednio (Anexo VI);\u00a0visualizar documento Planejamento esportivo anual, contendo plano de treinamento, objetivos, metas e calend\u00e1rio das participa\u00e7\u00f5es previstas para o ano de recebimento do benef\u00edcio (Anexo VII);\u00a0visualizar documento C\u00f3pia do comprovante de conta corrente banc\u00e1ria em nome do atleta\/paratleta requerente; Declara\u00e7\u00e3o do treinador do atleta e paratleta de assiduidade nos treinamentos (Anexo VIII);\u00a0visualizar documento<\/p>\n","protected":false},"author":5,"featured_media":0,"parent":915,"menu_order":0,"comment_status":"closed","ping_status":"closed","template":"","meta":{"site-sidebar-layout":"no-sidebar","site-content-layout":"page-builder","ast-site-content-layout":"default","site-content-style":"default","site-sidebar-style":"default","ast-global-header-display":"","ast-banner-title-visibility":"","ast-main-header-display":"","ast-hfb-above-header-display":"","ast-hfb-below-header-display":"","ast-hfb-mobile-header-display":"","site-post-title":"disabled","ast-breadcrumbs-content":"","ast-featured-img":"disabled","footer-sml-layout":"","ast-disable-related-posts":"","theme-transparent-header-meta":"","adv-header-id-meta":"","stick-header-meta":"","header-above-stick-meta":"","header-main-stick-meta":"","header-below-stick-meta":"","astra-migrate-meta-layouts":"default","ast-page-background-enabled":"default","ast-page-background-meta":{"desktop":{"background-color":"var(--ast-global-color-4)","background-image":"","background-repeat":"repeat","background-position":"center center","background-size":"auto","background-attachment":"scroll","background-type":"","background-media":"","overlay-type":"","overlay-color":"","overlay-opacity":"","overlay-gradient":""},"tablet":{"background-color":"","background-image":"","background-repeat":"repeat","background-position":"center center","background-size":"auto","background-attachment":"scroll","background-type":"","background-media":"","overlay-type":"","overlay-color":"","overlay-opacity":"","overlay-gradient":""},"mobile":{"background-color":"","background-image":"","background-repeat":"repeat","background-position":"center center","background-size":"auto","background-attachment":"scroll","background-type":"","background-media":"","overlay-type":"","overlay-color":"","overlay-opacity":"","overlay-gradient":""}},"ast-content-background-meta":{"desktop":{"background-color":"var(--ast-global-color-5)","background-image":"","background-repeat":"repeat","background-position":"center center","background-size":"auto","background-attachment":"scroll","background-type":"","background-media":"","overlay-type":"","overlay-color":"","overlay-opacity":"","overlay-gradient":""},"tablet":{"background-color":"var(--ast-global-color-5)","background-image":"","background-repeat":"repeat","background-position":"center center","background-size":"auto","background-attachment":"scroll","background-type":"","background-media":"","overlay-type":"","overlay-color":"","overlay-opacity":"","overlay-gradient":""},"mobile":{"background-color":"var(--ast-global-color-5)","background-image":"","background-repeat":"repeat","background-position":"center center","background-size":"auto","background-attachment":"scroll","background-type":"","background-media":"","overlay-type":"","overlay-color":"","overlay-opacity":"","overlay-gradient":""}},"footnotes":""},"class_list":["post-5283","page","type-page","status-publish","hentry"],"rttpg_featured_image_url":null,"rttpg_author":{"display_name":"Guilherme Vila Nova","author_link":"https:\/\/educ.rec.br\/portaleducacao\/index.php\/author\/guilherme-vilanova\/"},"rttpg_comment":0,"rttpg_category":null,"rttpg_excerpt":"Bolsa AtletaDocumentos Requeridos Ficha de Inscri\u00e7\u00e3o (Anexo II);\u00a0visualizar documento C\u00f3pia do Comprovante de Resid\u00eancia no munic\u00edpio do Recife em nome do requerente ou do seu representante legal para os atletas\/paratletas menores de 18 anos. C\u00f3pia de documento de identidade (RG) C\u00f3pia do documento de Cadastro de Pessoa F\u00edsica do Minist\u00e9rio da Fazenda (CPF) Declara\u00e7\u00e3o da&hellip;","_links":{"self":[{"href":"https:\/\/educ.rec.br\/portaleducacao\/index.php\/wp-json\/wp\/v2\/pages\/5283","targetHints":{"allow":["GET"]}}],"collection":[{"href":"https:\/\/educ.rec.br\/portaleducacao\/index.php\/wp-json\/wp\/v2\/pages"}],"about":[{"href":"https:\/\/educ.rec.br\/portaleducacao\/index.php\/wp-json\/wp\/v2\/types\/page"}],"author":[{"embeddable":true,"href":"https:\/\/educ.rec.br\/portaleducacao\/index.php\/wp-json\/wp\/v2\/users\/5"}],"replies":[{"embeddable":true,"href":"https:\/\/educ.rec.br\/portaleducacao\/index.php\/wp-json\/wp\/v2\/comments?post=5283"}],"version-history":[{"count":15,"href":"https:\/\/educ.rec.br\/portaleducacao\/index.php\/wp-json\/wp\/v2\/pages\/5283\/revisions"}],"predecessor-version":[{"id":5299,"href":"https:\/\/educ.rec.br\/portaleducacao\/index.php\/wp-json\/wp\/v2\/pages\/5283\/revisions\/5299"}],"up":[{"embeddable":true,"href":"https:\/\/educ.rec.br\/portaleducacao\/index.php\/wp-json\/wp\/v2\/pages\/915"}],"wp:attachment":[{"href":"https:\/\/educ.rec.br\/portaleducacao\/index.php\/wp-json\/wp\/v2\/media?parent=5283"}],"curies":[{"name":"wp","href":"https:\/\/api.w.org\/{rel}","templated":true}]}}