



{"id":830,"date":"2023-08-22T09:11:29","date_gmt":"2023-08-22T12:11:29","guid":{"rendered":"https:\/\/educ.rec.br\/portaleducacao\/?page_id=830"},"modified":"2025-01-09T14:51:04","modified_gmt":"2025-01-09T17:51:04","slug":"noticias","status":"publish","type":"page","link":"https:\/\/educ.rec.br\/portaleducacao\/index.php\/inicio\/noticias\/","title":{"rendered":"Not\u00edcias"},"content":{"rendered":"\t\t<div data-elementor-type=\"wp-page\" data-elementor-id=\"830\" class=\"elementor elementor-830\">\n\t\t\t\t<div class=\"wpr-parallax-multi-layer\" scalar-speed=\"10\" direction=\"\" style=\"overflow: hidden;\"><div data-depth=\"0.1\" style-top=\"32%\" style-left=\"11%\" class=\"wpr-parallax-ml-children elementor-repeater-item-8f3fe3e\"><img decoding=\"async\" src=\"\"><\/div><\/div>\t\t<section class=\"wpr-jarallax elementor-section elementor-top-section elementor-element elementor-element-11e5dce2 elementor-section-height-min-height wpr-jarallax-yes wpr-parallax-yes elementor-section-boxed elementor-section-height-default elementor-section-items-middle wpr-particle-no wpr-sticky-section-no\" speed-data=\"1.4\" bg-image=\"https:\/\/educ.rec.br\/portaleducacao\/wp-content\/uploads\/2023\/08\/educacao_fundo-scaled.jpg\" scroll-effect=\"scroll\" data-id=\"11e5dce2\" data-element_type=\"section\" data-e-type=\"section\" data-settings=\"{&quot;background_background&quot;:&quot;classic&quot;}\">\n\t\t\t\t\t\t\t<div class=\"elementor-background-overlay\"><\/div>\n\t\t\t\t\t\t\t<div class=\"elementor-container elementor-column-gap-default\">\n\t\t\t\t\t<div class=\"elementor-column elementor-col-50 elementor-top-column elementor-element elementor-element-5cad36a0\" data-id=\"5cad36a0\" data-element_type=\"column\" data-e-type=\"column\" data-settings=\"{&quot;background_background&quot;:&quot;classic&quot;}\">\n\t\t\t<div class=\"elementor-widget-wrap elementor-element-populated\">\n\t\t\t\t\t\t<div class=\"elementor-element elementor-element-7797b5c0 elementor-widget elementor-widget-heading\" data-id=\"7797b5c0\" data-element_type=\"widget\" data-e-type=\"widget\" data-widget_type=\"heading.default\">\n\t\t\t\t<div class=\"elementor-widget-container\">\n\t\t\t\t\t<h2 class=\"elementor-heading-title elementor-size-default\">NOT\u00cdCIAS<\/h2>\t\t\t\t<\/div>\n\t\t\t\t<\/div>\n\t\t\t\t\t<\/div>\n\t\t<\/div>\n\t\t\t\t<div class=\"elementor-column elementor-col-50 elementor-top-column elementor-element elementor-element-62845695\" data-id=\"62845695\" data-element_type=\"column\" data-e-type=\"column\">\n\t\t\t<div class=\"elementor-widget-wrap elementor-element-populated\">\n\t\t\t\t\t\t<div class=\"elementor-element elementor-element-57a850ae elementor-widget elementor-widget-shortcode\" data-id=\"57a850ae\" data-element_type=\"widget\" data-e-type=\"widget\" id=\"search-input\" data-widget_type=\"shortcode.default\">\n\t\t\t\t<div class=\"elementor-widget-container\">\n\t\t\t\t\t\t\t<div class=\"elementor-shortcode\"><form data-min-no-for-search=1 data-result-box-max-height=400 data-form-id=265 class=\"is-search-form is-form-style is-form-style-3 is-form-id-265 is-ajax-search\" action=\"https:\/\/educ.rec.br\/portaleducacao\/\" method=\"get\" role=\"search\" ><label for=\"is-search-input-265\"><span class=\"is-screen-reader-text\">Search for:<\/span><input  type=\"search\" id=\"is-search-input-265\" name=\"s\" value=\"\" class=\"is-search-input\" placeholder=\"O que voc\u00ea procura ?\" autocomplete=off \/><span class=\"is-loader-image\" style=\"display: none;background-image:url(https:\/\/educ.rec.br\/portaleducacao\/wp-content\/plugins\/add-search-to-menu\/public\/images\/spinner.gif);\" ><\/span><\/label><button type=\"submit\" class=\"is-search-submit\"><span class=\"is-screen-reader-text\">Search Button<\/span><span class=\"is-search-icon\"><svg focusable=\"false\" aria-label=\"Search\" xmlns=\"http:\/\/www.w3.org\/2000\/svg\" viewBox=\"0 0 24 24\" width=\"24px\"><path d=\"M15.5 14h-.79l-.28-.27C15.41 12.59 16 11.11 16 9.5 16 5.91 13.09 3 9.5 3S3 5.91 3 9.5 5.91 16 9.5 16c1.61 0 3.09-.59 4.23-1.57l.27.28v.79l5 4.99L20.49 19l-4.99-5zm-6 0C7.01 14 5 11.99 5 9.5S7.01 5 9.5 5 14 7.01 14 9.5 11.99 14 9.5 14z\"><\/path><\/svg><\/span><\/button><input type=\"hidden\" name=\"id\" value=\"265\" \/><\/form><\/div>\n\t\t\t\t\t\t<\/div>\n\t\t\t\t<\/div>\n\t\t\t\t\t<\/div>\n\t\t<\/div>\n\t\t\t\t\t<\/div>\n\t\t<\/section>\n\t\t<div class=\"elementor-element elementor-element-d1eb4d8 e-flex e-con-boxed wpr-particle-no wpr-jarallax-no wpr-parallax-no wpr-sticky-section-no e-con e-parent\" data-id=\"d1eb4d8\" data-element_type=\"container\" data-e-type=\"container\">\n\t\t\t\t\t<div class=\"e-con-inner\">\n\t\t\t\t<div class=\"elementor-element elementor-element-721433f elementor-widget elementor-widget-spacer\" data-id=\"721433f\" data-element_type=\"widget\" data-e-type=\"widget\" data-widget_type=\"spacer.default\">\n\t\t\t\t<div class=\"elementor-widget-container\">\n\t\t\t\t\t\t\t<div class=\"elementor-spacer\">\n\t\t\t<div class=\"elementor-spacer-inner\"><\/div>\n\t\t<\/div>\n\t\t\t\t\t\t<\/div>\n\t\t\t\t<\/div>\n\t\t\t\t\t<\/div>\n\t\t\t\t<\/div>\n\t\t<div class=\"elementor-element elementor-element-659a0e3 e-flex e-con-boxed wpr-particle-no wpr-jarallax-no wpr-parallax-no wpr-sticky-section-no e-con e-parent\" data-id=\"659a0e3\" data-element_type=\"container\" data-e-type=\"container\">\n\t\t\t\t\t<div class=\"e-con-inner\">\n\t\t\t\t<div class=\"elementor-element elementor-element-2efe3ac elementor-widget elementor-widget-shortcode\" data-id=\"2efe3ac\" data-element_type=\"widget\" data-e-type=\"widget\" data-widget_type=\"shortcode.default\">\n\t\t\t\t<div class=\"elementor-widget-container\">\n\t\t\t\t\t\t\t<div class=\"elementor-shortcode\"><link rel='stylesheet' href='https:\/\/educ.rec.br\/portaleducacao\/wp-content\/plugins\/portaleducacao-post-grid\/assets\/style.css'><div id='pepp-noticias' class='pepp-post-grid'>\n                <a href='https:\/\/educ.rec.br\/portaleducacao\/index.php\/2026\/04\/29\/educacao-que-floresce-no-cuidado-nova-sede-da-emti-hospitalar-semear-e-inaugurada-no-hospital-da-crianca-do-recife\/'>\n                    <div class='pepp-post-card'>\n                        <img class='pepp-post-card-thumb' src='https:\/\/educ.rec.br\/portaleducacao\/wp-content\/uploads\/2026\/04\/KLEYVSON_SANTOS-1368-300x225.jpg' alt='EDUCA\u00c7\u00c3O QUE FLORESCE NO CUIDADO: nova sede da EMTI Hospitalar Semear \u00e9 inaugurada no Hospital da Crian\u00e7a do Recife'>\n                        <div class='pepp-card-content'>\n                            <div>\n                                <span class='pepp-date-span'>29\/04\/2026<\/span>\n                                <span class='text-limit-title post-card-title'>EDUCA\u00c7\u00c3O QUE FLORESCE NO CUIDADO: nova sede da EMTI Hospitalar Semear \u00e9 inaugurada no Hospital da Crian\u00e7a do Recife<\/span>\n                                <span class='text-limit post-card-excerpt'>Com a entrega, o Recife amplia o atendimento para cinco classes hospitalares e garante continuidade escolar de crian\u00e7as em tratamento. Fotos: Kleyvson Santos\/PCR\n\n\n<\/span>\n                            <\/div>\n                        <\/div>\n                    <\/div>\n                <\/a>\n            \n                <a href='https:\/\/educ.rec.br\/portaleducacao\/index.php\/2026\/04\/28\/prefeitura-do-recife-avanca-na-construcao-de-nova-creche-em-campo-grande\/'>\n                    <div class='pepp-post-card'>\n                        <img class='pepp-post-card-thumb' src='https:\/\/educ.rec.br\/portaleducacao\/wp-content\/uploads\/2026\/04\/KLEYVSON_SANTOS-2736-300x200.jpg' alt='Prefeitura do Recife avan\u00e7a na constru\u00e7\u00e3o de nova creche em Campo Grande'>\n                        <div class='pepp-card-content'>\n                            <div>\n                                <span class='pepp-date-span'>28\/04\/2026<\/span>\n                                <span class='text-limit-title post-card-title'>Prefeitura do Recife avan\u00e7a na constru\u00e7\u00e3o de nova creche em Campo Grande<\/span>\n                                <span class='text-limit post-card-excerpt'>Com investimentos de R$ 2,76 milh\u00f5es, unidade ter\u00e1 capacidade de atender at\u00e9 246 crian\u00e7as. Fotos: Kleyvson Santos\/PCR<\/span>\n                            <\/div>\n                        <\/div>\n                    <\/div>\n                <\/a>\n            \n                <a href='https:\/\/educ.rec.br\/portaleducacao\/index.php\/2026\/04\/23\/recife-realiza-acoes-de-combate-ao-bullying-e-promove-cultura-de-paz-nas-escolas-municipais\/'>\n                    <div class='pepp-post-card'>\n                        <img class='pepp-post-card-thumb' src='https:\/\/educ.rec.br\/portaleducacao\/wp-content\/uploads\/2026\/04\/KLEYVSON_SANTOS-314-300x225.jpg' alt='Recife realiza a\u00e7\u00f5es de combate ao bullying e promove cultura de paz nas escolas municipais'>\n                        <div class='pepp-card-content'>\n                            <div>\n                                <span class='pepp-date-span'>23\/04\/2026<\/span>\n                                <span class='text-limit-title post-card-title'>Recife realiza a\u00e7\u00f5es de combate ao bullying e promove cultura de paz nas escolas municipais<\/span>\n                                <span class='text-limit post-card-excerpt'>As a\u00e7\u00f5es de conscientiza\u00e7\u00e3o aconteceram ao longo de todo o m\u00eas de abril, engajando estudantes na promo\u00e7\u00e3o da cultura de paz e na preven\u00e7\u00e3o \u00e0 viol\u00eancia no ambiente escolar. Foto: Kleyvson Santos\/PCR\n<\/span>\n                            <\/div>\n                        <\/div>\n                    <\/div>\n                <\/a>\n            \n                <a href='https:\/\/educ.rec.br\/portaleducacao\/index.php\/2026\/04\/22\/projeto-passos-que-educam-leva-o-frevo-ao-cotidiano-escolar-do-recife\/'>\n                    <div class='pepp-post-card'>\n                        <img class='pepp-post-card-thumb' src='https:\/\/educ.rec.br\/portaleducacao\/wp-content\/uploads\/2026\/04\/KLEYVSON_SANTOS-63-300x200.jpg' alt='Projeto Passos que Educam leva o frevo ao cotidiano escolar do Recife\u00a0'>\n                        <div class='pepp-card-content'>\n                            <div>\n                                <span class='pepp-date-span'>22\/04\/2026<\/span>\n                                <span class='text-limit-title post-card-title'>Projeto Passos que Educam leva o frevo ao cotidiano escolar do Recife\u00a0<\/span>\n                                <span class='text-limit post-card-excerpt'>Coordenado pelo N\u00facleo de Atividades Culturais, iniciativa integra dan\u00e7a, m\u00fasica e cultura popular ao processo de aprendizagem nas escolas da rede municipal\u00a0. Fotos: Kleyvson Santos\/PCR<\/span>\n                            <\/div>\n                        <\/div>\n                    <\/div>\n                <\/a>\n            \n                <a href='https:\/\/educ.rec.br\/portaleducacao\/index.php\/2026\/04\/13\/prefeitura-do-recife-da-posse-ao-comite-de-criancas-e-amplia-participacao-infantil-na-construcao-de-politicas-publicas\/'>\n                    <div class='pepp-post-card'>\n                        <img class='pepp-post-card-thumb' src='https:\/\/educ.rec.br\/portaleducacao\/wp-content\/uploads\/2026\/04\/KLEYVSON_SANTOS-362-300x200.jpg' alt='Prefeitura do Recife d\u00e1 posse ao Comit\u00ea de Crian\u00e7as e amplia participa\u00e7\u00e3o infantil na constru\u00e7\u00e3o de pol\u00edticas p\u00fablicas'>\n                        <div class='pepp-card-content'>\n                            <div>\n                                <span class='pepp-date-span'>13\/04\/2026<\/span>\n                                <span class='text-limit-title post-card-title'>Prefeitura do Recife d\u00e1 posse ao Comit\u00ea de Crian\u00e7as e amplia participa\u00e7\u00e3o infantil na constru\u00e7\u00e3o de pol\u00edticas p\u00fablicas<\/span>\n                                <span class='text-limit post-card-excerpt'>Iniciativa fortalece o protagonismo de meninos e meninas de \u00e1reas vulner\u00e1veis e amplia espa\u00e7os de escuta na gest\u00e3o municipal. Fotos: Kleyvson Santos\/PCR\n<\/span>\n                            <\/div>\n                        <\/div>\n                    <\/div>\n                <\/a>\n            \n                <a href='https:\/\/educ.rec.br\/portaleducacao\/index.php\/2026\/04\/01\/recife-entrega-nova-creche-no-bairro-do-pina-e-triplica-o-numero-de-vagas-nesta-etapa-de-ensino\/'>\n                    <div class='pepp-post-card'>\n                        <img class='pepp-post-card-thumb' src='https:\/\/educ.rec.br\/portaleducacao\/wp-content\/uploads\/2026\/04\/WhatsApp-Image-2026-04-01-at-17.51.01-300x200.jpeg' alt='Recife entrega nova creche no bairro do Pina e triplica o n\u00famero de vagas nesta etapa de ensino'>\n                        <div class='pepp-card-content'>\n                            <div>\n                                <span class='pepp-date-span'>01\/04\/2026<\/span>\n                                <span class='text-limit-title post-card-title'>Recife entrega nova creche no bairro do Pina e triplica o n\u00famero de vagas nesta etapa de ensino<\/span>\n                                <span class='text-limit post-card-excerpt'>Rede municipal alcan\u00e7a mais de 19 mil vagas em creches; unidade homenageia Arthur Ara\u00fajo Lula da Silva, neto do presidente Lula. Foto: Kleyvson Santos\/PCR<\/span>\n                            <\/div>\n                        <\/div>\n                    <\/div>\n                <\/a>\n            \n                <a href='https:\/\/educ.rec.br\/portaleducacao\/index.php\/2026\/04\/01\/prefeitura-do-recife-celebra-formatura-do-embarque-digital-e-reforca-qualificacao-de-jovens-para-o-mercado-de-tecnologia\/'>\n                    <div class='pepp-post-card'>\n                        <img class='pepp-post-card-thumb' src='https:\/\/educ.rec.br\/portaleducacao\/wp-content\/uploads\/2026\/04\/KLEYVSON_SANTOS-1223-300x200.jpg' alt='Prefeitura do Recife celebra formatura do Embarque Digital e refor\u00e7a qualifica\u00e7\u00e3o de jovens para o mercado de tecnologia'>\n                        <div class='pepp-card-content'>\n                            <div>\n                                <span class='pepp-date-span'>01\/04\/2026<\/span>\n                                <span class='text-limit-title post-card-title'>Prefeitura do Recife celebra formatura do Embarque Digital e refor\u00e7a qualifica\u00e7\u00e3o de jovens para o mercado de tecnologia<\/span>\n                                <span class='text-limit post-card-excerpt'>Com 169 concluintes, cerim\u00f4nia da turma 2023.2 destacou o impacto do programa na empregabilidade, inclus\u00e3o social e prepara\u00e7\u00e3o para a economia digital. Fotos: Kleyvson Santos\/PCR\n\n<\/span>\n                            <\/div>\n                        <\/div>\n                    <\/div>\n                <\/a>\n            \n                <a href='https:\/\/educ.rec.br\/portaleducacao\/index.php\/2026\/03\/27\/projeto-ondatec-fortalece-aprendizagem-e-amplia-oportunidades-para-estudantes-da-rede-municipal-do-recife\/'>\n                    <div class='pepp-post-card'>\n                        <img class='pepp-post-card-thumb' src='https:\/\/educ.rec.br\/portaleducacao\/wp-content\/uploads\/2026\/03\/IMG_0369.JPG-300x200.jpeg' alt='Projeto ONDATEC fortalece aprendizagem e amplia oportunidades para estudantes da rede municipal do Recife'>\n                        <div class='pepp-card-content'>\n                            <div>\n                                <span class='pepp-date-span'>27\/03\/2026<\/span>\n                                <span class='text-limit-title post-card-title'>Projeto ONDATEC fortalece aprendizagem e amplia oportunidades para estudantes da rede municipal do Recife<\/span>\n                                <span class='text-limit post-card-excerpt'>Iniciativa voltada para alunos do 9\u00ba ano promove simulados, aul\u00f5es e prepara\u00e7\u00e3o para sele\u00e7\u00f5es de escolas t\u00e9cnicas, beneficiando cerca de 1.800 estudantes em 2026.<\/span>\n                            <\/div>\n                        <\/div>\n                    <\/div>\n                <\/a>\n            \n                <a href='https:\/\/educ.rec.br\/portaleducacao\/index.php\/2026\/03\/24\/recife-ainda-tem-vagas-disponiveis-para-educacao-de-jovens-e-adultos-na-rede-municipal\/'>\n                    <div class='pepp-post-card'>\n                        <img class='pepp-post-card-thumb' src='https:\/\/educ.rec.br\/portaleducacao\/wp-content\/uploads\/2026\/03\/KLEYVSON_SANTOS-1.jpg-300x200.jpeg' alt='Recife ainda tem vagas dispon\u00edveis para Educa\u00e7\u00e3o de Jovens e Adultos na rede municipal'>\n                        <div class='pepp-card-content'>\n                            <div>\n                                <span class='pepp-date-span'>24\/03\/2026<\/span>\n                                <span class='text-limit-title post-card-title'>Recife ainda tem vagas dispon\u00edveis para Educa\u00e7\u00e3o de Jovens e Adultos na rede municipal<\/span>\n                                <span class='text-limit post-card-excerpt'>Est\u00e3o sendo ofertadas 2.881 vagas em 106 escolas da Rede Municipal de Ensino. Foto: Kleyvson Santos\/PCR<\/span>\n                            <\/div>\n                        <\/div>\n                    <\/div>\n                <\/a>\n            <\/div><div class='pepp-pagination'><span aria-current=\"page\" class=\"page-numbers current\">1<\/span>\n<a class=\"page-numbers\" href=\"https:\/\/educ.rec.br\/portaleducacao\/index.php\/wp-json\/wp\/v2\/pages\/830\/page\/2\/\">2<\/a>\n<a class=\"page-numbers\" href=\"https:\/\/educ.rec.br\/portaleducacao\/index.php\/wp-json\/wp\/v2\/pages\/830\/page\/3\/\">3<\/a>\n<span class=\"page-numbers dots\">&hellip;<\/span>\n<a class=\"page-numbers\" href=\"https:\/\/educ.rec.br\/portaleducacao\/index.php\/wp-json\/wp\/v2\/pages\/830\/page\/13\/\">13<\/a>\n<a class=\"next page-numbers\" href=\"https:\/\/educ.rec.br\/portaleducacao\/index.php\/wp-json\/wp\/v2\/pages\/830\/page\/2\/\">Pr\u00f3ximo \u00bb<\/a><\/div><\/div>\n\t\t\t\t\t\t<\/div>\n\t\t\t\t<\/div>\n\t\t\t\t\t<\/div>\n\t\t\t\t<\/div>\n\t\t<div class=\"elementor-element elementor-element-dbe6c50 e-flex e-con-boxed wpr-particle-no wpr-jarallax-no wpr-parallax-no wpr-sticky-section-no e-con e-parent\" data-id=\"dbe6c50\" data-element_type=\"container\" data-e-type=\"container\">\n\t\t\t\t\t<div class=\"e-con-inner\">\n\t\t\t\t<div class=\"elementor-element elementor-element-c16f61d elementor-widget elementor-widget-spacer\" data-id=\"c16f61d\" data-element_type=\"widget\" data-e-type=\"widget\" data-widget_type=\"spacer.default\">\n\t\t\t\t<div class=\"elementor-widget-container\">\n\t\t\t\t\t\t\t<div class=\"elementor-spacer\">\n\t\t\t<div class=\"elementor-spacer-inner\"><\/div>\n\t\t<\/div>\n\t\t\t\t\t\t<\/div>\n\t\t\t\t<\/div>\n\t\t\t\t\t<\/div>\n\t\t\t\t<\/div>\n\t\t\t\t<\/div>\n\t\t","protected":false},"excerpt":{"rendered":"<p>NOT\u00cdCIAS<\/p>\n","protected":false},"author":1,"featured_media":0,"parent":5,"menu_order":0,"comment_status":"closed","ping_status":"closed","template":"","meta":{"site-sidebar-layout":"no-sidebar","site-content-layout":"page-builder","ast-site-content-layout":"default","site-content-style":"default","site-sidebar-style":"default","ast-global-header-display":"","ast-banner-title-visibility":"","ast-main-header-display":"","ast-hfb-above-header-display":"","ast-hfb-below-header-display":"","ast-hfb-mobile-header-display":"","site-post-title":"disabled","ast-breadcrumbs-content":"","ast-featured-img":"disabled","footer-sml-layout":"","ast-disable-related-posts":"","theme-transparent-header-meta":"","adv-header-id-meta":"","stick-header-meta":"","header-above-stick-meta":"","header-main-stick-meta":"","header-below-stick-meta":"","astra-migrate-meta-layouts":"default","ast-page-background-enabled":"default","ast-page-background-meta":{"desktop":{"background-color":"var(--ast-global-color-4)","background-image":"","background-repeat":"repeat","background-position":"center center","background-size":"auto","background-attachment":"scroll","background-type":"","background-media":"","overlay-type":"","overlay-color":"","overlay-opacity":"","overlay-gradient":""},"tablet":{"background-color":"","background-image":"","background-repeat":"repeat","background-position":"center center","background-size":"auto","background-attachment":"scroll","background-type":"","background-media":"","overlay-type":"","overlay-color":"","overlay-opacity":"","overlay-gradient":""},"mobile":{"background-color":"","background-image":"","background-repeat":"repeat","background-position":"center center","background-size":"auto","background-attachment":"scroll","background-type":"","background-media":"","overlay-type":"","overlay-color":"","overlay-opacity":"","overlay-gradient":""}},"ast-content-background-meta":{"desktop":{"background-color":"var(--ast-global-color-5)","background-image":"","background-repeat":"repeat","background-position":"center center","background-size":"auto","background-attachment":"scroll","background-type":"","background-media":"","overlay-type":"","overlay-color":"","overlay-opacity":"","overlay-gradient":""},"tablet":{"background-color":"var(--ast-global-color-5)","background-image":"","background-repeat":"repeat","background-position":"center center","background-size":"auto","background-attachment":"scroll","background-type":"","background-media":"","overlay-type":"","overlay-color":"","overlay-opacity":"","overlay-gradient":""},"mobile":{"background-color":"var(--ast-global-color-5)","background-image":"","background-repeat":"repeat","background-position":"center center","background-size":"auto","background-attachment":"scroll","background-type":"","background-media":"","overlay-type":"","overlay-color":"","overlay-opacity":"","overlay-gradient":""}},"footnotes":""},"class_list":["post-830","page","type-page","status-publish","hentry"],"rttpg_featured_image_url":null,"rttpg_author":{"display_name":"david","author_link":"https:\/\/educ.rec.br\/portaleducacao\/index.php\/author\/david\/"},"rttpg_comment":0,"rttpg_category":"","rttpg_excerpt":"NOT\u00cdCIAS","_links":{"self":[{"href":"https:\/\/educ.rec.br\/portaleducacao\/index.php\/wp-json\/wp\/v2\/pages\/830","targetHints":{"allow":["GET"]}}],"collection":[{"href":"https:\/\/educ.rec.br\/portaleducacao\/index.php\/wp-json\/wp\/v2\/pages"}],"about":[{"href":"https:\/\/educ.rec.br\/portaleducacao\/index.php\/wp-json\/wp\/v2\/types\/page"}],"author":[{"embeddable":true,"href":"https:\/\/educ.rec.br\/portaleducacao\/index.php\/wp-json\/wp\/v2\/users\/1"}],"replies":[{"embeddable":true,"href":"https:\/\/educ.rec.br\/portaleducacao\/index.php\/wp-json\/wp\/v2\/comments?post=830"}],"version-history":[{"count":25,"href":"https:\/\/educ.rec.br\/portaleducacao\/index.php\/wp-json\/wp\/v2\/pages\/830\/revisions"}],"predecessor-version":[{"id":3788,"href":"https:\/\/educ.rec.br\/portaleducacao\/index.php\/wp-json\/wp\/v2\/pages\/830\/revisions\/3788"}],"up":[{"embeddable":true,"href":"https:\/\/educ.rec.br\/portaleducacao\/index.php\/wp-json\/wp\/v2\/pages\/5"}],"wp:attachment":[{"href":"https:\/\/educ.rec.br\/portaleducacao\/index.php\/wp-json\/wp\/v2\/media?parent=830"}],"curies":[{"name":"wp","href":"https:\/\/api.w.org\/{rel}","templated":true}]}}