



{"id":993,"date":"2023-08-25T11:01:11","date_gmt":"2023-08-25T14:01:11","guid":{"rendered":"https:\/\/educ.rec.br\/portaleducacao\/?page_id=993"},"modified":"2023-09-04T08:54:19","modified_gmt":"2023-09-04T11:54:19","slug":"matrizes-curriculares","status":"publish","type":"page","link":"https:\/\/educ.rec.br\/portaleducacao\/index.php\/matrizes-curriculares\/","title":{"rendered":"Matrizes curriculares"},"content":{"rendered":"\t\t<div data-elementor-type=\"wp-page\" data-elementor-id=\"993\" class=\"elementor elementor-993\">\n\t\t\t\t<div class=\"wpr-parallax-multi-layer\" scalar-speed=\"10\" direction=\"\" style=\"overflow: hidden;\"><div data-depth=\"0.1\" style-top=\"32%\" style-left=\"11%\" class=\"wpr-parallax-ml-children elementor-repeater-item-8f3fe3e\"><img decoding=\"async\" src=\"\"><\/div><\/div>\t\t<section class=\"wpr-jarallax elementor-section elementor-top-section elementor-element elementor-element-56f4c0c1 elementor-section-height-min-height wpr-jarallax-yes wpr-parallax-yes elementor-section-boxed elementor-section-height-default elementor-section-items-middle wpr-particle-no wpr-sticky-section-no\" speed-data=\"1.4\" bg-image=\"https:\/\/educ.rec.br\/portaleducacao\/wp-content\/uploads\/2023\/08\/educacao_fundo-scaled.jpg\" scroll-effect=\"scroll\" data-id=\"56f4c0c1\" data-element_type=\"section\" data-e-type=\"section\" data-settings=\"{&quot;background_background&quot;:&quot;classic&quot;}\">\n\t\t\t\t\t\t\t<div class=\"elementor-background-overlay\"><\/div>\n\t\t\t\t\t\t\t<div class=\"elementor-container elementor-column-gap-default\">\n\t\t\t\t\t<div class=\"elementor-column elementor-col-50 elementor-top-column elementor-element elementor-element-355ead03\" data-id=\"355ead03\" data-element_type=\"column\" data-e-type=\"column\" data-settings=\"{&quot;background_background&quot;:&quot;classic&quot;}\">\n\t\t\t<div class=\"elementor-widget-wrap elementor-element-populated\">\n\t\t\t\t\t\t<div class=\"elementor-element elementor-element-39034333 elementor-widget elementor-widget-heading\" data-id=\"39034333\" data-element_type=\"widget\" data-e-type=\"widget\" data-widget_type=\"heading.default\">\n\t\t\t\t<div class=\"elementor-widget-container\">\n\t\t\t\t\t<h2 class=\"elementor-heading-title elementor-size-default\">MATRIZES CURRICULARES<\/h2>\t\t\t\t<\/div>\n\t\t\t\t<\/div>\n\t\t\t\t\t<\/div>\n\t\t<\/div>\n\t\t\t\t<div class=\"elementor-column elementor-col-50 elementor-top-column elementor-element elementor-element-26f6fdc3 pesquisas-subpaginas\" data-id=\"26f6fdc3\" data-element_type=\"column\" data-e-type=\"column\">\n\t\t\t<div class=\"elementor-widget-wrap elementor-element-populated\">\n\t\t\t\t\t\t<div class=\"elementor-element elementor-element-124157ce elementor-widget elementor-widget-shortcode\" data-id=\"124157ce\" data-element_type=\"widget\" data-e-type=\"widget\" id=\"search-input\" data-widget_type=\"shortcode.default\">\n\t\t\t\t<div class=\"elementor-widget-container\">\n\t\t\t\t\t\t\t<div class=\"elementor-shortcode\"><form data-min-no-for-search=1 data-result-box-max-height=400 data-form-id=265 class=\"is-search-form is-form-style is-form-style-3 is-form-id-265 is-ajax-search\" action=\"https:\/\/educ.rec.br\/portaleducacao\/\" method=\"get\" role=\"search\" ><label for=\"is-search-input-265\"><span class=\"is-screen-reader-text\">Search for:<\/span><input  type=\"search\" id=\"is-search-input-265\" name=\"s\" value=\"\" class=\"is-search-input\" placeholder=\"O que voc\u00ea procura ?\" autocomplete=off \/><span class=\"is-loader-image\" style=\"display: none;background-image:url(https:\/\/educ.rec.br\/portaleducacao\/wp-content\/plugins\/add-search-to-menu\/public\/images\/spinner.gif);\" ><\/span><\/label><button type=\"submit\" class=\"is-search-submit\"><span class=\"is-screen-reader-text\">Search Button<\/span><span class=\"is-search-icon\"><svg focusable=\"false\" aria-label=\"Search\" xmlns=\"http:\/\/www.w3.org\/2000\/svg\" viewBox=\"0 0 24 24\" width=\"24px\"><path d=\"M15.5 14h-.79l-.28-.27C15.41 12.59 16 11.11 16 9.5 16 5.91 13.09 3 9.5 3S3 5.91 3 9.5 5.91 16 9.5 16c1.61 0 3.09-.59 4.23-1.57l.27.28v.79l5 4.99L20.49 19l-4.99-5zm-6 0C7.01 14 5 11.99 5 9.5S7.01 5 9.5 5 14 7.01 14 9.5 11.99 14 9.5 14z\"><\/path><\/svg><\/span><\/button><input type=\"hidden\" name=\"id\" value=\"265\" \/><\/form><\/div>\n\t\t\t\t\t\t<\/div>\n\t\t\t\t<\/div>\n\t\t\t\t\t<\/div>\n\t\t<\/div>\n\t\t\t\t\t<\/div>\n\t\t<\/section>\n\t\t\t\t<section class=\"elementor-section elementor-top-section elementor-element elementor-element-ea70bb2 elementor-section-boxed elementor-section-height-default elementor-section-height-default wpr-particle-no wpr-jarallax-no wpr-parallax-no wpr-sticky-section-no\" data-id=\"ea70bb2\" data-element_type=\"section\" data-e-type=\"section\">\n\t\t\t\t\t\t<div class=\"elementor-container elementor-column-gap-default\">\n\t\t\t\t\t<div class=\"elementor-column elementor-col-100 elementor-top-column elementor-element elementor-element-0bb7f96\" data-id=\"0bb7f96\" data-element_type=\"column\" data-e-type=\"column\">\n\t\t\t<div class=\"elementor-widget-wrap elementor-element-populated\">\n\t\t\t\t\t\t<div class=\"elementor-element elementor-element-73e1d75 elementor-widget elementor-widget-html\" data-id=\"73e1d75\" data-element_type=\"widget\" data-e-type=\"widget\" data-widget_type=\"html.default\">\n\t\t\t\t<div class=\"elementor-widget-container\">\n\t\t\t\t\t<div class=\"anos\">\n    <button id=\"btn_anos_iniciais\">Anos Iniciais<\/button>\n    <button id=\"btn_anos_finais\">Anos Finais<\/button>\n<\/div>\n<style>\n    .anos{\n        border-bottom: solid 2px #DBDBDB;\n        display: flex;\n        flex-direction: row;\n    }\n    .anos button{\n        background-color: white;\n        color: #898B8F;\n        font-size: 25px;\n    }\n    .anos button:hover{\n        background-color: white;\n        color: #E7511D;\n        font-size: 25px;\n    }\n<\/style>\n<script>\n    let buttons = document.querySelectorAll(\".anos button\");\n buttons.forEach(btn =>{\n  btn.addEventListener(\"click\",(e)=>{\n      \n      if(btn.id == \"btn_anos_iniciais\"){\n          document.getElementById(\"side-bar-anos-iniciais\").style.display = \"flex\";\n          document.getElementById(\"side-bar-anos-finais\").style.display = \"none\";\n          btn.style = \"color: #E7511D; border-bottom: solid 2px #E7511D;\";\n          document.getElementById(\"btn_anos_finais\").style = \"background-color: white; color: #898B8F; font-size: 25px;\";\n      }else if(btn.id == \"btn_anos_finais\"){\n        btn.style = \"color: #E7511D; border-bottom: solid 2px #E7511D;\";\n        document.getElementById(\"btn_anos_iniciais\").style = \"background-color: white; color: #898B8F; font-size: 25px;\";\n          document.getElementById(\"side-bar-anos-iniciais\").style.display = \"none\";\n          document.getElementById(\"side-bar-anos-finais\").style.display = \"flex\";\n      }\n  });\n });\n<\/script>\t\t\t\t<\/div>\n\t\t\t\t<\/div>\n\t\t\t\t\t<\/div>\n\t\t<\/div>\n\t\t\t\t\t<\/div>\n\t\t<\/section>\n\t\t\t\t<section class=\"elementor-section elementor-top-section elementor-element elementor-element-0858453 elementor-section-boxed elementor-section-height-default elementor-section-height-default wpr-particle-no wpr-jarallax-no wpr-parallax-no wpr-sticky-section-no\" data-id=\"0858453\" data-element_type=\"section\" data-e-type=\"section\">\n\t\t\t\t\t\t<div class=\"elementor-container elementor-column-gap-default\">\n\t\t\t\t\t<div class=\"elementor-column elementor-col-50 elementor-top-column elementor-element elementor-element-06d8a19\" data-id=\"06d8a19\" data-element_type=\"column\" data-e-type=\"column\">\n\t\t\t<div class=\"elementor-widget-wrap elementor-element-populated\">\n\t\t\t\t\t\t<div class=\"elementor-element elementor-element-a0c6b06 elementor-widget elementor-widget-html\" data-id=\"a0c6b06\" data-element_type=\"widget\" data-e-type=\"widget\" data-widget_type=\"html.default\">\n\t\t\t\t<div class=\"elementor-widget-container\">\n\t\t\t\t\t<div id=\"side-bar-anos-finais\" class=\"side-bar-main\" style=\"display:none;\">\r\n    <div class=\"side-bar\">\r\n        <button id=\"btn_arte\">ARTE<\/button>\r\n        <button id=\"btn_ciencias\">CI\u00caNCIAS<\/button>\r\n        <button id=\"btn_historia_recife\">HIST\u00d3RIA DO RECIFE<\/button>\r\n        <button id=\"btn_lingua_inglesa\">L\u00cdNGUA INGLESA<\/button>\r\n        <button id=\"btn_educacao_fisica\">EDUCA\u00c7\u00c3O F\u00cdSICA<\/button>\r\n        <button id=\"btn_geografia\">GEOGRAFIA<\/button>\r\n        <button id=\"btn_matematica\">MATEM\u00c1TICA<\/button>\r\n        <button id=\"btn_introducao_leis_trabalho\">INTRODU\u00c7\u00c3O \u00c1S LEIS DO TRABALHO<\/button>\r\n        <button id=\"btn_mais\">MAIS ><\/button>\r\n    <\/div>\r\n    <div class=\"side-bar-sub\" id=\"side-bar-sub\">\r\n        <button id=\"btn_ensino_religioso\">ENSINO RELIGIOSO<\/button>\r\n        <button id=\"btn_historia\">HIST\u00d3RIA<\/button>\r\n        <button id=\"btn_lingua_portuguesa\">L\u00cdNGUA PORTUGUESA<\/button>\r\n        <button id=\"btn_sustentabilidade_mudancas_climaticas\">SUSTENTABILIDADE E MUDAN\u00c7AS CLIM\u00c1TICAS<\/button>\r\n    <\/div>\r\n<\/div>\r\n\r\n<div class=\"side-bar-main\" id=\"side-bar-anos-iniciais\">\r\n    <div class=\"side-bar\">\r\n        <button id=\"btn_1_ano\">1\u00b0 ANO<\/button>\r\n        <button id=\"btn_2_ano\">2\u00b0 ANO<\/button>\r\n        <button id=\"btn_3_ano\">3\u00b0 ANO<\/button>\r\n        <button id=\"btn_4_ano\">4\u00b0 ANO<\/button>\r\n        <button id=\"btn_5_ano\">5\u00b0 ANO<\/button>\r\n    <\/div>\r\n<\/div>\t\t\t\t<\/div>\n\t\t\t\t<\/div>\n\t\t\t\t\t<\/div>\n\t\t<\/div>\n\t\t\t\t<div class=\"elementor-column elementor-col-50 elementor-top-column elementor-element elementor-element-9ca50d6\" data-id=\"9ca50d6\" data-element_type=\"column\" data-e-type=\"column\">\n\t\t\t<div class=\"elementor-widget-wrap elementor-element-populated\">\n\t\t\t\t\t\t<div class=\"elementor-element elementor-element-46c27fb elementor-widget elementor-widget-html\" data-id=\"46c27fb\" data-element_type=\"widget\" data-e-type=\"widget\" data-widget_type=\"html.default\">\n\t\t\t\t<div class=\"elementor-widget-container\">\n\t\t\t\t\t<div class=\"description-divs\" id=\"anos-iniciais-divs\">\r\n\r\n<\/div>\r\n\r\n\r\n\r\n<div class=\"description-divs\">\r\n\r\n    <div id=\"div_1_ano\">\r\n        <h3>1\u00b0 Ano<\/h3>\r\n        <p>\r\n            <iframe src=\"https:\/\/educ.rec.br\/portaleducacao\/wp-content\/uploads\/2023\/08\/MC_Anos-Iniciais_1o-ANO_DIGITAL-1.pdf\"><\/iframe>\r\n        <\/p>\r\n    <\/div>\r\n    <div id=\"div_2_ano\">\r\n        <h3>2\u00b0 Ano<\/h3>\r\n        <p>\r\n            <iframe src=\"https:\/\/educ.rec.br\/portaleducacao\/wp-content\/uploads\/2023\/08\/MC_Anos-Iniciais_2o-ANO_DIGITAL-1.pdf\"><\/iframe>\r\n        <\/p>\r\n    <\/div>\r\n    <div id=\"div_3_ano\">\r\n        <h3>3\u00b0 Ano<\/h3>\r\n        <p>\r\n            <iframe src=\"https:\/\/educ.rec.br\/portaleducacao\/wp-content\/uploads\/2023\/08\/MC_Anos-Iniciais_3o-ANO_DIGITAL-1.pdf\"><\/iframe>\r\n        <\/p>\r\n    <\/div>\r\n    <div id=\"div_4_ano\">\r\n        <h3>4\u00b0 Ano<\/h3>\r\n        <p>\r\n            <iframe src=\"https:\/\/educ.rec.br\/portaleducacao\/wp-content\/uploads\/2023\/08\/MC_Anos-Iniciais_4o-ANO_DIGITAL-1.pdf\"><\/iframe>\r\n        <\/p>\r\n    <\/div>\r\n    <div id=\"div_5_ano\">\r\n        <h3>5\u00b0 Ano<\/h3>\r\n        <p>\r\n            <iframe src=\"https:\/\/educ.rec.br\/portaleducacao\/wp-content\/uploads\/2023\/08\/MC_Anos-Iniciais_5o-ANO_DIGITAL-1.pdf\"><\/iframe>\r\n        <\/p>\r\n    <\/div>\r\n    \r\n    <div id=\"div_arte\">\r\n        <h3>Arte<\/h3>\r\n        <p>\r\n            <iframe src=\"https:\/\/educ.rec.br\/portaleducacao\/wp-content\/uploads\/2023\/08\/MC_Anos-Finais_ARTE_DIGITAL-1.pdf\"><\/iframe>\r\n        <\/p>\r\n    <\/div>\r\n    \r\n    <div id=\"div_ciencias\">\r\n        <h3>Ci\u00eancia<\/h3>\r\n        <p>\r\n            <iframe src=\"https:\/\/educ.rec.br\/portaleducacao\/wp-content\/uploads\/2023\/08\/MC_Anos-Finais_CIENCIAS_DIGITAL-1.pdf\"><\/iframe>\r\n        <\/p>\r\n    <\/div>\r\n    \r\n    <div id=\"div_historia_recife\">\r\n        <h3>Hist\u00f3ria do Recife<\/h3>\r\n        <p>\r\n            <iframe src=\"https:\/\/educ.rec.br\/portaleducacao\/wp-content\/uploads\/2023\/08\/MC_Anos-Finais_HISTORIA-DO-RECIFE_DIGITAL-1.pdf\"><\/iframe>\r\n        <\/p>\r\n    <\/div>\r\n    \r\n    <div id=\"div_lingua_inglesa\">\r\n        <h3>L\u00edngua Inglesa<\/h3>\r\n        <p>\r\n            <iframe src=\"https:\/\/educ.rec.br\/portaleducacao\/wp-content\/uploads\/2023\/08\/MC_Anos-Finais_LINGUA-INGLESA_DIGITAL-1.pdf\"><\/iframe>\r\n        <\/p>\r\n    <\/div>\r\n    \r\n    <div id=\"div_educacao_fisica\">\r\n        <h3>Educa\u00e7\u00e3o F\u00edsica<\/h3>\r\n        <p>\r\n            <iframe src=\"https:\/\/educ.rec.br\/portaleducacao\/wp-content\/uploads\/2023\/08\/MC_Anos-Finais_ED-FISICA_DIGITAL-1.pdf\"><\/iframe>\r\n        <\/p>\r\n    <\/div>\r\n    \r\n    <div id=\"div_geografia\">\r\n        <h3>Geografia<\/h3>\r\n        <p>\r\n            <iframe src=\"https:\/\/educ.rec.br\/portaleducacao\/wp-content\/uploads\/2023\/08\/MC_Anos-Finais_GEOGRAFIA_DIGITAL-1.pdf\"><\/iframe>\r\n        <\/p>\r\n    <\/div>\r\n    \r\n    <div id=\"div_matematica\">\r\n        <h3>Matem\u00e1tica<\/h3>\r\n        <p>\r\n            <iframe src=\"https:\/\/educ.rec.br\/portaleducacao\/wp-content\/uploads\/2023\/08\/MC_Anos-Finais_MATEMATICA_DIGITAL-1.pdf\"><\/iframe>\r\n        <\/p>\r\n    <\/div>\r\n    \r\n    <div id=\"div_introducao_leis_trabalho\">\r\n        <h3>Introdu\u00e7\u00e3o \u00e1s Leis do trabalho<\/h3>\r\n        <p>\r\n            <iframe src=\"https:\/\/educ.rec.br\/portaleducacao\/wp-content\/uploads\/2023\/08\/MC_Anos-Finais_INTRODUCAO-AS-LEIS-DO-TRABALHO_DIGITAL-1.pdf\"><\/iframe>\r\n        <\/p>\r\n    <\/div>\r\n    \r\n    <div id=\"div_ensino_religioso\">\r\n        <h3>Ensino Religioso<\/h3>\r\n        <p>\r\n            <iframe src=\"https:\/\/educ.rec.br\/portaleducacao\/wp-content\/uploads\/2023\/08\/MC_Anos-Finais_ENSINO-RELIGIOSO_DIGITAL-2.pdf\"><\/iframe>\r\n        <\/p>\r\n    <\/div>\r\n    \r\n    <div id=\"div_historia\">\r\n        <h3>Hist\u00f3ria<\/h3>\r\n        <p>\r\n            <iframe src=\"https:\/\/educ.rec.br\/portaleducacao\/wp-content\/uploads\/2023\/08\/MC_Anos-Finais_HISTORIA_DIGITAL-1.pdf\"><\/iframe>\r\n        <\/p>\r\n    <\/div>\r\n    \r\n    <div id=\"div_lingua_portuguesa\">\r\n        <h3>L\u00edngua Portuguesa<\/h3>\r\n        <p>\r\n            <iframe src=\"https:\/\/educ.rec.br\/portaleducacao\/wp-content\/uploads\/2023\/08\/MC_Anos-Finais_LINGUA-PORTUGUESA_DIGITAL-1.pdf\"><\/iframe>\r\n        <\/p>\r\n    <\/div>\r\n    \r\n    <div id=\"div_sustentabilidade_mudancas_climaticas\">\r\n        <h3>Sustentabilidade e mudan\u00e7as clim\u00e1ticas<\/h3>\r\n        <p>\r\n            <iframe src=\"https:\/\/educ.rec.br\/portaleducacao\/wp-content\/uploads\/2023\/08\/MC_Anos-Finais_SUTENTABILIDADE-E-MUDANCAS-CLIMATICAS_DIGITAL-1.pdf\"><\/iframe>\r\n        <\/p>\r\n    <\/div>\r\n<\/div>\t\t\t\t<\/div>\n\t\t\t\t<\/div>\n\t\t\t\t\t<\/div>\n\t\t<\/div>\n\t\t\t\t\t<\/div>\n\t\t<\/section>\n\t\t\t\t<section class=\"elementor-section elementor-top-section elementor-element elementor-element-71d9d6e elementor-section-boxed elementor-section-height-default elementor-section-height-default wpr-particle-no wpr-jarallax-no wpr-parallax-no wpr-sticky-section-no\" data-id=\"71d9d6e\" data-element_type=\"section\" data-e-type=\"section\">\n\t\t\t\t\t\t<div class=\"elementor-container elementor-column-gap-default\">\n\t\t\t\t\t<div class=\"elementor-column elementor-col-100 elementor-top-column elementor-element elementor-element-46827ae\" data-id=\"46827ae\" data-element_type=\"column\" data-e-type=\"column\">\n\t\t\t<div class=\"elementor-widget-wrap elementor-element-populated\">\n\t\t\t\t\t\t<div class=\"elementor-element elementor-element-93869f2 elementor-widget elementor-widget-html\" data-id=\"93869f2\" data-element_type=\"widget\" data-e-type=\"widget\" data-widget_type=\"html.default\">\n\t\t\t\t<div class=\"elementor-widget-container\">\n\t\t\t\t\t<style>\n    \n    #search-input{\n        z-index: 1;\n    }\n    \n    .side-bar{\n        display: flex;\n        flex-direction: column;\n        justify-content: flex-start;\n        align-items: start;\n    }\n    .side-bar button{\n        width: 296px;\n        height: 64px;\n        text-align: center;\n        border-radius: 4px;\n        margin: 10px;\n        background-color: white;\n        color: #898B8F;\n        box-shadow: 0px 8px 16px 0px rgba(0, 0, 0, 0.08);\n    }\n    .side-bar-sub{\n        display: none;\n        flex-direction: column;\n        justify-content: flex-end;\n    }\n    \n    .side-bar-sub button{\n        width: 296px;\n        height: 64px;\n        text-align: center;\n        border-radius: 4px;\n        margin: 5px;\n        background-color: white;\n        color: #898B8F;\n        box-shadow: 0px 8px 16px 0px rgba(0, 0, 0, 0.08);\n    }\n    .description-divs{\n        margin-top: 10%;\n        \n    }\n    \n    .description-divs  iframe{\n        height : 700px;\n        width: 600px;\n    }\n    \n    .description-divs h3{\n        color: #4F97FF;\n    }\n    .side-bar button:hover{\n        border: 2px solid #4F97FF;\n        border-left: 6px solid #4F97FF;\n    }\n    \n    .side-bar-main{\n            display: flex;\n            flex-direction: row;\n    }\n    \n    @media screen and ( max-width: 500px ) { \n        .side-bar-sub{\n            display: none;\n            flex-direction: column;\n            justify-content: flex-start;\n        }\n        .side-bar-main{\n            display: flex;\n            flex-direction: column;\n            justify-content: center;\n            align-items: center;\n        }\n    }\n\n\n<\/style>\t\t\t\t<\/div>\n\t\t\t\t<\/div>\n\t\t\t\t<div class=\"elementor-element elementor-element-799b238 elementor-widget elementor-widget-html\" data-id=\"799b238\" data-element_type=\"widget\" data-e-type=\"widget\" data-widget_type=\"html.default\">\n\t\t\t\t<div class=\"elementor-widget-container\">\n\t\t\t\t\t<script>\n       let sideBar_btn = document.querySelectorAll(\".side-bar button\");\n    sideBar_btn.forEach(btn => {\n        \n        var div_id = btn.id.replace(\"btn\", \"div\");\n        if(btn.id != \"btn_mais\"){\n            btn.addEventListener(\"click\", () =>{        \n                let description_div = document.getElementById(div_id);\n                if(description_div.style.display == \"block\"){\n                    description_div.style.display = \"none\";\n                    btn.style = \"border: 0px solid;\";\n                }else{\n                    cleanDiscriptions();\n                    cleanSelectedButtons();\n                    description_div.style.display = \"block\";\n                    btn.style = \"border: 2px solid #4F97FF; border-left: 4px solid #4F97FF;\"\n                    description_div.scrollIntoView();\n                }\n            });\n        }else{\n            btn.addEventListener(\"mouseover\", ()=>{\n                let subBtns = document.getElementById(\"side-bar-sub\");\n                subBtns.style.display = \"flex\";\n            });\n            btn.addEventListener(\"click\", ()=>{\n                let subBtns = document.getElementById(\"side-bar-sub\");\n                subBtns.style.display = \"flex\";\n            });\n\n        }\n    });\n\n    let sideBarSub_btn = document.querySelectorAll(\".side-bar-sub button\");\n    sideBarSub_btn.forEach(btn => {\n        \n        var div_id = btn.id.replace(\"btn\", \"div\");\n        if(btn.id != \"btn_mais\"){\n            btn.addEventListener(\"click\", () =>{        \n                let description_div = document.getElementById(div_id);\n                if(description_div.style.display == \"block\"){\n                    description_div.style.display = \"none\";\n                    btn.style = \"border: 0px solid;\";\n                }else{\n                    cleanDiscriptions();\n                    cleanSelectedButtons();\n                    description_div.style.display = \"block\";\n                    btn.style = \"border: 2px solid #4F97FF; border-left: 4px solid #4F97FF;\"\n                    description_div.scrollIntoView();\n                }\n            });\n        }else{\n            btn.addEventListener(\"mouseover\", ()=>{\n                let subBtns = document.getElementById(\"side-bar-sub\");\n                subBtns.style.display = \"flex\";\n            });\n\n        }\n    });\n\n    let sub = document.getElementById(\"side-bar-sub\");\n        sub.addEventListener(\"mouseover\", () => {\n            sub.style.display = \"flex\";\n        });\n        sub.addEventListener(\"mouseout\", () => {\n            sub.style.display = \"none\";\n        });\n\n    function cleanSelectedButtons(){\n        let sideBar_btn = document.querySelectorAll(\".side-bar button\");\n        sideBar_btn.forEach(btn => {\n            btn.style = \"border: 0px solid;\";\n        });\n        let sideBarSub_btn = document.querySelectorAll(\".side-bar-sub button\");\n        sideBarSub_btn.forEach(btn => {\n            btn.style = \"border: 0px solid;\";\n        })  \n    }\n\n    function cleanDiscriptions(){\n        let description_divs = document.querySelectorAll(\".description-divs div\");\n        description_divs.forEach(div => {\n            div.style.display = \"none\";\n        })\n    }\n    cleanDiscriptions();\n    \ndocument.getElementById(\"btn_anos_iniciais\").click();\ndocument.getElementById(\"btn_1_ano\").click();\n\n<\/script>\t\t\t\t<\/div>\n\t\t\t\t<\/div>\n\t\t\t\t\t<\/div>\n\t\t<\/div>\n\t\t\t\t\t<\/div>\n\t\t<\/section>\n\t\t\t\t<\/div>\n\t\t","protected":false},"excerpt":{"rendered":"<p>MATRIZES CURRICULARES Anos Iniciais Anos Finais ARTE CI\u00caNCIAS HIST\u00d3RIA DO RECIFE L\u00cdNGUA INGLESA EDUCA\u00c7\u00c3O F\u00cdSICA GEOGRAFIA MATEM\u00c1TICA INTRODU\u00c7\u00c3O \u00c1S LEIS DO TRABALHO MAIS > ENSINO RELIGIOSO HIST\u00d3RIA L\u00cdNGUA PORTUGUESA SUSTENTABILIDADE E MUDAN\u00c7AS CLIM\u00c1TICAS 1\u00b0 ANO 2\u00b0 ANO 3\u00b0 ANO 4\u00b0 ANO 5\u00b0 ANO 1\u00b0 Ano 2\u00b0 Ano 3\u00b0 Ano 4\u00b0 Ano 5\u00b0 Ano Arte Ci\u00eancia Hist\u00f3ria do Recife L\u00edngua Inglesa Educa\u00e7\u00e3o F\u00edsica Geografia Matem\u00e1tica Introdu\u00e7\u00e3o \u00e1s Leis do trabalho Ensino Religioso Hist\u00f3ria L\u00edngua Portuguesa Sustentabilidade e mudan\u00e7as clim\u00e1ticas<\/p>\n","protected":false},"author":1,"featured_media":0,"parent":0,"menu_order":0,"comment_status":"closed","ping_status":"closed","template":"","meta":{"site-sidebar-layout":"no-sidebar","site-content-layout":"page-builder","ast-site-content-layout":"default","site-content-style":"default","site-sidebar-style":"default","ast-global-header-display":"","ast-banner-title-visibility":"","ast-main-header-display":"","ast-hfb-above-header-display":"","ast-hfb-below-header-display":"","ast-hfb-mobile-header-display":"","site-post-title":"disabled","ast-breadcrumbs-content":"","ast-featured-img":"disabled","footer-sml-layout":"","ast-disable-related-posts":"","theme-transparent-header-meta":"","adv-header-id-meta":"","stick-header-meta":"","header-above-stick-meta":"","header-main-stick-meta":"","header-below-stick-meta":"","astra-migrate-meta-layouts":"default","ast-page-background-enabled":"default","ast-page-background-meta":{"desktop":{"background-color":"var(--ast-global-color-4)","background-image":"","background-repeat":"repeat","background-position":"center center","background-size":"auto","background-attachment":"scroll","background-type":"","background-media":"","overlay-type":"","overlay-color":"","overlay-opacity":"","overlay-gradient":""},"tablet":{"background-color":"","background-image":"","background-repeat":"repeat","background-position":"center center","background-size":"auto","background-attachment":"scroll","background-type":"","background-media":"","overlay-type":"","overlay-color":"","overlay-opacity":"","overlay-gradient":""},"mobile":{"background-color":"","background-image":"","background-repeat":"repeat","background-position":"center center","background-size":"auto","background-attachment":"scroll","background-type":"","background-media":"","overlay-type":"","overlay-color":"","overlay-opacity":"","overlay-gradient":""}},"ast-content-background-meta":{"desktop":{"background-color":"var(--ast-global-color-5)","background-image":"","background-repeat":"repeat","background-position":"center center","background-size":"auto","background-attachment":"scroll","background-type":"","background-media":"","overlay-type":"","overlay-color":"","overlay-opacity":"","overlay-gradient":""},"tablet":{"background-color":"var(--ast-global-color-5)","background-image":"","background-repeat":"repeat","background-position":"center center","background-size":"auto","background-attachment":"scroll","background-type":"","background-media":"","overlay-type":"","overlay-color":"","overlay-opacity":"","overlay-gradient":""},"mobile":{"background-color":"var(--ast-global-color-5)","background-image":"","background-repeat":"repeat","background-position":"center center","background-size":"auto","background-attachment":"scroll","background-type":"","background-media":"","overlay-type":"","overlay-color":"","overlay-opacity":"","overlay-gradient":""}},"footnotes":""},"class_list":["post-993","page","type-page","status-publish","hentry"],"rttpg_featured_image_url":null,"rttpg_author":{"display_name":"david","author_link":"https:\/\/educ.rec.br\/portaleducacao\/index.php\/author\/david\/"},"rttpg_comment":0,"rttpg_category":null,"rttpg_excerpt":"MATRIZES CURRICULARES Anos Iniciais Anos Finais ARTE CI\u00caNCIAS HIST\u00d3RIA DO RECIFE L\u00cdNGUA INGLESA EDUCA\u00c7\u00c3O F\u00cdSICA GEOGRAFIA MATEM\u00c1TICA INTRODU\u00c7\u00c3O \u00c1S LEIS DO TRABALHO MAIS > ENSINO RELIGIOSO HIST\u00d3RIA L\u00cdNGUA PORTUGUESA SUSTENTABILIDADE E MUDAN\u00c7AS CLIM\u00c1TICAS 1\u00b0 ANO 2\u00b0 ANO 3\u00b0 ANO 4\u00b0 ANO 5\u00b0 ANO 1\u00b0 Ano 2\u00b0 Ano 3\u00b0 Ano 4\u00b0 Ano 5\u00b0 Ano Arte Ci\u00eancia&hellip;","_links":{"self":[{"href":"https:\/\/educ.rec.br\/portaleducacao\/index.php\/wp-json\/wp\/v2\/pages\/993","targetHints":{"allow":["GET"]}}],"collection":[{"href":"https:\/\/educ.rec.br\/portaleducacao\/index.php\/wp-json\/wp\/v2\/pages"}],"about":[{"href":"https:\/\/educ.rec.br\/portaleducacao\/index.php\/wp-json\/wp\/v2\/types\/page"}],"author":[{"embeddable":true,"href":"https:\/\/educ.rec.br\/portaleducacao\/index.php\/wp-json\/wp\/v2\/users\/1"}],"replies":[{"embeddable":true,"href":"https:\/\/educ.rec.br\/portaleducacao\/index.php\/wp-json\/wp\/v2\/comments?post=993"}],"version-history":[{"count":85,"href":"https:\/\/educ.rec.br\/portaleducacao\/index.php\/wp-json\/wp\/v2\/pages\/993\/revisions"}],"predecessor-version":[{"id":1587,"href":"https:\/\/educ.rec.br\/portaleducacao\/index.php\/wp-json\/wp\/v2\/pages\/993\/revisions\/1587"}],"wp:attachment":[{"href":"https:\/\/educ.rec.br\/portaleducacao\/index.php\/wp-json\/wp\/v2\/media?parent=993"}],"curies":[{"name":"wp","href":"https:\/\/api.w.org\/{rel}","templated":true}]}}